{"id":770836,"date":"2025-08-28T14:44:55","date_gmt":"2025-08-28T11:44:55","guid":{"rendered":"https:\/\/roveyayinevi.com.tr\/index.php\/urun\/kumari-birakmanin-kolay-yolu\/"},"modified":"2026-04-12T03:28:10","modified_gmt":"2026-04-12T00:28:10","slug":"kumari-birakmanin-kolay-yolu","status":"publish","type":"product","link":"https:\/\/roveyayinevi.com.tr\/index.php\/urun\/kumari-birakmanin-kolay-yolu\/","title":{"rendered":"Kumar\u0131 B\u0131rakman\u0131n Kolay Yolu"},"content":{"rendered":"<p>Allen Carr\u2019\u0131n Easyway y\u00f6ntemi, sigaray\u0131 b\u0131rakmak i\u00e7in bug\u00fcne kadar gelistirilmis en etkili y\u00f6ntem olarak bilinmektedir. Basar\u0131s\u0131 sigaray\u0131 b\u0131rakman\u0131n \u00f6tesine ge\u00e7erek alkol t\u00fcketimi, as\u0131r\u0131 yemek yeme ve as\u0131r\u0131 harcama gibi \u00e7esitli sorunlara da etkili bir sekilde uygulanm\u0131st\u0131r. Su anda bu y\u00f6ntem, \u00e7ag\u0131m\u0131z\u0131n h\u0131zla artan sosyal sorunlar\u0131ndan biri olan kumarla m\u00fccadele etmek i\u00e7in de kullan\u0131lmaktad\u0131r. Bu kitapta Allen Carr, bireylerin neden kumar\u0131n cazibesine kap\u0131ld\u0131klar\u0131n\u0131 ve hayatlar\u0131 \u00fczerindeki zararl\u0131 etkisinin fark\u0131nda olmalar\u0131na ragmen kumar oynamaya devam ettiklerini a\u00e7\u0131kl\u0131yor. Carr, kumar tuzag\u0131n\u0131n dogas\u0131n\u0131 a\u00e7\u0131klayarak kumar oynama arzusunu ve bag\u0131ml\u0131l\u0131g\u0131 s\u00fcrd\u00fcren t\u00fcm korkular\u0131 ortadan kald\u0131r\u0131yor. En \u00f6nemlisi, kendinizi bir fedak\u00e2rl\u0131k yapm\u0131s gibi hissetmeyecek ve kumar\u0131 asla \u00f6zlemeyeceksiniz. Hi\u00e7bir sekilde yoksunluk hissetmeden hayattan tam anlam\u0131yla keyif alabileceksiniz. <\/p>\n","protected":false},"excerpt":{"rendered":"<p>Allen Carr\u2019\u0131n Easyway y\u00f6ntemi, sigaray\u0131 b\u0131rakmak i\u00e7in bug\u00fcne kadar gelistirilmis en etkili y\u00f6ntem olarak bilinmektedir. Basar\u0131s\u0131 sigaray\u0131 b\u0131rakman\u0131n \u00f6tesine ge\u00e7erek alkol t\u00fcketimi, as\u0131r\u0131 yemek yeme ve<span class=\"excerpt-hellip\"> [\u2026]<\/span><\/p>\n","protected":false},"featured_media":0,"template":"","meta":{"_monsterinsights_skip_tracking":false,"_monsterinsights_sitenote_active":false,"_monsterinsights_sitenote_note":"","_monsterinsights_sitenote_category":0},"product_brand":[],"product_cat":[12364,12376],"product_tag":[],"class_list":{"0":"post-770836","1":"product","2":"type-product","3":"status-publish","5":"product_cat-genel-konular","6":"product_cat-kisisel-gelisim","7":"pa_cilt-ciltsiz","8":"pa_tur-kitap","9":"pa_yayinevi-butik-yayinlari","10":"pa_yazar-allen-carr","12":"first","13":"instock","14":"sale","15":"shipping-taxable","16":"purchasable","17":"product-type-simple"},"_links":{"self":[{"href":"https:\/\/roveyayinevi.com.tr\/index.php\/wp-json\/wp\/v2\/product\/770836","targetHints":{"allow":["GET"]}}],"collection":[{"href":"https:\/\/roveyayinevi.com.tr\/index.php\/wp-json\/wp\/v2\/product"}],"about":[{"href":"https:\/\/roveyayinevi.com.tr\/index.php\/wp-json\/wp\/v2\/types\/product"}],"wp:attachment":[{"href":"https:\/\/roveyayinevi.com.tr\/index.php\/wp-json\/wp\/v2\/media?parent=770836"}],"wp:term":[{"taxonomy":"product_brand","embeddable":true,"href":"https:\/\/roveyayinevi.com.tr\/index.php\/wp-json\/wp\/v2\/product_brand?post=770836"},{"taxonomy":"product_cat","embeddable":true,"href":"https:\/\/roveyayinevi.com.tr\/index.php\/wp-json\/wp\/v2\/product_cat?post=770836"},{"taxonomy":"product_tag","embeddable":true,"href":"https:\/\/roveyayinevi.com.tr\/index.php\/wp-json\/wp\/v2\/product_tag?post=770836"}],"curies":[{"name":"wp","href":"https:\/\/api.w.org\/{rel}","templated":true}]}}