{"id":770834,"date":"2025-08-28T14:44:52","date_gmt":"2025-08-28T11:44:52","guid":{"rendered":"https:\/\/roveyayinevi.com.tr\/index.php\/urun\/kitabi-ac\/"},"modified":"2026-04-12T03:28:10","modified_gmt":"2026-04-12T00:28:10","slug":"kitabi-ac","status":"publish","type":"product","link":"https:\/\/roveyayinevi.com.tr\/index.php\/urun\/kitabi-ac\/","title":{"rendered":"Kitab\u0131 A\u00e7&#8230;"},"content":{"rendered":"<p>Hayat\u0131n ini\u015f ve \u00e7\u0131k\u0131\u015flar\u0131nda savrulurken, zor ve karma\u015f\u0131k zamanlardan ge\u00e7erken bazen cesaret verici s\u00f6zler duymak yeterli olabilir. Bazense \u00e7ok daha fazlas\u0131na ihtiya\u00e7 duyar\u0131z. \u00c7\u00fcnk\u00fc o s\u0131rada bize gereken teselli s\u00f6zleri de\u011fil \u201cacil yard\u0131m\u201dd\u0131r. Neden Bunu Bana Daha \u00d6nce Kimse S\u00f6ylemedi? kitab\u0131 milyonlarca sat\u0131\u015f adedine ula\u015fan Dr. Julie Smith bu kitapla i\u015fte bu hayat kurtar\u0131c\u0131 acil yard\u0131m\u0131 sunuyor bize. Kalpten kalbe yaz\u0131lm\u0131\u015f bir mektupla ba\u015flayan her b\u00f6l\u00fcmde i\u00e7inde bulundu\u011fumuz durumu iyile\u015ftirmek i\u00e7in i\u00e7g\u00f6r\u00fc ve bilgeli\u011fi hem \u00e7ok pratik hem de basit uygulamalarla harmanl\u0131yor. Her \u015feyi a\u015f\u0131r\u0131 d\u00fc\u015f\u00fcn\u00fcyorsan\u0131z, stres sizi yutuyorsa, korkuya teslim olduysan\u0131z, hay\u0131r demekte zorlan\u0131yorsan\u0131z, dostluklar\u0131n\u0131z\u0131 sorguluyorsan\u0131z, \u00f6nemli kararlar\u0131n e\u015fi\u011findeyseniz yaln\u0131z de\u011filsiniz\u2026 Ve ihtiyac\u0131n\u0131z olan rehberi elinizde tutuyorsunuz.   Ac\u0131 ya da kafa kar\u0131\u015f\u0131kl\u0131\u011f\u0131 ya\u015fad\u0131\u011f\u0131m\u0131z anlarda, \u00e7o\u011fumuz i\u00e7imizde duymam\u0131z gereken sesi bulmakta zorlan\u0131r\u0131z. Bu, bizde bir sorun oldu\u011fundan de\u011fil, hepimizin hayat yolculu\u011funda \u00f6\u011frenmeye devam ediyor olmas\u0131ndand\u0131r. \u0130\u015fte bu kitap tam da bu nedenle herkes i\u00e7in: yuvadan u\u00e7up kendi hayatlar\u0131n\u0131 kuran \u00e7ocuklar\u0131m\u0131z i\u00e7in, uzakta ya\u015fayan dostlar\u0131m\u0131z i\u00e7in, ne s\u00f6yleyece\u011fimizi bilemedi\u011fimizde ailemiz i\u00e7in ve bir \u00e7\u0131k\u0131\u015f yolu arad\u0131\u011f\u0131m\u0131zda kendimiz i\u00e7in. <\/p>\n","protected":false},"excerpt":{"rendered":"<p>Hayat\u0131n ini\u015f ve \u00e7\u0131k\u0131\u015flar\u0131nda savrulurken, zor ve karma\u015f\u0131k zamanlardan ge\u00e7erken bazen cesaret verici s\u00f6zler duymak yeterli olabilir. Bazense \u00e7ok daha fazlas\u0131na ihtiya\u00e7 duyar\u0131z. \u00c7\u00fcnk\u00fc o s\u0131rada<span class=\"excerpt-hellip\"> [\u2026]<\/span><\/p>\n","protected":false},"featured_media":0,"template":"","meta":{"_monsterinsights_skip_tracking":false,"_monsterinsights_sitenote_active":false,"_monsterinsights_sitenote_note":"","_monsterinsights_sitenote_category":0},"product_brand":[],"product_cat":[12364,12376],"product_tag":[],"class_list":{"0":"post-770834","1":"product","2":"type-product","3":"status-publish","5":"product_cat-genel-konular","6":"product_cat-kisisel-gelisim","7":"pa_cilt-ciltsiz","8":"pa_tur-kitap","9":"pa_yayinevi-butik-yayinlari","10":"pa_yazar-julie-smith","12":"first","13":"instock","14":"sale","15":"shipping-taxable","16":"purchasable","17":"product-type-simple"},"_links":{"self":[{"href":"https:\/\/roveyayinevi.com.tr\/index.php\/wp-json\/wp\/v2\/product\/770834","targetHints":{"allow":["GET"]}}],"collection":[{"href":"https:\/\/roveyayinevi.com.tr\/index.php\/wp-json\/wp\/v2\/product"}],"about":[{"href":"https:\/\/roveyayinevi.com.tr\/index.php\/wp-json\/wp\/v2\/types\/product"}],"wp:attachment":[{"href":"https:\/\/roveyayinevi.com.tr\/index.php\/wp-json\/wp\/v2\/media?parent=770834"}],"wp:term":[{"taxonomy":"product_brand","embeddable":true,"href":"https:\/\/roveyayinevi.com.tr\/index.php\/wp-json\/wp\/v2\/product_brand?post=770834"},{"taxonomy":"product_cat","embeddable":true,"href":"https:\/\/roveyayinevi.com.tr\/index.php\/wp-json\/wp\/v2\/product_cat?post=770834"},{"taxonomy":"product_tag","embeddable":true,"href":"https:\/\/roveyayinevi.com.tr\/index.php\/wp-json\/wp\/v2\/product_tag?post=770834"}],"curies":[{"name":"wp","href":"https:\/\/api.w.org\/{rel}","templated":true}]}}