{"id":770832,"date":"2025-08-28T14:44:48","date_gmt":"2025-08-28T11:44:48","guid":{"rendered":"https:\/\/roveyayinevi.com.tr\/index.php\/urun\/hafiza-bakimi\/"},"modified":"2026-04-15T03:37:12","modified_gmt":"2026-04-15T00:37:12","slug":"hafiza-bakimi","status":"publish","type":"product","link":"https:\/\/roveyayinevi.com.tr\/index.php\/urun\/hafiza-bakimi\/","title":{"rendered":"Haf\u0131za Bak\u0131m\u0131"},"content":{"rendered":"<p>\u201cT\u00fcm an\u0131lar\u0131n\u0131z\u0131 art\u0131k biz y\u00f6netece\u011fiz.\u201d Yak\u0131n gelecekte, s\u00fcrekli \u00e7at\u0131\u015fma ve \u00e7eki\u015fmelerden yorulmu\u015f bir \u015fehir, karanl\u0131k ge\u00e7mi\u015finden ka\u00e7mak i\u00e7in vatanda\u015flar\u0131n\u0131n travmalar\u0131n\u0131 yapay bir \u015fekilde yok eden \u00f6zel bir haf\u0131za y\u00f6netim sistemi olan \u201cHaf\u0131za Bak\u0131m\u0131\u2019n\u0131 hayata ge\u00e7irir. B\u00f6ylece an\u0131lar\u0131n manip\u00fcle edildi\u011fi ve vefat eden sevdiklerine dair t\u00fcm hat\u0131ralar\u0131n an\u0131nda silindi\u011fi bir distopya ortaya \u00e7\u0131kar. Ancak Bom, bu d\u00fcnyan\u0131n en temel kural\u0131n\u0131 \u2014vefat eden birinin an\u0131s\u0131n\u0131 saklamama kural\u0131n\u0131\u2014 ihlal etti\u011finde, bir zamanlar huzurlu olan hayat\u0131 \u00e7\u00f6z\u00fclmeye ba\u015flar. Bom, dedesinin an\u0131lar\u0131n\u0131 saklama ayr\u0131cal\u0131\u011f\u0131 kar\u015f\u0131l\u0131\u011f\u0131nda Haf\u0131za Bak\u0131m\u0131 \u00fcr\u00fcnlerini \u00fcreten ila\u00e7 \u015firketinin pazarlama ekibine kat\u0131l\u0131nca sistemin k\u0131rk y\u0131ld\u0131r g\u00f6m\u00fcl\u00fc tuttu\u011fu s\u0131rlar tek tek g\u00fcn y\u00fcz\u00fcne \u00e7\u0131kmaya ba\u015flar. Bora Jin\u2019in kaleminden haf\u0131zan\u0131n ve unutu\u015fun do\u011fas\u0131na dair \u00e7arp\u0131c\u0131 bir distopya&#8230;<\/p>\n","protected":false},"excerpt":{"rendered":"<p>\u201cT\u00fcm an\u0131lar\u0131n\u0131z\u0131 art\u0131k biz y\u00f6netece\u011fiz.\u201d Yak\u0131n gelecekte, s\u00fcrekli \u00e7at\u0131\u015fma ve \u00e7eki\u015fmelerden yorulmu\u015f bir \u015fehir, karanl\u0131k ge\u00e7mi\u015finden ka\u00e7mak i\u00e7in vatanda\u015flar\u0131n\u0131n travmalar\u0131n\u0131 yapay bir \u015fekilde yok eden \u00f6zel<span class=\"excerpt-hellip\"> [\u2026]<\/span><\/p>\n","protected":false},"featured_media":0,"template":"","meta":{"_monsterinsights_skip_tracking":false,"_monsterinsights_sitenote_active":false,"_monsterinsights_sitenote_note":"","_monsterinsights_sitenote_category":0},"product_brand":[],"product_cat":[12540,12291],"product_tag":[],"class_list":{"0":"post-770832","1":"product","2":"type-product","3":"status-publish","5":"product_cat-bilim-kurgu","6":"product_cat-edebiyat","7":"pa_cilt-ciltsiz","8":"pa_tur-kitap","9":"pa_yayinevi-yuzu-kitap","10":"pa_yazar-bora-jin","12":"first","13":"instock","14":"sale","15":"shipping-taxable","16":"purchasable","17":"product-type-simple"},"_links":{"self":[{"href":"https:\/\/roveyayinevi.com.tr\/index.php\/wp-json\/wp\/v2\/product\/770832","targetHints":{"allow":["GET"]}}],"collection":[{"href":"https:\/\/roveyayinevi.com.tr\/index.php\/wp-json\/wp\/v2\/product"}],"about":[{"href":"https:\/\/roveyayinevi.com.tr\/index.php\/wp-json\/wp\/v2\/types\/product"}],"wp:attachment":[{"href":"https:\/\/roveyayinevi.com.tr\/index.php\/wp-json\/wp\/v2\/media?parent=770832"}],"wp:term":[{"taxonomy":"product_brand","embeddable":true,"href":"https:\/\/roveyayinevi.com.tr\/index.php\/wp-json\/wp\/v2\/product_brand?post=770832"},{"taxonomy":"product_cat","embeddable":true,"href":"https:\/\/roveyayinevi.com.tr\/index.php\/wp-json\/wp\/v2\/product_cat?post=770832"},{"taxonomy":"product_tag","embeddable":true,"href":"https:\/\/roveyayinevi.com.tr\/index.php\/wp-json\/wp\/v2\/product_tag?post=770832"}],"curies":[{"name":"wp","href":"https:\/\/api.w.org\/{rel}","templated":true}]}}