{"id":770827,"date":"2025-08-28T14:44:29","date_gmt":"2025-08-28T11:44:29","guid":{"rendered":"https:\/\/roveyayinevi.com.tr\/index.php\/urun\/adasiz-deniz\/"},"modified":"2026-04-15T03:37:12","modified_gmt":"2026-04-15T00:37:12","slug":"adasiz-deniz","status":"publish","type":"product","link":"https:\/\/roveyayinevi.com.tr\/index.php\/urun\/adasiz-deniz\/","title":{"rendered":"Adas\u0131z Deniz"},"content":{"rendered":"<p>Edebiyat\u0131m\u0131za yepyeni bak\u0131\u015f a\u00e7\u0131lar\u0131 getiren Faruk Duman, Adas\u0131z Deniz\u2019de, kendine \u00f6zg\u00fc diliyle yaratt\u0131\u011f\u0131 anlat\u0131 d\u00fcnyas\u0131na denemenin penceresinden bakmam\u0131z\u0131 sa\u011fl\u0131yor. Okurlu\u011funun ufuklar\u0131n\u0131 g\u00f6steriyor, yazarl\u0131\u011f\u0131n\u0131n derinliklerini ortaya koyuyor.   Faruk Duman\u2019\u0131n i\u00e7tenlikle kaleme al\u0131nm\u0131\u015f konu\u015fma, payla\u015fma, dertle\u015fme kitab\u0131 Adas\u0131z Deniz.   Ben, okuduk\u00e7a daha az konu\u015fur oldum, fark\u0131nday\u0131m bunun. Bir yerde yazar \u015f\u00f6yle bir \u015fey s\u00f6yl\u00fcyordu: \u015eairler, ilkel dile yakla\u015fmaya \u00e7al\u0131\u015f\u0131rlar. B\u00f6yledir, s\u00f6z\u00fc azaltmaya \u00e7al\u0131\u015f\u0131r \u015fair, ama ba\u015fka t\u00fcrl\u00fc bir sessizlik de\u011fil midir onunki? Sanki uzaklara gitmi\u015f de geri d\u00f6nmektedir. <\/p>\n","protected":false},"excerpt":{"rendered":"<p>Edebiyat\u0131m\u0131za yepyeni bak\u0131\u015f a\u00e7\u0131lar\u0131 getiren Faruk Duman, Adas\u0131z Deniz\u2019de, kendine \u00f6zg\u00fc diliyle yaratt\u0131\u011f\u0131 anlat\u0131 d\u00fcnyas\u0131na denemenin penceresinden bakmam\u0131z\u0131 sa\u011fl\u0131yor. Okurlu\u011funun ufuklar\u0131n\u0131 g\u00f6steriyor, yazarl\u0131\u011f\u0131n\u0131n derinliklerini ortaya koyuyor.<span class=\"excerpt-hellip\"> [\u2026]<\/span><\/p>\n","protected":false},"featured_media":0,"template":"","meta":{"_monsterinsights_skip_tracking":false,"_monsterinsights_sitenote_active":false,"_monsterinsights_sitenote_note":"","_monsterinsights_sitenote_category":0},"product_brand":[],"product_cat":[12777,12291],"product_tag":[],"class_list":{"0":"post-770827","1":"product","2":"type-product","3":"status-publish","5":"product_cat-deneme","6":"product_cat-edebiyat","7":"pa_cilt-ciltsiz","8":"pa_tur-kitap","9":"pa_yayinevi-yapi-kredi-yayinlari","10":"pa_yazar-faruk-duman","12":"first","13":"instock","14":"sale","15":"shipping-taxable","16":"purchasable","17":"product-type-simple"},"_links":{"self":[{"href":"https:\/\/roveyayinevi.com.tr\/index.php\/wp-json\/wp\/v2\/product\/770827","targetHints":{"allow":["GET"]}}],"collection":[{"href":"https:\/\/roveyayinevi.com.tr\/index.php\/wp-json\/wp\/v2\/product"}],"about":[{"href":"https:\/\/roveyayinevi.com.tr\/index.php\/wp-json\/wp\/v2\/types\/product"}],"wp:attachment":[{"href":"https:\/\/roveyayinevi.com.tr\/index.php\/wp-json\/wp\/v2\/media?parent=770827"}],"wp:term":[{"taxonomy":"product_brand","embeddable":true,"href":"https:\/\/roveyayinevi.com.tr\/index.php\/wp-json\/wp\/v2\/product_brand?post=770827"},{"taxonomy":"product_cat","embeddable":true,"href":"https:\/\/roveyayinevi.com.tr\/index.php\/wp-json\/wp\/v2\/product_cat?post=770827"},{"taxonomy":"product_tag","embeddable":true,"href":"https:\/\/roveyayinevi.com.tr\/index.php\/wp-json\/wp\/v2\/product_tag?post=770827"}],"curies":[{"name":"wp","href":"https:\/\/api.w.org\/{rel}","templated":true}]}}