{"id":770823,"date":"2025-08-28T14:44:22","date_gmt":"2025-08-28T11:44:22","guid":{"rendered":"https:\/\/roveyayinevi.com.tr\/index.php\/urun\/karantina-3\/"},"modified":"2026-04-15T03:37:12","modified_gmt":"2026-04-15T00:37:12","slug":"karantina-3","status":"publish","type":"product","link":"https:\/\/roveyayinevi.com.tr\/index.php\/urun\/karantina-3\/","title":{"rendered":"Karantina"},"content":{"rendered":"<p>Bir ko\u011fu\u015f, bir sistem, bir toplum\u2026 Varl\u0131\u011f\u0131 bile kabul edilmeyen, d\u0131\u015flanm\u0131\u015f, \u201cmisafir\u201d olarak etiketlenen insanlar&#8230; Karantina, yaln\u0131zca fiziksel bir hapsin \u00f6tesine ge\u00e7iyor. Yazar, insan\u0131n varolu\u015fsal yaln\u0131zl\u0131\u011f\u0131n\u0131 ve toplumsal yap\u0131n\u0131n ezici g\u00fcc\u00fcn\u00fc, bir hastane ko\u011fu\u015funda karantinaya al\u0131nan bireylerin \u00fczerinden sorguluyor. \u0130\u00e7sel bir zindan\u0131n derinliklerine inmeyi ba\u015faran bu eser, toplumsal d\u0131\u015flanm\u0131\u015fl\u0131\u011f\u0131n, \u00e7aresizli\u011fin ve direni\u015fin \u00f6yk\u00fcs\u00fcn\u00fc \u00e7arp\u0131c\u0131 bir \u015fekilde sunuyor. Hastal\u0131klar, ac\u0131lar ve k\u0131s\u0131tlamalar aras\u0131nda hayatta kalmaya \u00e7al\u0131\u015fan bir grup insan, ancak bir araya geldiklerinde her \u015feyi de\u011fi\u015ftirebilecek kadar g\u00fc\u00e7l\u00fc bir az\u0131nl\u0131k&#8230; Her biri kendi varl\u0131\u011f\u0131n\u0131 kan\u0131tlama m\u00fccadelesi verirken, sistemin bask\u0131lar\u0131 kar\u015f\u0131s\u0131nda i\u00e7sel bir isyan\u0131n tohumlar\u0131n\u0131 ta\u015f\u0131yor. Peki, bu \u201cmisafirler\u201d ger\u00e7ekten isyan edebilecek mi, yoksa kaybolup gidecekler mi? Karantina, toplumsal yap\u0131ya dair derin bir ele\u015ftiriyi, insan\u0131n i\u00e7sel direni\u015fi ve isyan aray\u0131\u015f\u0131n\u0131 ke\u015ffederek sunuyor. Her bir karakterin ya\u015fad\u0131\u011f\u0131 zorluklar, varl\u0131klar\u0131n\u0131n sorguland\u0131\u011f\u0131 bir d\u00fcnyada insan olman\u0131n anlam\u0131n\u0131 arayan bir yolculu\u011fa \u00e7\u0131kar\u0131yor. Her bir karakter, derin bir hik\u00e2yenin par\u00e7as\u0131 ve her hik\u00e2ye, bir isyan\u0131n ba\u015flang\u0131c\u0131na d\u00f6n\u00fc\u015fme potansiyeli ta\u015f\u0131yor.  Bu kitap, yaln\u0131zca bir toplum ele\u015ftirisi olmakla kalm\u0131yor, ayn\u0131 zamanda bir varolu\u015f m\u00fccadelesinin, umudun ve direni\u015fin unutulmaz bir portresini olu\u015fturuyor. <\/p>\n","protected":false},"excerpt":{"rendered":"<p>Bir ko\u011fu\u015f, bir sistem, bir toplum\u2026 Varl\u0131\u011f\u0131 bile kabul edilmeyen, d\u0131\u015flanm\u0131\u015f, \u201cmisafir\u201d olarak etiketlenen insanlar&#8230; Karantina, yaln\u0131zca fiziksel bir hapsin \u00f6tesine ge\u00e7iyor. Yazar, insan\u0131n varolu\u015fsal yaln\u0131zl\u0131\u011f\u0131n\u0131<span class=\"excerpt-hellip\"> [\u2026]<\/span><\/p>\n","protected":false},"featured_media":0,"template":"","meta":{"_monsterinsights_skip_tracking":false,"_monsterinsights_sitenote_active":false,"_monsterinsights_sitenote_note":"","_monsterinsights_sitenote_category":0},"product_brand":[],"product_cat":[12291,12711],"product_tag":[],"class_list":{"0":"post-770823","1":"product","2":"type-product","3":"status-publish","5":"product_cat-edebiyat","6":"product_cat-roman-oyku","7":"pa_cilt-ciltsiz","8":"pa_tur-kitap","9":"pa_yayinevi-kirk-yayinevi","10":"pa_yazar-dilara-aksongur","12":"first","13":"instock","14":"sale","15":"shipping-taxable","16":"purchasable","17":"product-type-simple"},"_links":{"self":[{"href":"https:\/\/roveyayinevi.com.tr\/index.php\/wp-json\/wp\/v2\/product\/770823","targetHints":{"allow":["GET"]}}],"collection":[{"href":"https:\/\/roveyayinevi.com.tr\/index.php\/wp-json\/wp\/v2\/product"}],"about":[{"href":"https:\/\/roveyayinevi.com.tr\/index.php\/wp-json\/wp\/v2\/types\/product"}],"wp:attachment":[{"href":"https:\/\/roveyayinevi.com.tr\/index.php\/wp-json\/wp\/v2\/media?parent=770823"}],"wp:term":[{"taxonomy":"product_brand","embeddable":true,"href":"https:\/\/roveyayinevi.com.tr\/index.php\/wp-json\/wp\/v2\/product_brand?post=770823"},{"taxonomy":"product_cat","embeddable":true,"href":"https:\/\/roveyayinevi.com.tr\/index.php\/wp-json\/wp\/v2\/product_cat?post=770823"},{"taxonomy":"product_tag","embeddable":true,"href":"https:\/\/roveyayinevi.com.tr\/index.php\/wp-json\/wp\/v2\/product_tag?post=770823"}],"curies":[{"name":"wp","href":"https:\/\/api.w.org\/{rel}","templated":true}]}}