{"id":770821,"date":"2025-08-28T14:44:19","date_gmt":"2025-08-28T11:44:19","guid":{"rendered":"https:\/\/roveyayinevi.com.tr\/index.php\/urun\/islam-iktisadi-temelinde-faizsiz-ekonomik-yapi-devlet-katkisi-vergi-tesvikleri\/"},"modified":"2026-04-15T03:37:12","modified_gmt":"2026-04-15T00:37:12","slug":"islam-iktisadi-temelinde-faizsiz-ekonomik-yapi-devlet-katkisi-vergi-tesvikleri","status":"publish","type":"product","link":"https:\/\/roveyayinevi.com.tr\/index.php\/urun\/islam-iktisadi-temelinde-faizsiz-ekonomik-yapi-devlet-katkisi-vergi-tesvikleri\/","title":{"rendered":"\u0130slam \u0130ktisad\u0131 Temelinde Faizsiz Ekonomik Yap\u0131 ( Devlet Katk\u0131s\u0131 \u2013 Vergi Te\u015fvikleri )"},"content":{"rendered":"<p>\u0130\u00e7indekiler :     B\u0130R\u0130NC\u0130 B\u00d6L\u00dcM \u0130KT\u0130SADIN DO\u011eU\u015eU, \u0130SLAM \u0130KT\u0130SADININ TAR\u0130H\u0130 GEL\u0130\u015e\u0130M\u0130, TEMEL ESASLARI, F\u0130NANS Y\u00d6NTEMLER\u0130   \u0130K\u0130NC\u0130 B\u00d6L\u00dcM MAL\u0130YE POL\u0130T\u0130KALARI, EKONOM\u0130K S\u00dcRE\u00c7LER \u00dcZER\u0130NDE ETK\u0130LER\u0130 ve \u0130SLAM\u0130 F\u0130NANSAL ARA\u00c7LARIN ETK\u0130NL\u0130\u011e\u0130N\u0130N ARTTIRILMASI BAKIMINDAN \u00dcLKE \u00d6RNEKLER\u0130   \u00dc\u00c7\u00dcNC\u00dc B\u00d6L\u00dcM \u0130SLAM \u0130KT\u0130SADI F\u0130NANS Y\u00d6NTEMLER\u0130 ETK\u0130NL\u0130\u011e\u0130N\u0130N ARTTIRILAB\u0130LMES\u0130 BAKIMINDAN SEKT\u00d6R TEMS\u0130LC\u0130LER\u0130N\u0130N G\u00d6R\u00dc\u015eLER\u0130 ve ANAL\u0130Z\u0130   D\u00d6RD\u00dcNC\u00dc B\u00d6L\u00dcM DE\u011eERLEND\u0130RME <\/p>\n","protected":false},"excerpt":{"rendered":"<p>\u0130\u00e7indekiler : B\u0130R\u0130NC\u0130 B\u00d6L\u00dcM \u0130KT\u0130SADIN DO\u011eU\u015eU, \u0130SLAM \u0130KT\u0130SADININ TAR\u0130H\u0130 GEL\u0130\u015e\u0130M\u0130, TEMEL ESASLARI, F\u0130NANS Y\u00d6NTEMLER\u0130 \u0130K\u0130NC\u0130 B\u00d6L\u00dcM MAL\u0130YE POL\u0130T\u0130KALARI, EKONOM\u0130K S\u00dcRE\u00c7LER \u00dcZER\u0130NDE ETK\u0130LER\u0130 ve \u0130SLAM\u0130 F\u0130NANSAL ARA\u00c7LARIN<span class=\"excerpt-hellip\"> [\u2026]<\/span><\/p>\n","protected":false},"featured_media":0,"template":"","meta":{"_monsterinsights_skip_tracking":false,"_monsterinsights_sitenote_active":false,"_monsterinsights_sitenote_note":"","_monsterinsights_sitenote_category":0},"product_brand":[],"product_cat":[13043],"product_tag":[],"class_list":{"0":"post-770821","1":"product","2":"type-product","3":"status-publish","5":"product_cat-ekonomi","6":"pa_cilt-ciltsiz","7":"pa_tur-kitap","8":"pa_yayinevi-gazi-kitabevi","9":"pa_yazar-omer-donmez","11":"first","12":"instock","13":"sale","14":"shipping-taxable","15":"purchasable","16":"product-type-simple"},"_links":{"self":[{"href":"https:\/\/roveyayinevi.com.tr\/index.php\/wp-json\/wp\/v2\/product\/770821","targetHints":{"allow":["GET"]}}],"collection":[{"href":"https:\/\/roveyayinevi.com.tr\/index.php\/wp-json\/wp\/v2\/product"}],"about":[{"href":"https:\/\/roveyayinevi.com.tr\/index.php\/wp-json\/wp\/v2\/types\/product"}],"wp:attachment":[{"href":"https:\/\/roveyayinevi.com.tr\/index.php\/wp-json\/wp\/v2\/media?parent=770821"}],"wp:term":[{"taxonomy":"product_brand","embeddable":true,"href":"https:\/\/roveyayinevi.com.tr\/index.php\/wp-json\/wp\/v2\/product_brand?post=770821"},{"taxonomy":"product_cat","embeddable":true,"href":"https:\/\/roveyayinevi.com.tr\/index.php\/wp-json\/wp\/v2\/product_cat?post=770821"},{"taxonomy":"product_tag","embeddable":true,"href":"https:\/\/roveyayinevi.com.tr\/index.php\/wp-json\/wp\/v2\/product_tag?post=770821"}],"curies":[{"name":"wp","href":"https:\/\/api.w.org\/{rel}","templated":true}]}}