{"id":770819,"date":"2025-08-28T14:44:15","date_gmt":"2025-08-28T11:44:15","guid":{"rendered":"https:\/\/roveyayinevi.com.tr\/index.php\/urun\/bir-ruhun-yarisi\/"},"modified":"2026-04-15T03:37:12","modified_gmt":"2026-04-15T00:37:12","slug":"bir-ruhun-yarisi","status":"publish","type":"product","link":"https:\/\/roveyayinevi.com.tr\/index.php\/urun\/bir-ruhun-yarisi\/","title":{"rendered":"Bir Ruhun Yar\u0131s\u0131"},"content":{"rendered":"<p>Theodora Ettings, ruhunun yar\u0131s\u0131 bir peri taraf\u0131ndan lanetlendi\u011finden beri ne utan\u00e7 ne de toplumun hassas kurallar\u0131na ayak uydurmak konusunda endi\u015fe duyabiliyordu. Londra\u2019n\u0131n g\u00f6zal\u0131c\u0131 balo salonlar\u0131nda sosyeteye henu\u0308z resmen tan\u0131t\u0131lmam\u0131\u015f, tuhaf bir gen\u00e7 kad\u0131n olarak kendine ait olmayan bir du\u0308nyada yer edinmeye \u00e7al\u0131\u015f\u0131yordu yaln\u0131zca.Ancak kader, onu Londra\u2019n\u0131n popu\u0308ler ve huysuz bu\u0308yu\u0308cu\u0308su\u0308 Elias Wilder ile kar\u015f\u0131la\u015ft\u0131rd\u0131\u011f\u0131nda her \u015fey de\u011fi\u015fecekti. Elias, Londra\u2019y\u0131 kas\u0131p kavuran esrarengiz ve \u00f6lu\u0308mcu\u0308l bir bu\u0308yu\u0308 salg\u0131n\u0131n\u0131n s\u0131rr\u0131n\u0131 \u00e7\u00f6zmeye \u00e7al\u0131\u015f\u0131yordu. Elias\u2019la birlikte bu karanl\u0131k gizemin izini su\u0308ren Dora, hem itibar\u0131n\u0131 hem de hayat\u0131n\u0131 tehlikeye atacakt\u0131. Dora\u2019n\u0131n u\u0308zerindeki lanet ve toplumun d\u0131\u015flad\u0131\u011f\u0131 bu adamla kurdu\u011fu yak\u0131nl\u0131k, onun zaten sallant\u0131da olan itibar\u0131n\u0131 tamamen yok edebilirdi. Ama belki de bu s\u0131rad\u0131\u015f\u0131 ba\u011f, Dora\u2019n\u0131n yitirdi\u011fini sand\u0131\u011f\u0131 ruhunu yeniden ke\u015ffetmesinin tek yolu olacakt\u0131. Ruhunun yar\u0131s\u0131 eksikse bile \u00e2\u015f\u0131k olabilir miydi insan?\u201cEnfes bir roman. Bir Ruhun Yar\u0131s\u0131, tam anlam\u0131yla i\u00e7inizi \u0131s\u0131tacak.\u201d\u2015HANNAH WHITTEN\u201cBu\u0308yu\u0308leyici ama ayn\u0131 zamanda ayaklar\u0131 yere basan, tatl\u0131 ama bir o kadar da sade bir roman. Bay\u0131ld\u0131m.\u201d\u2015ALIX E. HARROW\u201cBu\u0308yu\u0308k bir keyifle, bir \u00e7\u0131rp\u0131da okudu\u011fum bir kitap oldu.\u201d\u2015KJ CHARLES\u201cBu sevimli ve hayalperest romantik fantezi sizi \u00e2deta etkisi alt\u0131na al\u0131yor.\u201d\u2015MEGAN BANNEN\u201cZekice kurgulanm\u0131\u015f ve ezberbozan Bir Ruhun Yar\u0131s\u0131; yaln\u0131zca kalbinizi de\u011fil, i\u00e7inizde kalan son u\u0308mit k\u0131r\u0131nt\u0131lar\u0131n\u0131 da ate\u015fe verecek.\u201d\u2015SHELLEY PARKER-CHAN\u201cKusursuz bir tarihi fantazya; s\u0131cac\u0131k, \u00e2deta bu\u0308yu\u0308lu\u0308, tehlikeli ve nefis.\u201d\u2015TASHA SURI<\/p>\n","protected":false},"excerpt":{"rendered":"<p>Theodora Ettings, ruhunun yar\u0131s\u0131 bir peri taraf\u0131ndan lanetlendi\u011finden beri ne utan\u00e7 ne de toplumun hassas kurallar\u0131na ayak uydurmak konusunda endi\u015fe duyabiliyordu. Londra\u2019n\u0131n g\u00f6zal\u0131c\u0131 balo salonlar\u0131nda sosyeteye<span class=\"excerpt-hellip\"> [\u2026]<\/span><\/p>\n","protected":false},"featured_media":0,"template":"","meta":{"_monsterinsights_skip_tracking":false,"_monsterinsights_sitenote_active":false,"_monsterinsights_sitenote_note":"","_monsterinsights_sitenote_category":0},"product_brand":[],"product_cat":[12291,14777],"product_tag":[],"class_list":{"0":"post-770819","1":"product","2":"type-product","3":"status-publish","5":"product_cat-edebiyat","6":"product_cat-fantastik","7":"pa_cilt-ciltsiz","8":"pa_tur-kitap","9":"pa_yayinevi-yabanci-yayinevi","10":"pa_yazar-olivia-atwater","12":"first","13":"instock","14":"sale","15":"shipping-taxable","16":"purchasable","17":"product-type-simple"},"_links":{"self":[{"href":"https:\/\/roveyayinevi.com.tr\/index.php\/wp-json\/wp\/v2\/product\/770819","targetHints":{"allow":["GET"]}}],"collection":[{"href":"https:\/\/roveyayinevi.com.tr\/index.php\/wp-json\/wp\/v2\/product"}],"about":[{"href":"https:\/\/roveyayinevi.com.tr\/index.php\/wp-json\/wp\/v2\/types\/product"}],"wp:attachment":[{"href":"https:\/\/roveyayinevi.com.tr\/index.php\/wp-json\/wp\/v2\/media?parent=770819"}],"wp:term":[{"taxonomy":"product_brand","embeddable":true,"href":"https:\/\/roveyayinevi.com.tr\/index.php\/wp-json\/wp\/v2\/product_brand?post=770819"},{"taxonomy":"product_cat","embeddable":true,"href":"https:\/\/roveyayinevi.com.tr\/index.php\/wp-json\/wp\/v2\/product_cat?post=770819"},{"taxonomy":"product_tag","embeddable":true,"href":"https:\/\/roveyayinevi.com.tr\/index.php\/wp-json\/wp\/v2\/product_tag?post=770819"}],"curies":[{"name":"wp","href":"https:\/\/api.w.org\/{rel}","templated":true}]}}