{"id":770817,"date":"2025-08-28T14:44:12","date_gmt":"2025-08-28T11:44:12","guid":{"rendered":"https:\/\/roveyayinevi.com.tr\/index.php\/urun\/erbasin-diyaneti\/"},"modified":"2026-04-15T03:37:12","modified_gmt":"2026-04-15T00:37:12","slug":"erbasin-diyaneti","status":"publish","type":"product","link":"https:\/\/roveyayinevi.com.tr\/index.php\/urun\/erbasin-diyaneti\/","title":{"rendered":"Erba\u015f\u2019\u0131n Diyaneti"},"content":{"rendered":"<p>\u201cT\u00fcrkiye\u2019nin daha iyi bir gelece\u011fe eri\u015fmesi i\u00e7in de\u011fi\u015fmesi gereken \u015feylerin ba\u015f\u0131nda belki de Diyanet\u2019in mevcut durumu geliyor. Ele\u015ftirel ve h\u00fcr akl\u0131 bask\u0131 ve kontrol alt\u0131na almak isteyen yap\u0131lara kar\u015f\u0131 Diyanet, kurulu\u015f amac\u0131na geri d\u00f6nmeli. Laikli\u011fi g\u00fcvence alt\u0131na alan anayasa i\u00e7indeki g\u00f6revini yeniden \u00fcstlenmeli ve laikli\u011fin yerle\u015fmesi i\u00e7in \u00e7al\u0131\u015fmal\u0131. Siyasetle ba\u011f\u0131n\u0131 koparmal\u0131, yaln\u0131zca do\u011fru dini bilgi i\u00e7in \u00e7al\u0131\u015fmal\u0131. \u0130ktidara, daha do\u011frusu devlete paralel g\u00fc\u00e7 olu\u015fturan \u0130slam d\u0131\u015f\u0131 yap\u0131lar ile m\u00fccadelede \u00f6nc\u00fcl\u00fc\u011f\u00fc Diyanet \u00fcstlenmeli. Biliyoruz ki umutsuz durumlar de\u011fil, umutsuz insanlar vard\u0131r. Bir d\u00f6neme \u0131\u015f\u0131k tutmaya \u00e7al\u0131\u015ft\u0131\u011f\u0131m\u0131z bu kitap, umutsuzlu\u011fa neden olmas\u0131 i\u00e7in de\u011fil, m\u00fccadele etmenin neden \u00f6nemli oldu\u011funu g\u00f6stermesi i\u00e7in kaleme al\u0131nd\u0131. Son olarak; 1993\u2019te katledilen meslek b\u00fcy\u00fc\u011f\u00fcm\u00fcz, usta gazeteci U\u011fur Mumcu\u2019nun \u015fu s\u00f6z\u00fcn\u00fc hat\u0131rlatmay\u0131 bor\u00e7 biliyoruz: \u2018Hangi iktidar din s\u00f6m\u00fcr\u00fcs\u00fcne dayanm\u0131\u015f, mutlaka y\u0131k\u0131lm\u0131\u015ft\u0131r.\u2019\u201d <\/p>\n","protected":false},"excerpt":{"rendered":"<p>\u201cT\u00fcrkiye\u2019nin daha iyi bir gelece\u011fe eri\u015fmesi i\u00e7in de\u011fi\u015fmesi gereken \u015feylerin ba\u015f\u0131nda belki de Diyanet\u2019in mevcut durumu geliyor. Ele\u015ftirel ve h\u00fcr akl\u0131 bask\u0131 ve kontrol alt\u0131na almak<span class=\"excerpt-hellip\"> [\u2026]<\/span><\/p>\n","protected":false},"featured_media":0,"template":"","meta":{"_monsterinsights_skip_tracking":false,"_monsterinsights_sitenote_active":false,"_monsterinsights_sitenote_note":"","_monsterinsights_sitenote_category":0},"product_brand":[],"product_cat":[13590,12337],"product_tag":[],"class_list":{"0":"post-770817","1":"product","2":"type-product","3":"status-publish","5":"product_cat-arastirma-inceleme-politika-siyaset","6":"product_cat-politika-siyaset","7":"pa_cilt-ciltsiz","8":"pa_tur-kitap","9":"pa_yayinevi-kirmizi-kedi-yayinevi","10":"pa_yazar-mustafa-mert-bildircin-sefa-uygur","12":"first","13":"instock","14":"sale","15":"shipping-taxable","16":"purchasable","17":"product-type-simple"},"_links":{"self":[{"href":"https:\/\/roveyayinevi.com.tr\/index.php\/wp-json\/wp\/v2\/product\/770817","targetHints":{"allow":["GET"]}}],"collection":[{"href":"https:\/\/roveyayinevi.com.tr\/index.php\/wp-json\/wp\/v2\/product"}],"about":[{"href":"https:\/\/roveyayinevi.com.tr\/index.php\/wp-json\/wp\/v2\/types\/product"}],"wp:attachment":[{"href":"https:\/\/roveyayinevi.com.tr\/index.php\/wp-json\/wp\/v2\/media?parent=770817"}],"wp:term":[{"taxonomy":"product_brand","embeddable":true,"href":"https:\/\/roveyayinevi.com.tr\/index.php\/wp-json\/wp\/v2\/product_brand?post=770817"},{"taxonomy":"product_cat","embeddable":true,"href":"https:\/\/roveyayinevi.com.tr\/index.php\/wp-json\/wp\/v2\/product_cat?post=770817"},{"taxonomy":"product_tag","embeddable":true,"href":"https:\/\/roveyayinevi.com.tr\/index.php\/wp-json\/wp\/v2\/product_tag?post=770817"}],"curies":[{"name":"wp","href":"https:\/\/api.w.org\/{rel}","templated":true}]}}