{"id":770815,"date":"2025-08-28T14:44:09","date_gmt":"2025-08-28T11:44:09","guid":{"rendered":"https:\/\/roveyayinevi.com.tr\/index.php\/urun\/oz-terapinin-getirdikleri\/"},"modified":"2026-04-15T03:37:12","modified_gmt":"2026-04-15T00:37:12","slug":"oz-terapinin-getirdikleri","status":"publish","type":"product","link":"https:\/\/roveyayinevi.com.tr\/index.php\/urun\/oz-terapinin-getirdikleri\/","title":{"rendered":"\u00d6z Terapinin Getirdikleri"},"content":{"rendered":"<p>\u201cCanl\u0131 olman\u0131n en b\u00fcy\u00fck mutluluklar\u0131ndan biri; bilimsel ke\u015ffin ya da a\u015fk\u0131n ortaya \u00e7\u0131kard\u0131klar\u0131n\u0131 anlamakt\u0131r.\u201d B\u00f6yle diyor \u00fcnl\u00fc terapist P. A. Levine. Bu s\u00f6z\u00fcn b\u00fcy\u00fcs\u00fcne kap\u0131lan yazar da 40+ y\u0131ld\u0131r psikoloji biliminin ona kazand\u0131rd\u0131\u011f\u0131 donan\u0131m ile ya\u015fad\u0131\u011f\u0131 iki \u00f6nemli deneyim s\u0131ras\u0131nda \u00f6nce kendine ayna tutuyor. Ya\u015fad\u0131klar\u0131n\u0131 anlama ve anlamland\u0131rma \u00e7abas\u0131na dayanarak aynada g\u00f6rd\u00fcklerini d\u0131\u015fa yans\u0131tarak insan\u0131 ke\u015ffetme ser\u00fcvenini s\u00fcrd\u00fcr\u00fcyor. \u0130\u015fte bu kitap, i\u00e7inden ge\u00e7ti\u011fi iki \u00f6nemli ya\u015fam deneyimi s\u0131ras\u0131nda olu\u015fan sorular ve onlara yan\u0131t arama \u00e7abas\u0131 bir bak\u0131ma; birincisi kendi kendisinin terapisti olarak ger\u00e7ekle\u015ftirdi\u011fi &#8216;i\u00e7sel kaz\u0131&#8217; \u00e7al\u0131\u015fmas\u0131, di\u011feri ise; zamans\u0131z olarak ya\u015fad\u0131\u011f\u0131 bir &#8216;a\u015fk&#8217; deneyimi. Bu iki d\u00f6n\u00fc\u015ft\u00fcr\u00fcc\u00fc deneyim s\u0131ras\u0131nda ortaya sa\u00e7\u0131lan buluntular; yazar\u0131n yorumlar\u0131yla, beni-seni-onu-di\u011ferini anlat\u0131yor ve &#8216;insana dair&#8217; pek \u00e7ok psiko-sosyal ger\u00e7e\u011fi irdelememizi sa\u011fl\u0131yor. G\u00fcl\u00fcmsetirken d\u00fc\u015f\u00fcnd\u00fcr\u00fcyor\u2026 Soru sorarken yan\u0131tlar\u0131n da ipu\u00e7lar\u0131n\u0131 i\u015faret ediyor. Bakal\u0131m ipin ucu nereye \u00e7\u0131kacak? Belki de bu yaz\u0131lar\u0131n yol a\u00e7t\u0131\u011f\u0131 izleklerde ilerlerken bireysel ve toplumsal bilin\u00e7 d\u0131\u015f\u0131 ar\u015fivlerinize bir \u0131\u015f\u0131k d\u00fc\u015fecek ve kendinize biraz daha yak\u0131nla\u015facaks\u0131n\u0131z. Kim bilir!<\/p>\n","protected":false},"excerpt":{"rendered":"<p>\u201cCanl\u0131 olman\u0131n en b\u00fcy\u00fck mutluluklar\u0131ndan biri; bilimsel ke\u015ffin ya da a\u015fk\u0131n ortaya \u00e7\u0131kard\u0131klar\u0131n\u0131 anlamakt\u0131r.\u201d B\u00f6yle diyor \u00fcnl\u00fc terapist P. A. Levine. Bu s\u00f6z\u00fcn b\u00fcy\u00fcs\u00fcne kap\u0131lan yazar<span class=\"excerpt-hellip\"> [\u2026]<\/span><\/p>\n","protected":false},"featured_media":0,"template":"","meta":{"_monsterinsights_skip_tracking":false,"_monsterinsights_sitenote_active":false,"_monsterinsights_sitenote_note":"","_monsterinsights_sitenote_category":0},"product_brand":[],"product_cat":[12357],"product_tag":[],"class_list":{"0":"post-770815","1":"product","2":"type-product","3":"status-publish","5":"product_cat-psikoloji","6":"pa_cilt-ciltsiz","7":"pa_tur-kitap","8":"pa_yayinevi-ani-yayincilik","9":"pa_yazar-binnur-yesilyaprak","11":"first","12":"instock","13":"sale","14":"shipping-taxable","15":"purchasable","16":"product-type-simple"},"_links":{"self":[{"href":"https:\/\/roveyayinevi.com.tr\/index.php\/wp-json\/wp\/v2\/product\/770815","targetHints":{"allow":["GET"]}}],"collection":[{"href":"https:\/\/roveyayinevi.com.tr\/index.php\/wp-json\/wp\/v2\/product"}],"about":[{"href":"https:\/\/roveyayinevi.com.tr\/index.php\/wp-json\/wp\/v2\/types\/product"}],"wp:attachment":[{"href":"https:\/\/roveyayinevi.com.tr\/index.php\/wp-json\/wp\/v2\/media?parent=770815"}],"wp:term":[{"taxonomy":"product_brand","embeddable":true,"href":"https:\/\/roveyayinevi.com.tr\/index.php\/wp-json\/wp\/v2\/product_brand?post=770815"},{"taxonomy":"product_cat","embeddable":true,"href":"https:\/\/roveyayinevi.com.tr\/index.php\/wp-json\/wp\/v2\/product_cat?post=770815"},{"taxonomy":"product_tag","embeddable":true,"href":"https:\/\/roveyayinevi.com.tr\/index.php\/wp-json\/wp\/v2\/product_tag?post=770815"}],"curies":[{"name":"wp","href":"https:\/\/api.w.org\/{rel}","templated":true}]}}