{"id":770808,"date":"2025-08-28T14:43:57","date_gmt":"2025-08-28T11:43:57","guid":{"rendered":"https:\/\/roveyayinevi.com.tr\/index.php\/urun\/leonardonun-son-aksam-yemegi-uzerine-dusunceler\/"},"modified":"2026-04-15T03:37:12","modified_gmt":"2026-04-15T00:37:12","slug":"leonardonun-son-aksam-yemegi-uzerine-dusunceler","status":"publish","type":"product","link":"https:\/\/roveyayinevi.com.tr\/index.php\/urun\/leonardonun-son-aksam-yemegi-uzerine-dusunceler\/","title":{"rendered":"Leonardo\u2019nun \u201cSon Ak\u015fam Yeme\u011fi\u201d \u00dczerine D\u00fc\u015f\u00fcnceler"},"content":{"rendered":"<p>\u201cSon Ak\u015fam Yeme\u011fi\u201dni bir sondan ziyade ba\u015flang\u0131\u00e7 olarak g\u00f6rmek gerekir. Leonardo da Vinci\u2019nin en \u00f6nemli \u00e7al\u0131\u015fmalar\u0131ndan biri olan bu eser, sadece bir andan ibaret olmay\u0131p, zaman\u0131n ve anlam\u0131n \u00f6tesine ge\u00e7i\u015fin de sembol\u00fcd\u00fcr. Joseph Polzer, eserin restorasyon s\u00fcreci sonras\u0131nda, bu \u00e7al\u0131\u015fmay\u0131 her y\u00f6n\u00fcyle mercek alt\u0131na al\u0131rken, izleyicinin a\u015fina oldu\u011fu bu imgede sakl\u0131 gizemleri ke\u015ffetme f\u0131rsat\u0131 sunar. Perspektif, ifade ve bo\u015fluklarla hayat bulan bu \u00e7al\u0131\u015fma, karma\u015f\u0131k do\u011fas\u0131yla okurlar\u0131 ve izleyicisini derinden etkilemeyi s\u00fcrd\u00fcr\u00fcr. Polzer\u2019in \u00e7al\u0131\u015fmas\u0131, klasik ikonografiye yeni bir bak\u0131\u015f a\u00e7\u0131s\u0131 getirerek anlam\u0131n s\u00fcrekli de\u011fi\u015fen do\u011fas\u0131na dikkat \u00e7eker. <\/p>\n","protected":false},"excerpt":{"rendered":"<p>\u201cSon Ak\u015fam Yeme\u011fi\u201dni bir sondan ziyade ba\u015flang\u0131\u00e7 olarak g\u00f6rmek gerekir. Leonardo da Vinci\u2019nin en \u00f6nemli \u00e7al\u0131\u015fmalar\u0131ndan biri olan bu eser, sadece bir andan ibaret olmay\u0131p, zaman\u0131n<span class=\"excerpt-hellip\"> [\u2026]<\/span><\/p>\n","protected":false},"featured_media":0,"template":"","meta":{"_monsterinsights_skip_tracking":false,"_monsterinsights_sitenote_active":false,"_monsterinsights_sitenote_note":"","_monsterinsights_sitenote_category":0},"product_brand":[],"product_cat":[15733,12408],"product_tag":[],"class_list":{"0":"post-770808","1":"product","2":"type-product","3":"status-publish","5":"product_cat-resim","6":"product_cat-sanat","7":"pa_cilt-ciltsiz","8":"pa_tur-kitap","9":"pa_yayinevi-fol-kitap","10":"pa_yazar-joseph-polzer","12":"first","13":"instock","14":"sale","15":"shipping-taxable","16":"purchasable","17":"product-type-simple"},"_links":{"self":[{"href":"https:\/\/roveyayinevi.com.tr\/index.php\/wp-json\/wp\/v2\/product\/770808","targetHints":{"allow":["GET"]}}],"collection":[{"href":"https:\/\/roveyayinevi.com.tr\/index.php\/wp-json\/wp\/v2\/product"}],"about":[{"href":"https:\/\/roveyayinevi.com.tr\/index.php\/wp-json\/wp\/v2\/types\/product"}],"wp:attachment":[{"href":"https:\/\/roveyayinevi.com.tr\/index.php\/wp-json\/wp\/v2\/media?parent=770808"}],"wp:term":[{"taxonomy":"product_brand","embeddable":true,"href":"https:\/\/roveyayinevi.com.tr\/index.php\/wp-json\/wp\/v2\/product_brand?post=770808"},{"taxonomy":"product_cat","embeddable":true,"href":"https:\/\/roveyayinevi.com.tr\/index.php\/wp-json\/wp\/v2\/product_cat?post=770808"},{"taxonomy":"product_tag","embeddable":true,"href":"https:\/\/roveyayinevi.com.tr\/index.php\/wp-json\/wp\/v2\/product_tag?post=770808"}],"curies":[{"name":"wp","href":"https:\/\/api.w.org\/{rel}","templated":true}]}}