{"id":770806,"date":"2025-08-28T14:43:55","date_gmt":"2025-08-28T11:43:55","guid":{"rendered":"https:\/\/roveyayinevi.com.tr\/index.php\/urun\/jan-van-eyckin-italyan-hac-yolculugu-mucizevi-bir-floransa-mujdesi-ve-gent-sunak-resmi\/"},"modified":"2026-04-15T03:37:12","modified_gmt":"2026-04-15T00:37:12","slug":"jan-van-eyckin-italyan-hac-yolculugu-mucizevi-bir-floransa-mujdesi-ve-gent-sunak-resmi","status":"publish","type":"product","link":"https:\/\/roveyayinevi.com.tr\/index.php\/urun\/jan-van-eyckin-italyan-hac-yolculugu-mucizevi-bir-floransa-mujdesi-ve-gent-sunak-resmi\/","title":{"rendered":"Jan van Eyck\u2019in \u0130talyan Hac Yolculu\u011fu: Mucizevi Bir Floransa M\u00fcjdesi ve Gent Sunak Resmi"},"content":{"rendered":"<p>Jan van Eyck\u2019in olas\u0131 \u0130talya hac yolculu\u011funun izleri, eserlerinde gizlidir. Penny Howell Jolly, Eyck\u2019in Gent Sunak Resmi ve M\u00fcjde gibi \u00f6ne \u00e7\u0131kan \u00e7al\u0131\u015fmalar\u0131n\u0131 inceleyerek, sanat\u00e7\u0131n\u0131n eserlerindeki k\u00fclt\u00fcrel, din\u00ee ve g\u00f6rsel \u00f6geleri a\u00e7\u0131\u011fa \u00e7\u0131kar\u0131r. Eyck\u2019in eserlerine dikkatlice i\u015fledi\u011fi semboller, sanat\u00e7\u0131n\u0131n seyahatleri ve bu seyahatlerin eserlerine olan etkisinin d\u0131\u015favurumudur. Bu eser, okuyucuyu bir ressam\u0131n sanat\u0131na, inan\u00e7lar\u0131na ve g\u00f6rsel k\u00fclt\u00fcr tarihine do\u011fru ger\u00e7ekle\u015fen gizemli bir ke\u015ffe davet eder. Her bir detay, Eyck\u2019in sakl\u0131 anlamlar\u0131n\u0131n d\u00fcnyas\u0131na \u0131\u015f\u0131k tutar.<\/p>\n","protected":false},"excerpt":{"rendered":"<p>Jan van Eyck\u2019in olas\u0131 \u0130talya hac yolculu\u011funun izleri, eserlerinde gizlidir. Penny Howell Jolly, Eyck\u2019in Gent Sunak Resmi ve M\u00fcjde gibi \u00f6ne \u00e7\u0131kan \u00e7al\u0131\u015fmalar\u0131n\u0131 inceleyerek, sanat\u00e7\u0131n\u0131n eserlerindeki<span class=\"excerpt-hellip\"> [\u2026]<\/span><\/p>\n","protected":false},"featured_media":0,"template":"","meta":{"_monsterinsights_skip_tracking":false,"_monsterinsights_sitenote_active":false,"_monsterinsights_sitenote_note":"","_monsterinsights_sitenote_category":0},"product_brand":[],"product_cat":[15733,12408],"product_tag":[],"class_list":{"0":"post-770806","1":"product","2":"type-product","3":"status-publish","5":"product_cat-resim","6":"product_cat-sanat","7":"pa_cilt-ciltsiz","8":"pa_tur-kitap","9":"pa_yayinevi-fol-kitap","10":"pa_yazar-penny-howell-jolly","12":"first","13":"instock","14":"sale","15":"shipping-taxable","16":"purchasable","17":"product-type-simple"},"_links":{"self":[{"href":"https:\/\/roveyayinevi.com.tr\/index.php\/wp-json\/wp\/v2\/product\/770806","targetHints":{"allow":["GET"]}}],"collection":[{"href":"https:\/\/roveyayinevi.com.tr\/index.php\/wp-json\/wp\/v2\/product"}],"about":[{"href":"https:\/\/roveyayinevi.com.tr\/index.php\/wp-json\/wp\/v2\/types\/product"}],"wp:attachment":[{"href":"https:\/\/roveyayinevi.com.tr\/index.php\/wp-json\/wp\/v2\/media?parent=770806"}],"wp:term":[{"taxonomy":"product_brand","embeddable":true,"href":"https:\/\/roveyayinevi.com.tr\/index.php\/wp-json\/wp\/v2\/product_brand?post=770806"},{"taxonomy":"product_cat","embeddable":true,"href":"https:\/\/roveyayinevi.com.tr\/index.php\/wp-json\/wp\/v2\/product_cat?post=770806"},{"taxonomy":"product_tag","embeddable":true,"href":"https:\/\/roveyayinevi.com.tr\/index.php\/wp-json\/wp\/v2\/product_tag?post=770806"}],"curies":[{"name":"wp","href":"https:\/\/api.w.org\/{rel}","templated":true}]}}