{"id":770802,"date":"2025-08-28T14:43:46","date_gmt":"2025-08-28T11:43:46","guid":{"rendered":"https:\/\/roveyayinevi.com.tr\/index.php\/urun\/divan-10\/"},"modified":"2026-04-15T03:37:11","modified_gmt":"2026-04-15T00:37:11","slug":"divan-10","status":"publish","type":"product","link":"https:\/\/roveyayinevi.com.tr\/index.php\/urun\/divan-10\/","title":{"rendered":"Divan"},"content":{"rendered":"<p>Diler isen ki hid\u00e2yet bulas\u0131n Hakk Te\u2018al\u00e2\u2019dan \u2018in\u00e2yet bulas\u0131n Terk it a\u2018d\u00e2y\u0131 bid\u00e2yet bulas\u0131n Rabb\u00fcn \u00f6zinde nih\u00e2yet bulas\u0131n Gam deg\u00fcld\u00fcr gide d\u00fcny\u00e2 kala d\u00een Gam oldur kim kala d\u00fcny\u00e2 gide d\u00een Gurb\u00ee, 18. y\u00fczy\u0131l Osmanl\u0131 edebiyat\u0131 ve tasavvuf d\u00fc\u015f\u00fcncesinin \u00f6nemli temsilcilerinden biri olarak kabul edilen, hem \u015fiirleri hem de tasavvufi g\u00f6r\u00fc\u015fleriyle d\u00f6neminin entelekt\u00fcel ve manevi atmosferine derinlemesine n\u00fcfuz eden bir \u015fair ve mutasavv\u0131ft\u0131r. S\u0131rbistan\u2019\u0131n kadim \u015fehri Yenipazar\u2019da (Novi Pazar) do\u011fan bu g\u00f6n\u00fcl eri, \u00f6mr\u00fcn\u00fcn yetmi\u015f be\u015f y\u0131l\u0131n\u0131 Anadolu, Rumeli, Edirne ve Bosna\u2019n\u0131n manevi ikliminde ge\u00e7irdi. Kendini daima gurbette hisseden \u015fair, bu h\u00fczn\u00fc \u201cGurb\u00ee\u201d mahlas\u0131yla \u00f6l\u00fcms\u00fczle\u015ftirdi. Seyyid Ali Sultan Derg\u00e2h\u0131\u2019nda Muhammed Musli Baba\u2019dan nasip alarak Bekta\u015f\u00eeli\u011fe intisap etti ve bu yolun \u00f6nemli bir temsilcisi oldu. 1722\u2019de Bosna\u2019da kaleme ald\u0131\u011f\u0131 D\u00eev\u00e2n\u2019\u0131; Hz. Muhammed\u2019e, Ehl-i Beyt\u2019e, d\u00f6rt halifeye, Hac\u0131 Bekta\u015f-\u0131 Veli\u2019ye ve \u00f6zellikle Hz. Ali\u2019ye duydu\u011fu derin muhabbeti etkileyici bir \u00fcslupla yans\u0131t\u0131r. Onun \u015fiirleri, tasavvufun incelikleriyle \u00f6r\u00fcl\u00fc, felsefi bir derinlik ta\u015f\u0131r. Bu kitap, edebiyat ve tasavvuf merakl\u0131lar\u0131 i\u00e7in vazge\u00e7ilmez bir kaynak&#8230; <\/p>\n","protected":false},"excerpt":{"rendered":"<p>Diler isen ki hid\u00e2yet bulas\u0131n Hakk Te\u2018al\u00e2\u2019dan \u2018in\u00e2yet bulas\u0131n Terk it a\u2018d\u00e2y\u0131 bid\u00e2yet bulas\u0131n Rabb\u00fcn \u00f6zinde nih\u00e2yet bulas\u0131n Gam deg\u00fcld\u00fcr gide d\u00fcny\u00e2 kala d\u00een Gam oldur<span class=\"excerpt-hellip\"> [\u2026]<\/span><\/p>\n","protected":false},"featured_media":0,"template":"","meta":{"_monsterinsights_skip_tracking":false,"_monsterinsights_sitenote_active":false,"_monsterinsights_sitenote_note":"","_monsterinsights_sitenote_category":0},"product_brand":[],"product_cat":[12291,13872],"product_tag":[],"class_list":{"0":"post-770802","1":"product","2":"type-product","3":"status-publish","5":"product_cat-edebiyat","6":"product_cat-klasikler","7":"pa_cilt-ciltsiz","8":"pa_tur-kitap","9":"pa_yayinevi-vakifbank-kultur-yayinlari","10":"pa_yazar-gurbi","12":"first","13":"instock","14":"sale","15":"shipping-taxable","16":"purchasable","17":"product-type-simple"},"_links":{"self":[{"href":"https:\/\/roveyayinevi.com.tr\/index.php\/wp-json\/wp\/v2\/product\/770802","targetHints":{"allow":["GET"]}}],"collection":[{"href":"https:\/\/roveyayinevi.com.tr\/index.php\/wp-json\/wp\/v2\/product"}],"about":[{"href":"https:\/\/roveyayinevi.com.tr\/index.php\/wp-json\/wp\/v2\/types\/product"}],"wp:attachment":[{"href":"https:\/\/roveyayinevi.com.tr\/index.php\/wp-json\/wp\/v2\/media?parent=770802"}],"wp:term":[{"taxonomy":"product_brand","embeddable":true,"href":"https:\/\/roveyayinevi.com.tr\/index.php\/wp-json\/wp\/v2\/product_brand?post=770802"},{"taxonomy":"product_cat","embeddable":true,"href":"https:\/\/roveyayinevi.com.tr\/index.php\/wp-json\/wp\/v2\/product_cat?post=770802"},{"taxonomy":"product_tag","embeddable":true,"href":"https:\/\/roveyayinevi.com.tr\/index.php\/wp-json\/wp\/v2\/product_tag?post=770802"}],"curies":[{"name":"wp","href":"https:\/\/api.w.org\/{rel}","templated":true}]}}