{"id":770801,"date":"2025-08-28T14:43:45","date_gmt":"2025-08-28T11:43:45","guid":{"rendered":"https:\/\/roveyayinevi.com.tr\/index.php\/urun\/iktisat-ve-toplum-dergisi-174-sayi-jedi-merkez-bankaciligi\/"},"modified":"2026-04-15T03:37:11","modified_gmt":"2026-04-15T00:37:11","slug":"iktisat-ve-toplum-dergisi-174-sayi-jedi-merkez-bankaciligi","status":"publish","type":"product","link":"https:\/\/roveyayinevi.com.tr\/index.php\/urun\/iktisat-ve-toplum-dergisi-174-sayi-jedi-merkez-bankaciligi\/","title":{"rendered":"\u0130ktisat ve Toplum Dergisi 174. Say\u0131  Jedi Merkez Bankac\u0131l\u0131\u011f\u0131"},"content":{"rendered":"<p>Bu say\u0131da: Enflasyon Ger\u00e7ekleri ve Jedi Merkez Bankac\u0131l\u0131\u011f\u0131 A. Erin\u00e7 Yeldan, Bing\u00fcl Sat\u0131o\u011flu Uluslararas\u0131 Siyasal Sistemde Realizm ve Milliyet\u00e7ilik \u00c7a\u011f\u0131 m\u0131? Ersin Kalayc\u0131og\u0306lu \u015eimdi Size Kaybolan Y\u0131llar\u0131n\u0131z\u0131 Verseler&#8230; M. Aykut Attar K\u00fcreselle\u015fmenin \u00c7\u00f6z\u00fclmesi ve Otokratikle\u015fme E\u011filimi: Tarihsel Bir Analiz Arda Tunca T\u00fcrkiye\u2019de Gelir Da\u011f\u0131l\u0131m\u0131 ve Maliye Politikas\u0131n\u0131n B\u00fcy\u00fcme \u00dczerine Etkileri: Kaleckiyen Bir Analiz Eda Y\u0131lmaz Ormanlar\u0131n K\u00fcresel \u0130klimin S\u00fcreklili\u011fi ve \u0130klim De\u011fi\u015fikli\u011fi M\u00fccadelesindeki Rol\u00fc Murat T\u00fcrke\u015f Bir Tarih Hipotezi Kurmak ve \u0130spatlamak: \u201c\u0130slam\u2019\u0131 Tasvir- Resim Yasa\u011f\u0131 m\u0131 Geri B\u0131rakt\u0131?\u201d Ergun T\u00fcrkcan \u0130ktisat Zanaat\u0131, Sanat\u0131 ve Bilimi: Beceri, Estetik ve Hakikat Ercan Eren T\u00fcrkiye\u2019de Oyunculu\u011fun Politik Ekonomisi-III Sacit Hadi Akdede Batan Tarihin Mallar\u0131\u2026 Ya\u015far Ta\u015fk\u0131n Ko\u00e7 Yerel Olandan K\u00fcresele: \u201cKasabam\u0131z\u201dda G\u00fcl\u00e7in Elif Y\u00fccel T\u00fcrkiye-Rusya Ekonomik \u0130li\u015fkileri (1920-2010) Erdin\u00e7 Tokg\u00f6z Trump\u2019\u0131n G\u00fcmr\u00fck Stratejisine Ele\u015ftirel Bir Bak\u0131\u015f Alp Bu\u011fdayc\u0131 Kapitalist Bak\u0131\u015f A\u00e7\u0131s\u0131na K\u0131sa Bir Ele\u015ftiri: Klasik Ekonomi G\u00f6khan Tosun<\/p>\n","protected":false},"excerpt":{"rendered":"<p>Bu say\u0131da: Enflasyon Ger\u00e7ekleri ve Jedi Merkez Bankac\u0131l\u0131\u011f\u0131 A. Erin\u00e7 Yeldan, Bing\u00fcl Sat\u0131o\u011flu Uluslararas\u0131 Siyasal Sistemde Realizm ve Milliyet\u00e7ilik \u00c7a\u011f\u0131 m\u0131? Ersin Kalayc\u0131og\u0306lu \u015eimdi Size Kaybolan<span class=\"excerpt-hellip\"> [\u2026]<\/span><\/p>\n","protected":false},"featured_media":0,"template":"","meta":{"_monsterinsights_skip_tracking":false,"_monsterinsights_sitenote_active":false,"_monsterinsights_sitenote_note":"","_monsterinsights_sitenote_category":0},"product_brand":[],"product_cat":[13527],"product_tag":[],"class_list":{"0":"post-770801","1":"product","2":"type-product","3":"status-publish","5":"product_cat-sureli-yayinlar","6":"pa_cilt-ciltsiz","7":"pa_tur-dergi","8":"pa_yayinevi-efil-yayinevi-dergi","9":"pa_yazar-kolektif","11":"first","12":"instock","13":"sale","14":"shipping-taxable","15":"purchasable","16":"product-type-simple"},"_links":{"self":[{"href":"https:\/\/roveyayinevi.com.tr\/index.php\/wp-json\/wp\/v2\/product\/770801","targetHints":{"allow":["GET"]}}],"collection":[{"href":"https:\/\/roveyayinevi.com.tr\/index.php\/wp-json\/wp\/v2\/product"}],"about":[{"href":"https:\/\/roveyayinevi.com.tr\/index.php\/wp-json\/wp\/v2\/types\/product"}],"wp:attachment":[{"href":"https:\/\/roveyayinevi.com.tr\/index.php\/wp-json\/wp\/v2\/media?parent=770801"}],"wp:term":[{"taxonomy":"product_brand","embeddable":true,"href":"https:\/\/roveyayinevi.com.tr\/index.php\/wp-json\/wp\/v2\/product_brand?post=770801"},{"taxonomy":"product_cat","embeddable":true,"href":"https:\/\/roveyayinevi.com.tr\/index.php\/wp-json\/wp\/v2\/product_cat?post=770801"},{"taxonomy":"product_tag","embeddable":true,"href":"https:\/\/roveyayinevi.com.tr\/index.php\/wp-json\/wp\/v2\/product_tag?post=770801"}],"curies":[{"name":"wp","href":"https:\/\/api.w.org\/{rel}","templated":true}]}}