{"id":770798,"date":"2025-08-28T14:43:38","date_gmt":"2025-08-28T11:43:38","guid":{"rendered":"https:\/\/roveyayinevi.com.tr\/index.php\/urun\/cumhuriyet-gibi-bir-kadin-nahit-hanim\/"},"modified":"2026-04-03T03:28:52","modified_gmt":"2026-04-03T00:28:52","slug":"cumhuriyet-gibi-bir-kadin-nahit-hanim","status":"publish","type":"product","link":"https:\/\/roveyayinevi.com.tr\/index.php\/urun\/cumhuriyet-gibi-bir-kadin-nahit-hanim\/","title":{"rendered":"Cumhuriyet Gibi Bir Kad\u0131n \u2013 Nahit Han\u0131m"},"content":{"rendered":"<p>SOLUK KESEN B\u0130R HAYAT, \u0130NANILMASI ZOR B\u0130R MACERA!   Necip Faz\u0131l da, Sabahattin Ali de ona deli gibi \u00e2\u015f\u0131k oldu. O, Halil Vedat F\u0131ratl\u0131 ve Arif Damar\u2019la evlendi. Bu s\u0131rada, kendisinden epey gen\u00e7 olan Orhan Veli\u2019ye s\u0131r\u0131ls\u0131klam \u00e2\u015f\u0131k oldu. \u00dcstelik Halil Bey\u2019le evliyken. 1928 y\u0131l\u0131nda, Ankara\u2019da \u00f6\u011fretmene ihtiya\u00e7 oldu\u011funu duydu\u011funda, g\u00f6z\u00fcn\u00fc bile k\u0131rpmadan \u0130stanbul\u2019u geride b\u0131rak\u0131p solu\u011fu ba\u015fkentte ald\u0131. Cumhuriyet\u2019in ve Ankara\u2019n\u0131n kurulu\u015funa birinci elden tan\u0131kl\u0131k etti, katk\u0131 sundu. Tam bir Cumhuriyet kad\u0131n\u0131yd\u0131. Nahit Han\u0131m, Gazi\u2019nin sofras\u0131na oturdu, onunla dans etti. Hen\u00fcz 19 ya\u015f\u0131nda bir gen\u00e7 k\u0131zken, b\u00fcy\u00fck \u00f6nderin hayranl\u0131\u011f\u0131n\u0131 kazand\u0131. G\u00fczeller g\u00fczeli Nahit Gelenbev\u00ee, hayat\u0131n\u0131n sonuna dek evinin kap\u0131lar\u0131n\u0131 sanat\u00e7\u0131lara ve edebiyat\u00e7\u0131lara a\u00e7\u0131k tuttu. Kar\u015f\u0131l\u0131\u011f\u0131nda \u201cR\u00f6nesans gibi kad\u0131n!\u201d ve \u201cKoruyucu mele\u011fimiz!\u201d denilerek onurland\u0131r\u0131ld\u0131. Nahit Han\u0131m\u2019\u0131 en iyi tan\u0131mlayan c\u00fcmleyi ise Cemal S\u00fcreya kurdu: \u201cCUMHUR\u0130YET G\u0130B\u0130 KADIN!\u201d     1930\u2019lu ve 1940\u2019l\u0131 y\u0131llar\u0131n Ankara\u2019s\u0131n\u0131 anlamadan, gen\u00e7 Cumhuriyet\u2019in ideolojisini, felsefesini, itici g\u00fcc\u00fcn\u00fc, iradesini, tutkusunu kavramak m\u00fcmk\u00fcn de\u011fil. Nahit Han\u0131m\u2019la birlikte Cumhuriyet\u2019i ke\u015ffetmeye var m\u0131s\u0131n\u0131z? Hem de onun inan\u0131lmas\u0131 g\u00fc\u00e7 hayat\u0131na tan\u0131kl\u0131k ederek&#8230; <\/p>\n","protected":false},"excerpt":{"rendered":"<p>SOLUK KESEN B\u0130R HAYAT, \u0130NANILMASI ZOR B\u0130R MACERA! Necip Faz\u0131l da, Sabahattin Ali de ona deli gibi \u00e2\u015f\u0131k oldu. O, Halil Vedat F\u0131ratl\u0131 ve Arif Damar\u2019la<span class=\"excerpt-hellip\"> [\u2026]<\/span><\/p>\n","protected":false},"featured_media":0,"template":"","meta":{"_monsterinsights_skip_tracking":false,"_monsterinsights_sitenote_active":false,"_monsterinsights_sitenote_note":"","_monsterinsights_sitenote_category":0},"product_brand":[],"product_cat":[12291,12711],"product_tag":[],"class_list":{"0":"post-770798","1":"product","2":"type-product","3":"status-publish","5":"product_cat-edebiyat","6":"product_cat-roman-oyku","7":"pa_cilt-ciltsiz","8":"pa_tur-kitap","9":"pa_yayinevi-destek-yayinlari","10":"pa_yazar-osman-balcigil","12":"first","13":"instock","14":"sale","15":"shipping-taxable","16":"purchasable","17":"product-type-simple"},"_links":{"self":[{"href":"https:\/\/roveyayinevi.com.tr\/index.php\/wp-json\/wp\/v2\/product\/770798","targetHints":{"allow":["GET"]}}],"collection":[{"href":"https:\/\/roveyayinevi.com.tr\/index.php\/wp-json\/wp\/v2\/product"}],"about":[{"href":"https:\/\/roveyayinevi.com.tr\/index.php\/wp-json\/wp\/v2\/types\/product"}],"wp:attachment":[{"href":"https:\/\/roveyayinevi.com.tr\/index.php\/wp-json\/wp\/v2\/media?parent=770798"}],"wp:term":[{"taxonomy":"product_brand","embeddable":true,"href":"https:\/\/roveyayinevi.com.tr\/index.php\/wp-json\/wp\/v2\/product_brand?post=770798"},{"taxonomy":"product_cat","embeddable":true,"href":"https:\/\/roveyayinevi.com.tr\/index.php\/wp-json\/wp\/v2\/product_cat?post=770798"},{"taxonomy":"product_tag","embeddable":true,"href":"https:\/\/roveyayinevi.com.tr\/index.php\/wp-json\/wp\/v2\/product_tag?post=770798"}],"curies":[{"name":"wp","href":"https:\/\/api.w.org\/{rel}","templated":true}]}}