{"id":770797,"date":"2025-08-28T14:43:36","date_gmt":"2025-08-28T11:43:36","guid":{"rendered":"https:\/\/roveyayinevi.com.tr\/index.php\/urun\/armadilloyu-bul\/"},"modified":"2026-04-15T03:37:11","modified_gmt":"2026-04-15T00:37:11","slug":"armadilloyu-bul","status":"publish","type":"product","link":"https:\/\/roveyayinevi.com.tr\/index.php\/urun\/armadilloyu-bul\/","title":{"rendered":"Armadilloyu Bul"},"content":{"rendered":"<p>R\u00fczg\u00e2r\u0131n bir aslan gibi k\u00fckredi\u011fi bir g\u00fcn, f\u0131s\u0131lt\u0131yla irkiliyor \u00d6yk\u00fc: \u201cArmadillo, \u015eekilsiz \u00c7ak\u0131llar Diyar\u0131\u2019na seni \u00e7a\u011f\u0131r\u0131yor&#8230;\u201d   Armadillo da nedir? \u015eekilsiz \u00c7ak\u0131llar Diyar\u0131\u2019na nas\u0131l gidilir? Bu yolculukta \u00d6yk\u00fc\u2019y\u00fc neler bekliyor? Bilge bir bulut, ya\u015fl\u0131 bir bayku\u015f\u2026 Umutsuzluk Tepesi, s\u00fcrprizlerle dolu bir g\u00f6l\u2026 Sadece ona g\u00fcvenenler i\u00e7in \u00e7\u00f6z\u00fcm \u00fcreten bir bilgelik kesesi\u2026 Peki \u00d6yk\u00fc, armadilloyu bulabilecek mi?   \u00c7ocuk Geli\u015fim Uzman\u0131 Nihal Turan Yurdabak, kayg\u0131, cesaret, hayal, \u00e7aba, sab\u0131r gibi kavramlar\u0131 macera dolu bir hik\u00e2yeyle ele alarak, bir kitaptan fazlas\u0131n\u0131 sunuyor. Kavramlar \u00fczerine d\u00fc\u015f\u00fcnmek ve sorgu kap\u0131lar\u0131n\u0131 aralamak da okura d\u00fc\u015f\u00fcyor.<\/p>\n","protected":false},"excerpt":{"rendered":"<p>R\u00fczg\u00e2r\u0131n bir aslan gibi k\u00fckredi\u011fi bir g\u00fcn, f\u0131s\u0131lt\u0131yla irkiliyor \u00d6yk\u00fc: \u201cArmadillo, \u015eekilsiz \u00c7ak\u0131llar Diyar\u0131\u2019na seni \u00e7a\u011f\u0131r\u0131yor&#8230;\u201d Armadillo da nedir? \u015eekilsiz \u00c7ak\u0131llar Diyar\u0131\u2019na nas\u0131l gidilir? Bu yolculukta<span class=\"excerpt-hellip\"> [\u2026]<\/span><\/p>\n","protected":false},"featured_media":0,"template":"","meta":{"_monsterinsights_skip_tracking":false,"_monsterinsights_sitenote_active":false,"_monsterinsights_sitenote_note":"","_monsterinsights_sitenote_category":0},"product_brand":[],"product_cat":[12274,12284],"product_tag":[],"class_list":{"0":"post-770797","1":"product","2":"type-product","3":"status-publish","5":"product_cat-cocuk-ve-genclik-kitaplari","6":"product_cat-hikayeler","7":"pa_cilt-ciltsiz","8":"pa_tur-kitap","9":"pa_yayinevi-luna-cocuk-yayinlari","10":"pa_yazar-nihal-turan-yurdabak","12":"first","13":"instock","14":"sale","15":"shipping-taxable","16":"purchasable","17":"product-type-simple"},"_links":{"self":[{"href":"https:\/\/roveyayinevi.com.tr\/index.php\/wp-json\/wp\/v2\/product\/770797","targetHints":{"allow":["GET"]}}],"collection":[{"href":"https:\/\/roveyayinevi.com.tr\/index.php\/wp-json\/wp\/v2\/product"}],"about":[{"href":"https:\/\/roveyayinevi.com.tr\/index.php\/wp-json\/wp\/v2\/types\/product"}],"wp:attachment":[{"href":"https:\/\/roveyayinevi.com.tr\/index.php\/wp-json\/wp\/v2\/media?parent=770797"}],"wp:term":[{"taxonomy":"product_brand","embeddable":true,"href":"https:\/\/roveyayinevi.com.tr\/index.php\/wp-json\/wp\/v2\/product_brand?post=770797"},{"taxonomy":"product_cat","embeddable":true,"href":"https:\/\/roveyayinevi.com.tr\/index.php\/wp-json\/wp\/v2\/product_cat?post=770797"},{"taxonomy":"product_tag","embeddable":true,"href":"https:\/\/roveyayinevi.com.tr\/index.php\/wp-json\/wp\/v2\/product_tag?post=770797"}],"curies":[{"name":"wp","href":"https:\/\/api.w.org\/{rel}","templated":true}]}}