{"id":770796,"date":"2025-08-28T14:43:34","date_gmt":"2025-08-28T11:43:34","guid":{"rendered":"https:\/\/roveyayinevi.com.tr\/index.php\/urun\/adalet-mi-anne\/"},"modified":"2026-04-15T03:37:11","modified_gmt":"2026-04-15T00:37:11","slug":"adalet-mi-anne","status":"publish","type":"product","link":"https:\/\/roveyayinevi.com.tr\/index.php\/urun\/adalet-mi-anne\/","title":{"rendered":"Adalet mi Anne?"},"content":{"rendered":"<p>Sana mavilikler i\u00e7inde bir d\u00fcnya veremedik  O \u0131\u015f\u0131ldayan g\u00fclen g\u00f6zlerinin i\u00e7indeki Ya\u015fama sevincini g\u00f6remedik  Ah be \u00c7ocuk!   Toprak u\u011fruna, inan\u00e7 u\u011fruna, bir de para kazanmak u\u011fruna Bombalar alt\u0131nda, gezegeni k\u0131z\u0131la \u00e7evirdik Ah be \u00c7ocuk!   Mermiler yerine \u00e7i\u00e7ekler  \u00c7i\u00e7ekle ar\u0131n\u0131n sevdas\u0131na d\u00f6nen bal\u0131 veremedik  Ah be \u00c7ocuk!   Egomuza, h\u0131rslar\u0131m\u0131za yenilip  Bu gezegene s\u0131\u011famad\u0131k Bar\u0131\u015f\u0131 ve sevgiyi veremedik, G\u00f6zya\u015flar\u0131n\u0131 silemedik Affet bizi Ah be \u00c7ocuk!<\/p>\n","protected":false},"excerpt":{"rendered":"<p>Sana mavilikler i\u00e7inde bir d\u00fcnya veremedik O \u0131\u015f\u0131ldayan g\u00fclen g\u00f6zlerinin i\u00e7indeki Ya\u015fama sevincini g\u00f6remedik Ah be \u00c7ocuk! Toprak u\u011fruna, inan\u00e7 u\u011fruna, bir de para kazanmak u\u011fruna<span class=\"excerpt-hellip\"> [\u2026]<\/span><\/p>\n","protected":false},"featured_media":0,"template":"","meta":{"_monsterinsights_skip_tracking":false,"_monsterinsights_sitenote_active":false,"_monsterinsights_sitenote_note":"","_monsterinsights_sitenote_category":0},"product_brand":[],"product_cat":[12291,12509],"product_tag":[],"class_list":{"0":"post-770796","1":"product","2":"type-product","3":"status-publish","5":"product_cat-edebiyat","6":"product_cat-siir","7":"pa_cilt-ciltsiz","8":"pa_tur-kitap","9":"pa_yayinevi-luna-yayinlari","10":"pa_yazar-cengiz-saydam","12":"first","13":"instock","14":"sale","15":"shipping-taxable","16":"purchasable","17":"product-type-simple"},"_links":{"self":[{"href":"https:\/\/roveyayinevi.com.tr\/index.php\/wp-json\/wp\/v2\/product\/770796","targetHints":{"allow":["GET"]}}],"collection":[{"href":"https:\/\/roveyayinevi.com.tr\/index.php\/wp-json\/wp\/v2\/product"}],"about":[{"href":"https:\/\/roveyayinevi.com.tr\/index.php\/wp-json\/wp\/v2\/types\/product"}],"wp:attachment":[{"href":"https:\/\/roveyayinevi.com.tr\/index.php\/wp-json\/wp\/v2\/media?parent=770796"}],"wp:term":[{"taxonomy":"product_brand","embeddable":true,"href":"https:\/\/roveyayinevi.com.tr\/index.php\/wp-json\/wp\/v2\/product_brand?post=770796"},{"taxonomy":"product_cat","embeddable":true,"href":"https:\/\/roveyayinevi.com.tr\/index.php\/wp-json\/wp\/v2\/product_cat?post=770796"},{"taxonomy":"product_tag","embeddable":true,"href":"https:\/\/roveyayinevi.com.tr\/index.php\/wp-json\/wp\/v2\/product_tag?post=770796"}],"curies":[{"name":"wp","href":"https:\/\/api.w.org\/{rel}","templated":true}]}}