{"id":770795,"date":"2025-08-28T14:43:32","date_gmt":"2025-08-28T11:43:32","guid":{"rendered":"https:\/\/roveyayinevi.com.tr\/index.php\/urun\/bana-gelsene\/"},"modified":"2026-04-08T03:33:29","modified_gmt":"2026-04-08T00:33:29","slug":"bana-gelsene","status":"publish","type":"product","link":"https:\/\/roveyayinevi.com.tr\/index.php\/urun\/bana-gelsene\/","title":{"rendered":"Bana Gelsene"},"content":{"rendered":"<p>BU H\u0130K\u00c2YELER \u015eAKA MI?   \u201cBu kitab\u0131 akvaryumda ya\u015fayanlar i\u00e7in yazmad\u0131m. Onlar kim? \u00dc\u00e7 d\u00f6rt arkada\u015f\u0131yla ve d\u00fcnyaya dair okudu\u011fu birka\u00e7 kitaptan araklad\u0131\u011f\u0131 ve asla de\u011fi\u015ftirmedi\u011fi birka\u00e7 entel g\u00f6r\u00fc\u015f\u00fcyle fanatik bi\u00e7imde ya\u015fam\u0131n\u0131 s\u00fcrd\u00fcrenler. Farkl\u0131 g\u00f6r\u00fc\u015flere ve de\u011fi\u015fimlere kapal\u0131, ayn\u0131 hayat bi\u00e7imini, gitti\u011fi mek\u00e2nlar\u0131, i\u00e7kisini, sigaras\u0131n\u0131 ya da ba\u011f\u0131ml\u0131 oldu\u011fu di\u011fer \u015feyleri, tuttu\u011fu tak\u0131ma olan sevdas\u0131yla birlikte s\u0131ms\u0131k\u0131 korumaya \u00e7al\u0131\u015fan fanatikler. Onlar ya\u015fad\u0131klar\u0131 d\u00fcnyan\u0131n tamamen de\u011fi\u015fmi\u015f oldu\u011funu anlayacak durumda de\u011filler&#8230;\u201d   Uyar\u0131: Bu kitapta bolca seks, kahkaha, \u015fok edici hik\u00e2yeler ve Z ku\u015fa\u011f\u0131 var!   Fanteziler de\u011fil, ya\u015fananlar konu\u015fuluyor. Cesaretin varsa, buyur i\u00e7eri.   Z ku\u015fa\u011f\u0131n\u0131n kafa yap\u0131s\u0131n\u0131 \u00e7\u00f6zd\u00fc\u011f\u00fcn\u00fc sananlara k\u00f6t\u00fc bir haberimiz var: Hen\u00fcz hi\u00e7bir \u015fey g\u00f6rmediniz.       Bana Gelsene, bug\u00fcn\u00fcn gen\u00e7lerinin fl\u00f6rt, ili\u015fki, seks ve birey olma deneyimlerine do\u011frudan bir bak\u0131\u015f sunuyor. Tabii bol argo, s\u00fcrprizli olaylar ve yer yer a\u011fz\u0131n\u0131z\u0131 a\u00e7\u0131k b\u0131rakacak diyaloglarla birlikte!   Adil Y\u0131ld\u0131r\u0131m, bu defa Z ku\u015fa\u011f\u0131n\u0131n kap\u0131s\u0131n\u0131 \u00e7al\u0131yor. Hatta \u00e7alm\u0131yor, direkt i\u00e7eri dal\u0131yor!   Yeni d\u00fcnyan\u0131n kurallar\u0131yla tan\u0131\u015fmaya haz\u0131rsan, hadi bakal\u0131m&#8230; BANA GELSENE! <\/p>\n","protected":false},"excerpt":{"rendered":"<p>BU H\u0130K\u00c2YELER \u015eAKA MI? \u201cBu kitab\u0131 akvaryumda ya\u015fayanlar i\u00e7in yazmad\u0131m. Onlar kim? \u00dc\u00e7 d\u00f6rt arkada\u015f\u0131yla ve d\u00fcnyaya dair okudu\u011fu birka\u00e7 kitaptan araklad\u0131\u011f\u0131 ve asla de\u011fi\u015ftirmedi\u011fi birka\u00e7<span class=\"excerpt-hellip\"> [\u2026]<\/span><\/p>\n","protected":false},"featured_media":0,"template":"","meta":{"_monsterinsights_skip_tracking":false,"_monsterinsights_sitenote_active":false,"_monsterinsights_sitenote_note":"","_monsterinsights_sitenote_category":0},"product_brand":[],"product_cat":[12777,12291],"product_tag":[],"class_list":{"0":"post-770795","1":"product","2":"type-product","3":"status-publish","5":"product_cat-deneme","6":"product_cat-edebiyat","7":"pa_cilt-ciltsiz","8":"pa_tur-kitap","9":"pa_yayinevi-destek-yayinlari","10":"pa_yazar-adil-yildirim","12":"first","13":"instock","14":"sale","15":"shipping-taxable","16":"purchasable","17":"product-type-simple"},"_links":{"self":[{"href":"https:\/\/roveyayinevi.com.tr\/index.php\/wp-json\/wp\/v2\/product\/770795","targetHints":{"allow":["GET"]}}],"collection":[{"href":"https:\/\/roveyayinevi.com.tr\/index.php\/wp-json\/wp\/v2\/product"}],"about":[{"href":"https:\/\/roveyayinevi.com.tr\/index.php\/wp-json\/wp\/v2\/types\/product"}],"wp:attachment":[{"href":"https:\/\/roveyayinevi.com.tr\/index.php\/wp-json\/wp\/v2\/media?parent=770795"}],"wp:term":[{"taxonomy":"product_brand","embeddable":true,"href":"https:\/\/roveyayinevi.com.tr\/index.php\/wp-json\/wp\/v2\/product_brand?post=770795"},{"taxonomy":"product_cat","embeddable":true,"href":"https:\/\/roveyayinevi.com.tr\/index.php\/wp-json\/wp\/v2\/product_cat?post=770795"},{"taxonomy":"product_tag","embeddable":true,"href":"https:\/\/roveyayinevi.com.tr\/index.php\/wp-json\/wp\/v2\/product_tag?post=770795"}],"curies":[{"name":"wp","href":"https:\/\/api.w.org\/{rel}","templated":true}]}}