{"id":770789,"date":"2025-08-28T14:43:19","date_gmt":"2025-08-28T11:43:19","guid":{"rendered":"https:\/\/roveyayinevi.com.tr\/index.php\/urun\/alakart-sohbetler-ve-garnitur-soslari\/"},"modified":"2026-04-15T03:37:11","modified_gmt":"2026-04-15T00:37:11","slug":"alakart-sohbetler-ve-garnitur-soslari","status":"publish","type":"product","link":"https:\/\/roveyayinevi.com.tr\/index.php\/urun\/alakart-sohbetler-ve-garnitur-soslari\/","title":{"rendered":"Alakart Sohbetler ve Garnit\u00fcr Soslar\u0131"},"content":{"rendered":"<p>Elinizdeki bu kitap, i\u00e7imizdeki sesin yaz\u0131ya d\u00f6k\u00fclm\u00fc\u015f halidir.   Kamera g\u00f6z\u00fc tekni\u011fi ile anlat\u0131lan her bir hik\u00e2ye, oyuncunun er meydan\u0131 olan tiyatro sahnesinde uygulanan mizansenler gibi katmanlar halinde sunulmaktad\u0131r.   Hik\u00e2yeler hayata dair tepkileri, \u00e7\u00f6z\u00fcmleri, s\u0131radanl\u0131\u011f\u0131, sars\u0131c\u0131l\u0131\u011f\u0131 ve dura\u011fanl\u0131\u011f\u0131 sorgulama amac\u0131 g\u00fcderek, i\u00e7inizdeki \u00e7\u0131\u011fl\u0131\u011f\u0131n a\u00e7\u0131\u011fa \u00e7\u0131kmas\u0131n\u0131 temenni eder.   Mart 2025 Erkan Karaka\u015f ZOPRAs<\/p>\n","protected":false},"excerpt":{"rendered":"<p>Elinizdeki bu kitap, i\u00e7imizdeki sesin yaz\u0131ya d\u00f6k\u00fclm\u00fc\u015f halidir. Kamera g\u00f6z\u00fc tekni\u011fi ile anlat\u0131lan her bir hik\u00e2ye, oyuncunun er meydan\u0131 olan tiyatro sahnesinde uygulanan mizansenler gibi katmanlar<span class=\"excerpt-hellip\"> [\u2026]<\/span><\/p>\n","protected":false},"featured_media":0,"template":"","meta":{"_monsterinsights_skip_tracking":false,"_monsterinsights_sitenote_active":false,"_monsterinsights_sitenote_note":"","_monsterinsights_sitenote_category":0},"product_brand":[],"product_cat":[12291,18202],"product_tag":[],"class_list":{"0":"post-770789","1":"product","2":"type-product","3":"status-publish","5":"product_cat-edebiyat","6":"product_cat-hikaye","7":"pa_cilt-ciltsiz","8":"pa_tur-kitap","9":"pa_yayinevi-luna-yayinlari","10":"pa_yazar-erkan-karakas","12":"first","13":"instock","14":"sale","15":"shipping-taxable","16":"purchasable","17":"product-type-simple"},"_links":{"self":[{"href":"https:\/\/roveyayinevi.com.tr\/index.php\/wp-json\/wp\/v2\/product\/770789","targetHints":{"allow":["GET"]}}],"collection":[{"href":"https:\/\/roveyayinevi.com.tr\/index.php\/wp-json\/wp\/v2\/product"}],"about":[{"href":"https:\/\/roveyayinevi.com.tr\/index.php\/wp-json\/wp\/v2\/types\/product"}],"wp:attachment":[{"href":"https:\/\/roveyayinevi.com.tr\/index.php\/wp-json\/wp\/v2\/media?parent=770789"}],"wp:term":[{"taxonomy":"product_brand","embeddable":true,"href":"https:\/\/roveyayinevi.com.tr\/index.php\/wp-json\/wp\/v2\/product_brand?post=770789"},{"taxonomy":"product_cat","embeddable":true,"href":"https:\/\/roveyayinevi.com.tr\/index.php\/wp-json\/wp\/v2\/product_cat?post=770789"},{"taxonomy":"product_tag","embeddable":true,"href":"https:\/\/roveyayinevi.com.tr\/index.php\/wp-json\/wp\/v2\/product_tag?post=770789"}],"curies":[{"name":"wp","href":"https:\/\/api.w.org\/{rel}","templated":true}]}}