{"id":770785,"date":"2025-08-28T14:43:10","date_gmt":"2025-08-28T11:43:10","guid":{"rendered":"https:\/\/roveyayinevi.com.tr\/index.php\/urun\/geri-donussuz-roman-uclemesi\/"},"modified":"2026-04-15T03:37:11","modified_gmt":"2026-04-15T00:37:11","slug":"geri-donussuz-roman-uclemesi","status":"publish","type":"product","link":"https:\/\/roveyayinevi.com.tr\/index.php\/urun\/geri-donussuz-roman-uclemesi\/","title":{"rendered":"Geri D\u00f6n\u00fc\u015f(s\u00fcz)! (Roman \u00dc\u00e7lemesi)"},"content":{"rendered":"<p>Sava\u015flar\u0131n neden oldu\u011fu kaosun insanlar \u00fczerinde yaratt\u0131\u011f\u0131 en yayg\u0131n etkinin \u2018yabanc\u0131la\u015fma\u2019 diye adland\u0131r\u0131lan ruhsal \u00e7\u00f6k\u00fcnt\u00fc oldu\u011funu s\u00f6yleyebiliriz. De\u011ferlerin hi\u00e7e say\u0131ld\u0131\u011f\u0131 sava\u015f g\u00fcnlerinde ya da hemen sonras\u0131nda ortaya \u00e7\u0131kan baz\u0131 belirtilerin, insanlar\u0131n fark\u0131na bile varamadan i\u00e7ine d\u00fc\u015ft\u00fckleri \u2018yabanc\u0131la\u015fma\u2019 girdab\u0131n\u0131n sonu\u00e7lar\u0131 oldu\u011funu saptamak hi\u00e7 de zor de\u011fildir. Bu belirtilerin baz\u0131lar\u0131n\u0131 \u015f\u00f6yle s\u0131ralayabiliriz: \u0130leti\u015fim ve ili\u015fki kurma bozuklu\u011fu, ya\u015fam korkusu, g\u00fcncelden kopma ve ge\u00e7mi\u015fe ka\u00e7\u0131\u015f, kendini toplumdan yal\u0131tma, asosyal ya\u015fam\u0131n cazibesine kap\u0131lma v.s. \u2018Yabanc\u0131la\u015fma\u2019n\u0131n yaln\u0131zca sava\u015f\u0131n bir yan \u00fcr\u00fcn\u00fc olmad\u0131\u011f\u0131n\u0131 belirtelim. \u2018Yabanc\u0131la\u015fma\u2019 modern zamanlar\u0131n ortaya \u00e7\u0131kard\u0131\u011f\u0131 bir ruh hali de olabilir. Sava\u015f ortam\u0131 bireyin bunal\u0131ma girmesini h\u0131zland\u0131r\u0131r ve sonu\u00e7lar\u0131 itibariyle daha \u00e7arp\u0131c\u0131 ve derin krizleri a\u00e7\u0131\u011fa \u00e7\u0131kar\u0131r. \u00dc\u00e7 kitapla ortaya konulmaya \u00e7al\u0131\u015f\u0131lan sorunlar sava\u015f \u00f6ncesinde ve sonras\u0131nda daha belirgin renklere b\u00fcr\u00fcnd\u00fc\u011f\u00fc i\u00e7in anlat\u0131 bu alana kayd\u0131r\u0131lm\u0131\u015ft\u0131r \u00e7\u00fcnk\u00fc \u2018yabanc\u0131la\u015fma\u2019ya yol a\u00e7abilecek olaylar\u0131n ba\u015f\u0131nda ki\u015finin ya\u015fad\u0131\u011f\u0131 ya da ya\u015famak zorunda kald\u0131\u011f\u0131 \u2018temel kay\u0131plar\u2019 vard\u0131r. \u2018G\u00fcven kayb\u0131\u2019, \u2018\u00f6zg\u00fcrl\u00fck kayb\u0131\u2019 ve \u2018anlam kayb\u0131\u2019 s\u00f6z\u00fcn\u00fc etti\u011fim temel kay\u0131plar\u0131n en \u00f6nemlileridir. Ben de her biri i\u00e7in ayr\u0131 kitap yazarak elinizdeki \u2018Roman \u00dc\u00e7lemesi\u2019ni meydana getirdim. Orhan Ayd\u0131n<\/p>\n","protected":false},"excerpt":{"rendered":"<p>Sava\u015flar\u0131n neden oldu\u011fu kaosun insanlar \u00fczerinde yaratt\u0131\u011f\u0131 en yayg\u0131n etkinin \u2018yabanc\u0131la\u015fma\u2019 diye adland\u0131r\u0131lan ruhsal \u00e7\u00f6k\u00fcnt\u00fc oldu\u011funu s\u00f6yleyebiliriz. De\u011ferlerin hi\u00e7e say\u0131ld\u0131\u011f\u0131 sava\u015f g\u00fcnlerinde ya da hemen sonras\u0131nda<span class=\"excerpt-hellip\"> [\u2026]<\/span><\/p>\n","protected":false},"featured_media":0,"template":"","meta":{"_monsterinsights_skip_tracking":false,"_monsterinsights_sitenote_active":false,"_monsterinsights_sitenote_note":"","_monsterinsights_sitenote_category":0},"product_brand":[],"product_cat":[12291,12711],"product_tag":[],"class_list":{"0":"post-770785","1":"product","2":"type-product","3":"status-publish","5":"product_cat-edebiyat","6":"product_cat-roman-oyku","7":"pa_cilt-ciltsiz","8":"pa_tur-kitap","9":"pa_yayinevi-luna-yayinlari","10":"pa_yazar-orhan-aydin","12":"first","13":"instock","14":"sale","15":"shipping-taxable","16":"purchasable","17":"product-type-simple"},"_links":{"self":[{"href":"https:\/\/roveyayinevi.com.tr\/index.php\/wp-json\/wp\/v2\/product\/770785","targetHints":{"allow":["GET"]}}],"collection":[{"href":"https:\/\/roveyayinevi.com.tr\/index.php\/wp-json\/wp\/v2\/product"}],"about":[{"href":"https:\/\/roveyayinevi.com.tr\/index.php\/wp-json\/wp\/v2\/types\/product"}],"wp:attachment":[{"href":"https:\/\/roveyayinevi.com.tr\/index.php\/wp-json\/wp\/v2\/media?parent=770785"}],"wp:term":[{"taxonomy":"product_brand","embeddable":true,"href":"https:\/\/roveyayinevi.com.tr\/index.php\/wp-json\/wp\/v2\/product_brand?post=770785"},{"taxonomy":"product_cat","embeddable":true,"href":"https:\/\/roveyayinevi.com.tr\/index.php\/wp-json\/wp\/v2\/product_cat?post=770785"},{"taxonomy":"product_tag","embeddable":true,"href":"https:\/\/roveyayinevi.com.tr\/index.php\/wp-json\/wp\/v2\/product_tag?post=770785"}],"curies":[{"name":"wp","href":"https:\/\/api.w.org\/{rel}","templated":true}]}}