{"id":770784,"date":"2025-08-28T14:43:08","date_gmt":"2025-08-28T11:43:08","guid":{"rendered":"https:\/\/roveyayinevi.com.tr\/index.php\/urun\/cop-perisi\/"},"modified":"2026-04-15T03:37:11","modified_gmt":"2026-04-15T00:37:11","slug":"cop-perisi","status":"publish","type":"product","link":"https:\/\/roveyayinevi.com.tr\/index.php\/urun\/cop-perisi\/","title":{"rendered":"\u00c7\u00f6p Perisi"},"content":{"rendered":"<p>Kimse \u00c7\u00d6P PER\u0130S\u0130\u2019ne inanm\u0131yordu. Elif hari\u00e7. Elif, her sabah park\u0131n k\u00f6\u015fesinde \u00c7\u00f6p Perisi\u2019ni g\u00f6rd\u00fc\u011f\u00fcne emindi. \u00c7\u00f6pleri kar\u0131\u015ft\u0131r\u0131yor, bulduklar\u0131ndan baz\u0131lar\u0131n\u0131 sepetine at\u0131yor ve dans ederek uzakla\u015f\u0131yordu. Niye Elif d\u0131\u015f\u0131nda kimse onu g\u00f6rm\u00fcyordu?   E\u011fitimci yazar Nilg\u00fcn S\u00d6NMEZ\u2019in kaleminden geri d\u00f6n\u00fc\u015f\u00fcm \u00fczerine sihirli bir hik\u00e2ye sizlerle. Bu kitab\u0131 okuyunca hem \u00e7ocuk\u00e7a bir sevin\u00e7 duyacak hem de geri d\u00f6n\u00fc\u015f\u00fcmle ilgili  harekete ge\u00e7mek isteyeceksiniz.   Kim bilir\u2026 Belki siz de bir \u00c7\u00d6P PER\u0130S\u0130\u2019ne d\u00f6n\u00fc\u015f\u00fcverirsiniz!<\/p>\n","protected":false},"excerpt":{"rendered":"<p>Kimse \u00c7\u00d6P PER\u0130S\u0130\u2019ne inanm\u0131yordu. Elif hari\u00e7. Elif, her sabah park\u0131n k\u00f6\u015fesinde \u00c7\u00f6p Perisi\u2019ni g\u00f6rd\u00fc\u011f\u00fcne emindi. \u00c7\u00f6pleri kar\u0131\u015ft\u0131r\u0131yor, bulduklar\u0131ndan baz\u0131lar\u0131n\u0131 sepetine at\u0131yor ve dans ederek uzakla\u015f\u0131yordu. Niye<span class=\"excerpt-hellip\"> [\u2026]<\/span><\/p>\n","protected":false},"featured_media":0,"template":"","meta":{"_monsterinsights_skip_tracking":false,"_monsterinsights_sitenote_active":false,"_monsterinsights_sitenote_note":"","_monsterinsights_sitenote_category":0},"product_brand":[],"product_cat":[12274,12284],"product_tag":[],"class_list":{"0":"post-770784","1":"product","2":"type-product","3":"status-publish","5":"product_cat-cocuk-ve-genclik-kitaplari","6":"product_cat-hikayeler","7":"pa_cilt-ciltsiz","8":"pa_tur-kitap","9":"pa_yayinevi-luna-cocuk-yayinlari","10":"pa_yazar-nilgun-sonmez","12":"first","13":"instock","14":"sale","15":"shipping-taxable","16":"purchasable","17":"product-type-simple"},"_links":{"self":[{"href":"https:\/\/roveyayinevi.com.tr\/index.php\/wp-json\/wp\/v2\/product\/770784","targetHints":{"allow":["GET"]}}],"collection":[{"href":"https:\/\/roveyayinevi.com.tr\/index.php\/wp-json\/wp\/v2\/product"}],"about":[{"href":"https:\/\/roveyayinevi.com.tr\/index.php\/wp-json\/wp\/v2\/types\/product"}],"wp:attachment":[{"href":"https:\/\/roveyayinevi.com.tr\/index.php\/wp-json\/wp\/v2\/media?parent=770784"}],"wp:term":[{"taxonomy":"product_brand","embeddable":true,"href":"https:\/\/roveyayinevi.com.tr\/index.php\/wp-json\/wp\/v2\/product_brand?post=770784"},{"taxonomy":"product_cat","embeddable":true,"href":"https:\/\/roveyayinevi.com.tr\/index.php\/wp-json\/wp\/v2\/product_cat?post=770784"},{"taxonomy":"product_tag","embeddable":true,"href":"https:\/\/roveyayinevi.com.tr\/index.php\/wp-json\/wp\/v2\/product_tag?post=770784"}],"curies":[{"name":"wp","href":"https:\/\/api.w.org\/{rel}","templated":true}]}}