{"id":770783,"date":"2025-08-28T14:43:06","date_gmt":"2025-08-28T11:43:06","guid":{"rendered":"https:\/\/roveyayinevi.com.tr\/index.php\/urun\/duzenleyiciler-yeni-kapak\/"},"modified":"2026-04-15T03:37:11","modified_gmt":"2026-04-15T00:37:11","slug":"duzenleyiciler-yeni-kapak","status":"publish","type":"product","link":"https:\/\/roveyayinevi.com.tr\/index.php\/urun\/duzenleyiciler-yeni-kapak\/","title":{"rendered":"D\u00fczenleyiciler (Yeni Kapak)"},"content":{"rendered":"<p>Stephen King\u2019in Yarat\u0131k adl\u0131 roman\u0131yla tan\u0131d\u0131\u011f\u0131m\u0131z bir\u00e7ok karakter ve Tak adl\u0131 yarat\u0131k D\u00fczenleyiciler\u2019de yeniden kar\u015f\u0131m\u0131za \u00e7\u0131k\u0131yor. Tak, otistik bir \u00e7ocu\u011fun zihnini ele ge\u00e7irerek k\u00fc\u00e7\u00fck bir kasabada oturan s\u0131radan insanlar\u0131n ya\u015fam\u0131n\u0131 k\u00e2busa \u00e7eviriyor. Do\u011fa\u00fcst\u00fc g\u00fc\u00e7lerinin yan\u0131 s\u0131ra oyuncaklar\u0131 ve \u00e7o\u011fumuzun bildi\u011fi televizyon dizisi kahramanlar\u0131n\u0131 kullanarak&#8230; D\u00fczenleyiciler, sakin bir kasaban\u0131n ger\u00e7ek\u00fcst\u00fc olaylarla bir anda de\u011fi\u015fiverdi\u011fi \u00fcrpertici bir gerilim roman\u0131&#8230; <\/p>\n","protected":false},"excerpt":{"rendered":"<p>Stephen King\u2019in Yarat\u0131k adl\u0131 roman\u0131yla tan\u0131d\u0131\u011f\u0131m\u0131z bir\u00e7ok karakter ve Tak adl\u0131 yarat\u0131k D\u00fczenleyiciler\u2019de yeniden kar\u015f\u0131m\u0131za \u00e7\u0131k\u0131yor. Tak, otistik bir \u00e7ocu\u011fun zihnini ele ge\u00e7irerek k\u00fc\u00e7\u00fck bir kasabada<span class=\"excerpt-hellip\"> [\u2026]<\/span><\/p>\n","protected":false},"featured_media":0,"template":"","meta":{"_monsterinsights_skip_tracking":false,"_monsterinsights_sitenote_active":false,"_monsterinsights_sitenote_note":"","_monsterinsights_sitenote_category":0},"product_brand":[],"product_cat":[12291,17033],"product_tag":[],"class_list":{"0":"post-770783","1":"product","2":"type-product","3":"status-publish","5":"product_cat-edebiyat","6":"product_cat-korku-gerilim","7":"pa_cilt-ciltsiz","8":"pa_tur-kitap","9":"pa_yayinevi-inkilap-kitabevi","10":"pa_yazar-stephen-king","12":"first","13":"instock","14":"sale","15":"shipping-taxable","16":"purchasable","17":"product-type-simple"},"_links":{"self":[{"href":"https:\/\/roveyayinevi.com.tr\/index.php\/wp-json\/wp\/v2\/product\/770783","targetHints":{"allow":["GET"]}}],"collection":[{"href":"https:\/\/roveyayinevi.com.tr\/index.php\/wp-json\/wp\/v2\/product"}],"about":[{"href":"https:\/\/roveyayinevi.com.tr\/index.php\/wp-json\/wp\/v2\/types\/product"}],"wp:attachment":[{"href":"https:\/\/roveyayinevi.com.tr\/index.php\/wp-json\/wp\/v2\/media?parent=770783"}],"wp:term":[{"taxonomy":"product_brand","embeddable":true,"href":"https:\/\/roveyayinevi.com.tr\/index.php\/wp-json\/wp\/v2\/product_brand?post=770783"},{"taxonomy":"product_cat","embeddable":true,"href":"https:\/\/roveyayinevi.com.tr\/index.php\/wp-json\/wp\/v2\/product_cat?post=770783"},{"taxonomy":"product_tag","embeddable":true,"href":"https:\/\/roveyayinevi.com.tr\/index.php\/wp-json\/wp\/v2\/product_tag?post=770783"}],"curies":[{"name":"wp","href":"https:\/\/api.w.org\/{rel}","templated":true}]}}