{"id":770782,"date":"2025-08-28T14:43:04","date_gmt":"2025-08-28T11:43:04","guid":{"rendered":"https:\/\/roveyayinevi.com.tr\/index.php\/urun\/mujde\/"},"modified":"2026-04-15T03:37:11","modified_gmt":"2026-04-15T00:37:11","slug":"mujde","status":"publish","type":"product","link":"https:\/\/roveyayinevi.com.tr\/index.php\/urun\/mujde\/","title":{"rendered":"M\u00fcjde"},"content":{"rendered":"<p>D\u00fcnya karanl\u0131klar\u0131nda bo\u011fulsa Ben yine sana \u015fiir yazaca\u011f\u0131m O an vazge\u00e7ilenler k\u0131z, o\u011fulsa Ben yine sana \u015fiir yazaca\u011f\u0131m   T\u0131ls\u0131m\u0131n\u0131 yitirse en s\u0131cak anlar G\u00f6kleri sarsa zifiri kirli zanlar Sazlar\u0131n\u0131 k\u0131rsalar bile ozanlar Ben yine sana \u015fiir yazaca\u011f\u0131m   Kudurdu cihan, azd\u0131k\u00e7a azs\u0131n Sen ki zemheriye gelen yazs\u0131n B\u0131rak herkes cihana \u015fiir yazs\u0131n Ben yine sana \u015fiir yazaca\u011f\u0131m   Aslan ceylan\u0131n geli\u015fine vuruldu Ulu yay gibi y\u00e2r yoluna kuruldu Herkes dese \u201csevdas\u0131 duruldu\u201d Ben yine sana \u015fiir yazaca\u011f\u0131m<\/p>\n","protected":false},"excerpt":{"rendered":"<p>D\u00fcnya karanl\u0131klar\u0131nda bo\u011fulsa Ben yine sana \u015fiir yazaca\u011f\u0131m O an vazge\u00e7ilenler k\u0131z, o\u011fulsa Ben yine sana \u015fiir yazaca\u011f\u0131m T\u0131ls\u0131m\u0131n\u0131 yitirse en s\u0131cak anlar G\u00f6kleri sarsa zifiri<span class=\"excerpt-hellip\"> [\u2026]<\/span><\/p>\n","protected":false},"featured_media":0,"template":"","meta":{"_monsterinsights_skip_tracking":false,"_monsterinsights_sitenote_active":false,"_monsterinsights_sitenote_note":"","_monsterinsights_sitenote_category":0},"product_brand":[],"product_cat":[12291,12509],"product_tag":[],"class_list":{"0":"post-770782","1":"product","2":"type-product","3":"status-publish","5":"product_cat-edebiyat","6":"product_cat-siir","7":"pa_cilt-ciltsiz","8":"pa_tur-kitap","9":"pa_yayinevi-luna-yayinlari","10":"pa_yazar-muhammed-akif-bayraktar","12":"first","13":"instock","14":"sale","15":"shipping-taxable","16":"purchasable","17":"product-type-simple"},"_links":{"self":[{"href":"https:\/\/roveyayinevi.com.tr\/index.php\/wp-json\/wp\/v2\/product\/770782","targetHints":{"allow":["GET"]}}],"collection":[{"href":"https:\/\/roveyayinevi.com.tr\/index.php\/wp-json\/wp\/v2\/product"}],"about":[{"href":"https:\/\/roveyayinevi.com.tr\/index.php\/wp-json\/wp\/v2\/types\/product"}],"wp:attachment":[{"href":"https:\/\/roveyayinevi.com.tr\/index.php\/wp-json\/wp\/v2\/media?parent=770782"}],"wp:term":[{"taxonomy":"product_brand","embeddable":true,"href":"https:\/\/roveyayinevi.com.tr\/index.php\/wp-json\/wp\/v2\/product_brand?post=770782"},{"taxonomy":"product_cat","embeddable":true,"href":"https:\/\/roveyayinevi.com.tr\/index.php\/wp-json\/wp\/v2\/product_cat?post=770782"},{"taxonomy":"product_tag","embeddable":true,"href":"https:\/\/roveyayinevi.com.tr\/index.php\/wp-json\/wp\/v2\/product_tag?post=770782"}],"curies":[{"name":"wp","href":"https:\/\/api.w.org\/{rel}","templated":true}]}}