{"id":770781,"date":"2025-08-28T14:43:03","date_gmt":"2025-08-28T11:43:03","guid":{"rendered":"https:\/\/roveyayinevi.com.tr\/index.php\/urun\/psiko-manevi-acidan-ayrismalarim\/"},"modified":"2026-04-15T03:37:11","modified_gmt":"2026-04-15T00:37:11","slug":"psiko-manevi-acidan-ayrismalarim","status":"publish","type":"product","link":"https:\/\/roveyayinevi.com.tr\/index.php\/urun\/psiko-manevi-acidan-ayrismalarim\/","title":{"rendered":"Psiko-Manevi A\u00e7\u0131dan Ayr\u0131\u015fmalar\u0131m"},"content":{"rendered":"<p>Yazar, terapistinin refakatinde ba\u015flatt\u0131\u011f\u0131 i\u00e7 yolculu\u011funu ve iyile\u015fme s\u00fcrecini b\u00fcy\u00fck bir samimiyet ve cesaretle bizlere anlat\u0131yor. Kadim k\u00fclt\u00fcr ve medeniyetimizde mevcut olan ancak sek\u00fcler bilim anlay\u0131\u015f\u0131yla \u00f6telenen \u201cnefs ilmi\u201dnin yeniden canlanmas\u0131, anla\u015f\u0131lmas\u0131 ve yay\u0131lmas\u0131 i\u00e7in b\u00f6yle kitaplara \u00e7ok ihtiyac\u0131m\u0131z var. Dr. Mustafa Merter   Bu kitap, bir dan\u0131\u015fan\u0131n terap\u00f6tik yolculu\u011funda nefsi ve psikolojisi aras\u0131ndaki derin etkile\u015fimi ke\u015ffetmesini konu al\u0131yor. Yazar\u0131n cesurca ve samimiyetle payla\u015ft\u0131\u011f\u0131 terapi s\u00fcreci, ayn\u0131 zamanda t\u00fcm insanl\u0131\u011f\u0131n ortak anlam aray\u0131\u015f\u0131n\u0131 yans\u0131tan bir rehber niteli\u011fi ta\u015f\u0131yor. Kitap boyunca, dan\u0131\u015fan\u0131n r\u00fcyalar\u0131n\u0131n \u00e7\u00f6z\u00fcmlemesi e\u015fli\u011finde geli\u015fen terapi seanslar\u0131, i\u00e7sel bir fark\u0131ndal\u0131k ve manevi d\u00f6n\u00fc\u015f\u00fcm s\u00fcrecini g\u00f6zler \u00f6n\u00fcne seriyor. Kendi terapi deneyimlerini ve manevi fark\u0131ndal\u0131klar\u0131n\u0131 kaleme almas\u0131 itibar\u0131yla alan\u0131nda \u00f6zg\u00fcn bir nitelik ta\u015f\u0131yan bu kitab\u0131 okurken, yaln\u0131zca bir dan\u0131\u015fan\u0131n s\u00fcrecine tan\u0131kl\u0131k etmeyecek, ayn\u0131 zamanda kendinizi bu derin ke\u015ffin bir par\u00e7as\u0131 gibi hissedeceksiniz. Yazar\u0131n terapi deneyimine sizler de e\u015flik ederek, i\u00e7sel denge ve huzur aray\u0131\u015f\u0131nda nefsi ve psikolojik yap\u0131y\u0131 tan\u0131man\u0131n ve bu donan\u0131m ile sa\u011fl\u0131kl\u0131 bir benlik in\u015fa etmenin yollar\u0131n\u0131 ke\u015ffedeceksiniz. Manevi geli\u015fim ve psikolojik iyile\u015fme s\u00fcre\u00e7lerine dair k\u0131ymetli ipu\u00e7lar\u0131yla dolu bu kitap, okuyucusunu kendi ruhsal yolculu\u011funa da \u00e7\u0131kmaya te\u015fvik ediyor. <\/p>\n","protected":false},"excerpt":{"rendered":"<p>Yazar, terapistinin refakatinde ba\u015flatt\u0131\u011f\u0131 i\u00e7 yolculu\u011funu ve iyile\u015fme s\u00fcrecini b\u00fcy\u00fck bir samimiyet ve cesaretle bizlere anlat\u0131yor. Kadim k\u00fclt\u00fcr ve medeniyetimizde mevcut olan ancak sek\u00fcler bilim anlay\u0131\u015f\u0131yla<span class=\"excerpt-hellip\"> [\u2026]<\/span><\/p>\n","protected":false},"featured_media":0,"template":"","meta":{"_monsterinsights_skip_tracking":false,"_monsterinsights_sitenote_active":false,"_monsterinsights_sitenote_note":"","_monsterinsights_sitenote_category":0},"product_brand":[],"product_cat":[12357],"product_tag":[],"class_list":{"0":"post-770781","1":"product","2":"type-product","3":"status-publish","5":"product_cat-psikoloji","6":"pa_cilt-ciltsiz","7":"pa_tur-kitap","8":"pa_yayinevi-caglayan-kitap","9":"pa_yazar-guray-sadik","11":"first","12":"instock","13":"sale","14":"shipping-taxable","15":"purchasable","16":"product-type-simple"},"_links":{"self":[{"href":"https:\/\/roveyayinevi.com.tr\/index.php\/wp-json\/wp\/v2\/product\/770781","targetHints":{"allow":["GET"]}}],"collection":[{"href":"https:\/\/roveyayinevi.com.tr\/index.php\/wp-json\/wp\/v2\/product"}],"about":[{"href":"https:\/\/roveyayinevi.com.tr\/index.php\/wp-json\/wp\/v2\/types\/product"}],"wp:attachment":[{"href":"https:\/\/roveyayinevi.com.tr\/index.php\/wp-json\/wp\/v2\/media?parent=770781"}],"wp:term":[{"taxonomy":"product_brand","embeddable":true,"href":"https:\/\/roveyayinevi.com.tr\/index.php\/wp-json\/wp\/v2\/product_brand?post=770781"},{"taxonomy":"product_cat","embeddable":true,"href":"https:\/\/roveyayinevi.com.tr\/index.php\/wp-json\/wp\/v2\/product_cat?post=770781"},{"taxonomy":"product_tag","embeddable":true,"href":"https:\/\/roveyayinevi.com.tr\/index.php\/wp-json\/wp\/v2\/product_tag?post=770781"}],"curies":[{"name":"wp","href":"https:\/\/api.w.org\/{rel}","templated":true}]}}