{"id":770780,"date":"2025-08-28T14:43:01","date_gmt":"2025-08-28T11:43:01","guid":{"rendered":"https:\/\/roveyayinevi.com.tr\/index.php\/urun\/ikonik-tablolar\/"},"modified":"2026-04-15T03:37:11","modified_gmt":"2026-04-15T00:37:11","slug":"ikonik-tablolar","status":"publish","type":"product","link":"https:\/\/roveyayinevi.com.tr\/index.php\/urun\/ikonik-tablolar\/","title":{"rendered":"\u0130konik Tablolar"},"content":{"rendered":"<p>1. Jan van Eyck\u2019in \u0130talyan Hac Yolculu\u011fu. Mucizevi Bir Floransa M\u00fcjdesi ve Gent Sunak Resmi &#8211; Penny Howell Jolly Jan van Eyck\u2019in olas\u0131 \u0130talya hac yolculu\u011funun izleri, eserlerinde gizlidir. Penny Howell Jolly, Eyck\u2019in Gent Sunak Resmi ve M\u00fcjde gibi \u00f6ne \u00e7\u0131kan \u00e7al\u0131\u015fmalar\u0131n\u0131 inceleyerek, sanat\u00e7\u0131n\u0131n eserlerindeki k\u00fclt\u00fcrel, din\u00ee ve g\u00f6rsel \u00f6geleri a\u00e7\u0131\u011fa \u00e7\u0131kar\u0131r. Eyck\u2019in eserlerine dikkatlice i\u015fledi\u011fi semboller, sanat\u00e7\u0131n\u0131n seyahatleri ve bu seyahatlerin eserlerine olan etkisinin d\u0131\u015favurumudur. Bu eser, okuyucuyu bir ressam\u0131n sanat\u0131na, inan\u00e7lar\u0131na ve g\u00f6rsel k\u00fclt\u00fcr tarihine do\u011fru ger\u00e7ekle\u015fen gizemli bir ke\u015ffe davet eder. Her bir detay, Eyck\u2019in sakl\u0131 anlamlar\u0131n\u0131n d\u00fcnyas\u0131na \u0131\u015f\u0131k tutar.   2. Venedik\u2019te Aziz Jerome: Giovanni Bellini ve Yaln\u0131z Ya\u015fam R\u00fcyas\u0131 &#8211; Hans Belting Aziz Jerome sadece bir \u00e7\u00f6l azizi midir, yoksa i\u00e7e bak\u0131\u015f\u0131n g\u00f6rsel bir tasviri mi? Giovanni Bellini, Venedik topraklar\u0131nda, do\u011fayla i\u00e7 i\u00e7e bir fig\u00fcr resmederken yaln\u0131zl\u0131\u011f\u0131n farkl\u0131 boyutlar\u0131n\u0131 g\u00f6zler \u00f6n\u00fcne serer. Bellini\u2019nin tasar\u0131m\u0131nda zaman adeta durmu\u015f gibidir; bu dinginlik i\u00e7erisinde her bir \u00e7izgi ve detay, anlam aray\u0131\u015f\u0131 i\u00e7in bir f\u0131rsatt\u0131r. Hans Belting, Bellini\u2019nin eserlerinde bizi g\u00f6rsel huzurun \u00f6tesinde zihinsel bir yolculu\u011fa \u00e7\u0131kar\u0131rken, yaln\u0131zl\u0131k, manevi g\u00fc\u00e7 ve resmedilmi\u015f sessizli\u011fin ne anlama geldi\u011fini yeniden d\u00fc\u015f\u00fcnmemize olanak tan\u0131r.     3. Leonardo\u2019nun \u201cSon Ak\u015fam Yeme\u011fi\u201d \u00dczerine D\u00fc\u015f\u00fcnceler \u2013 Joseph Polzer \u201cSon Ak\u015fam Yeme\u011fi\u201dni bir sondan ziyade ba\u015flang\u0131\u00e7 olarak g\u00f6rmek gerekir. Leonardo da Vinci\u2019nin en \u00f6nemli \u00e7al\u0131\u015fmalar\u0131ndan biri olan bu eser, sadece bir andan ibaret olmay\u0131p, zaman\u0131n ve anlam\u0131n \u00f6tesine ge\u00e7i\u015fin de sembol\u00fcd\u00fcr. Joseph Polzer, eserin restorasyon s\u00fcreci sonras\u0131nda, bu \u00e7al\u0131\u015fmay\u0131 her y\u00f6n\u00fcyle mercek alt\u0131na al\u0131rken, izleyicinin a\u015fina oldu\u011fu bu imgede sakl\u0131 gizemleri ke\u015ffetme f\u0131rsat\u0131 sunar. Perspektif, ifade ve bo\u015fluklarla hayat bulan bu \u00e7al\u0131\u015fma, karma\u015f\u0131k do\u011fas\u0131yla okurlar\u0131 ve izleyicisini derinden etkilemeyi s\u00fcrd\u00fcr\u00fcr. Polzer\u2019in \u00e7al\u0131\u015fmas\u0131, klasik ikonografiye yeni bir bak\u0131\u015f a\u00e7\u0131s\u0131 getirerek anlam\u0131n s\u00fcrekli de\u011fi\u015fen do\u011fas\u0131na dikkat \u00e7eker.   4. Cenneti G\u00f6stermek: Botticelli\u2019nin \u201cBakirenin Ta\u00e7 Giyme T\u00f6reni\u201d ve Arac\u0131l\u0131 \u0130mgeler \u2013 Charles Burroughs Cennet nas\u0131l tasvir edilebilir ve bir ressam\u0131n bunu g\u00f6sterme olana\u011f\u0131 var m\u0131d\u0131r? Botticelli\u2019nin \u201cBakirenin Ta\u00e7 Giyme T\u00f6reni\u201d adl\u0131 eseri, ilahi ve d\u00fcnyevi olan aras\u0131ndaki s\u0131n\u0131r\u0131 belirsizle\u015ftirir. Charles Burroughs bu eserde sembollerin rol\u00fcn\u00fc inceler ve Tanr\u0131\u2019n\u0131n tasavvurunu yery\u00fcz\u00fcnde g\u00f6stermeye \u00e7abalayan bir sanat\u00e7\u0131n\u0131n me\u015fakkatli g\u00f6revini ele al\u0131r. Bu \u00e7al\u0131\u015fma, din\u00ee anlat\u0131n\u0131n g\u00f6rsel ve sembolik ifadelerini inceleyerek, inan\u00e7 ve sanat aras\u0131ndaki ba\u011flant\u0131y\u0131 sorgular. Ayr\u0131ca g\u00f6rsel \u00e7al\u0131\u015fman\u0131n rit\u00fcellerle birle\u015ferek ortaya \u00e7\u0131karm\u0131\u015f oldu\u011fu manevi g\u00fcc\u00fcyle, okuru imgelerin d\u00fcnyas\u0131na \u00e7ekilmeye davet eder.   5. Michelangelo ve Medusa\u2019n\u0131n Bak\u0131\u015f\u0131 \u2013 Mary D. Garrard Michelangelo\u2019nun Kleopatra \u00e7izimi, sadece birer form olmaktan \u00f6te ayn\u0131 zamanda bak\u0131\u015f\u0131n g\u00fc\u00e7l\u00fc bir ifadesidir. Mary D. Garrard, Medusa efsanesi ve Michelangelo\u2019nun \u00e7izimi aras\u0131nda paralellik kurarak, bu fig\u00fcrlerin sahip oldu\u011fu g\u00fc\u00e7 ve korku unsurunu cinsiyet \u00fczerinden ara\u015ft\u0131r\u0131r. Garrard, sanat\u00e7\u0131n\u0131n \u00e7izimlerinde bak\u0131\u015f ve donmu\u015f bedenler aras\u0131nda yarat\u0131lan gerilimin anlam\u0131n\u0131 sorgulamaya tabi tutar. \u00c7al\u0131\u015fma, sanatta mitolojik \u00f6gelerin kullan\u0131m\u0131yla ortaya \u00e7\u0131kan d\u00f6n\u00fc\u015f\u00fcm\u00fcn izini s\u00fcrer ve okuyucuyu Medusa etkisinden \u00f6nceki an\u0131 g\u00f6rmeye \u00e7a\u011f\u0131r\u0131r. Michelangelo\u2019nun eserlerinde gizlenen bu an, sanatta derin bir anlam ta\u015f\u0131r.   6. K\u0131rm\u0131z\u0131y\u0131 G\u00f6rmek: Titian Daha \u0130yisini Bilemeyecek Kadar Gen\u00e7 miydi? \u2013 Beverly Louise Brown Titian\u2019\u0131n erken d\u00f6nem eserlerinde se\u00e7ti\u011fi k\u0131rm\u0131z\u0131, sadece bir renge de\u011fil, ayn\u0131 zamanda bir ifadeye de kar\u015f\u0131l\u0131k gelir. Beverly Louise Brown \u00e7al\u0131\u015fmas\u0131nda, Titian\u2019\u0131n resimlerindeki k\u0131rm\u0131z\u0131 rengini, sanat\u00e7\u0131n\u0131n ya\u015f\u0131n\u0131n ve deneyiminin \u00f6tesinde nas\u0131l bir anlama sahip oldu\u011funu tart\u0131\u015f\u0131r. Titian\u2019\u0131n erken d\u00f6nem eserlerindeki cesur renk tercihleri arzunun, karars\u0131zl\u0131\u011f\u0131n ya da belki de bir deneyimsizli\u011fin yans\u0131mas\u0131d\u0131r. Bu \u00e7al\u0131\u015fma, okuyucuyu sanat\u00e7\u0131n\u0131n renk se\u00e7imlerinde estetik kayg\u0131lardan \u00e7ok daha fazlas\u0131n\u0131n olup olmad\u0131\u011f\u0131na dair bir sorgulamaya y\u00f6neltir. K\u0131rm\u0131z\u0131 burada yaln\u0131zca bir pigment midir, yoksa gen\u00e7li\u011fin, cesaretin ya da al\u0131nan risklerin simgesi midir?   7. \u201cDaha Usta ve Kararl\u0131 Bir El\u201d: Giorgio Vasari\u2019nin Lives of Artists\u2019inde Manzara Resminin Tarihi\u201d \u2013 Karen Hope Goodchild Giorgio Vasari\u2019nin \u201cLives of Artists\u201d kitab\u0131, manzara resminin, sanat\u0131n ve do\u011fan\u0131n birle\u015fti\u011fi noktalar\u0131n, derinlemesine tahlilidir. Karen Hope Goodchild, manzara tarihini, Vasari\u2019nin metninde sakl\u0131 detaylardan yola \u00e7\u0131karak incelemeye tabi tutar. Bu \u00e7al\u0131\u015fma, manzara resminin sanat tarihindeki konumunu ve zaman i\u00e7inde nas\u0131l \u015fekillendi\u011fini yeniden ke\u015ffeder. Vasari\u2019nin g\u00f6zlemleri, do\u011fa ve sanat aras\u0131ndaki ba\u011flant\u0131y\u0131 incelerken, okuyucuyu sadece d\u0131\u015f d\u00fcnyay\u0131 de\u011fil, ayn\u0131 zamanda bu d\u00fcnyan\u0131n resmedilme bi\u00e7imini de sorgulamaya \u00e7a\u011f\u0131r\u0131r. Her bir manzara, yeni bir anlat\u0131n\u0131n kap\u0131lar\u0131n\u0131 aralar.   8. \u201cPieter Bruegel\u2019in Manzara \u00c7izimlerinin Tarihlendirilmesine Yeniden Bak\u0131\u015f ve Yeni bir Ke\u015fif\u201d \u2013 Manfred Sellink Pieter Bruegel, manzara \u00e7izimlerinde co\u011frafi niteliklerin yan\u0131 s\u0131ra zamana dair derin anlamlar iletir. Manfred Sellink, Bruegel\u2019in eserlerine farkl\u0131 bir perspektifle yakla\u015f\u0131rken sanat\u00e7\u0131n\u0131n \u00e7izgilerinin zaman i\u00e7erisinde hangi izler b\u0131rakt\u0131\u011f\u0131n\u0131 inceler. Bu \u00e7al\u0131\u015fma, Bruegel\u2019in manzara \u00e7izimlerinin yaln\u0131zca d\u0131\u015f d\u00fcnyaya ayna tutmak olmad\u0131\u011f\u0131n\u0131, ayr\u0131ca bir zaman ve mek\u00e2n anlay\u0131\u015f\u0131n\u0131 da kapsad\u0131\u011f\u0131n\u0131 g\u00f6zler \u00f6n\u00fcne serer. Yeni bulgularla, a\u015fina olunan imgelerin ard\u0131nda gizlenenler, okuyucuyu etkileyici bir bi\u00e7imde sorgulamaya y\u00f6nlendirir.<\/p>\n","protected":false},"excerpt":{"rendered":"<p>1. Jan van Eyck\u2019in \u0130talyan Hac Yolculu\u011fu. Mucizevi Bir Floransa M\u00fcjdesi ve Gent Sunak Resmi &#8211; Penny Howell Jolly Jan van Eyck\u2019in olas\u0131 \u0130talya hac yolculu\u011funun<span class=\"excerpt-hellip\"> [\u2026]<\/span><\/p>\n","protected":false},"featured_media":0,"template":"","meta":{"_monsterinsights_skip_tracking":false,"_monsterinsights_sitenote_active":false,"_monsterinsights_sitenote_note":"","_monsterinsights_sitenote_category":0},"product_brand":[],"product_cat":[12408],"product_tag":[],"class_list":{"0":"post-770780","1":"product","2":"type-product","3":"status-publish","5":"product_cat-sanat","6":"pa_cilt-ciltsiz","7":"pa_tur-kitap","8":"pa_yayinevi-fol-kitap","9":"pa_yazar-kolektif","11":"first","12":"instock","13":"sale","14":"shipping-taxable","15":"purchasable","16":"product-type-simple"},"_links":{"self":[{"href":"https:\/\/roveyayinevi.com.tr\/index.php\/wp-json\/wp\/v2\/product\/770780","targetHints":{"allow":["GET"]}}],"collection":[{"href":"https:\/\/roveyayinevi.com.tr\/index.php\/wp-json\/wp\/v2\/product"}],"about":[{"href":"https:\/\/roveyayinevi.com.tr\/index.php\/wp-json\/wp\/v2\/types\/product"}],"wp:attachment":[{"href":"https:\/\/roveyayinevi.com.tr\/index.php\/wp-json\/wp\/v2\/media?parent=770780"}],"wp:term":[{"taxonomy":"product_brand","embeddable":true,"href":"https:\/\/roveyayinevi.com.tr\/index.php\/wp-json\/wp\/v2\/product_brand?post=770780"},{"taxonomy":"product_cat","embeddable":true,"href":"https:\/\/roveyayinevi.com.tr\/index.php\/wp-json\/wp\/v2\/product_cat?post=770780"},{"taxonomy":"product_tag","embeddable":true,"href":"https:\/\/roveyayinevi.com.tr\/index.php\/wp-json\/wp\/v2\/product_tag?post=770780"}],"curies":[{"name":"wp","href":"https:\/\/api.w.org\/{rel}","templated":true}]}}