{"id":770779,"date":"2025-08-28T14:43:00","date_gmt":"2025-08-28T11:43:00","guid":{"rendered":"https:\/\/roveyayinevi.com.tr\/index.php\/urun\/pieter-bruegelin-manzara-cizimlerinin-tarihlendirilmesine-yeniden-bakis-ve-yeni-bir-kesif\/"},"modified":"2026-04-15T03:37:11","modified_gmt":"2026-04-15T00:37:11","slug":"pieter-bruegelin-manzara-cizimlerinin-tarihlendirilmesine-yeniden-bakis-ve-yeni-bir-kesif","status":"publish","type":"product","link":"https:\/\/roveyayinevi.com.tr\/index.php\/urun\/pieter-bruegelin-manzara-cizimlerinin-tarihlendirilmesine-yeniden-bakis-ve-yeni-bir-kesif\/","title":{"rendered":"Pieter Bruegel\u2019in Manzara \u00c7izimlerinin Tarihlendirilmesine Yeniden Bak\u0131\u015f ve Yeni Bir Ke\u015fif"},"content":{"rendered":"<p>Pieter Bruegel, manzara \u00e7izimlerinde co\u011frafi niteliklerin yan\u0131 s\u0131ra zamana dair derin anlamlar iletir. Manfred Sellink, Bruegel\u2019in eserlerine farkl\u0131 bir perspektifle yakla\u015f\u0131rken sanat\u00e7\u0131n\u0131n \u00e7izgilerinin zaman i\u00e7erisinde hangi izler b\u0131rakt\u0131\u011f\u0131n\u0131 inceler. Bu \u00e7al\u0131\u015fma, Bruegel\u2019in manzara \u00e7izimlerinin yaln\u0131zca d\u0131\u015f d\u00fcnyaya ayna tutmak olmad\u0131\u011f\u0131n\u0131, ayr\u0131ca bir zaman ve mek\u00e2n anlay\u0131\u015f\u0131n\u0131 da kapsad\u0131\u011f\u0131n\u0131 g\u00f6zler \u00f6n\u00fcne serer. Yeni bulgularla, a\u015fina olunan imgelerin ard\u0131nda gizlenenler, okuyucuyu etkileyici bir bi\u00e7imde sorgulamaya y\u00f6nlendirir. <\/p>\n","protected":false},"excerpt":{"rendered":"<p>Pieter Bruegel, manzara \u00e7izimlerinde co\u011frafi niteliklerin yan\u0131 s\u0131ra zamana dair derin anlamlar iletir. Manfred Sellink, Bruegel\u2019in eserlerine farkl\u0131 bir perspektifle yakla\u015f\u0131rken sanat\u00e7\u0131n\u0131n \u00e7izgilerinin zaman i\u00e7erisinde hangi<span class=\"excerpt-hellip\"> [\u2026]<\/span><\/p>\n","protected":false},"featured_media":0,"template":"","meta":{"_monsterinsights_skip_tracking":false,"_monsterinsights_sitenote_active":false,"_monsterinsights_sitenote_note":"","_monsterinsights_sitenote_category":0},"product_brand":[],"product_cat":[12408],"product_tag":[],"class_list":{"0":"post-770779","1":"product","2":"type-product","3":"status-publish","5":"product_cat-sanat","6":"pa_cilt-ciltsiz","7":"pa_tur-kitap","8":"pa_yayinevi-fol-kitap","9":"pa_yazar-manfred-sellink","11":"first","12":"instock","13":"sale","14":"shipping-taxable","15":"purchasable","16":"product-type-simple"},"_links":{"self":[{"href":"https:\/\/roveyayinevi.com.tr\/index.php\/wp-json\/wp\/v2\/product\/770779","targetHints":{"allow":["GET"]}}],"collection":[{"href":"https:\/\/roveyayinevi.com.tr\/index.php\/wp-json\/wp\/v2\/product"}],"about":[{"href":"https:\/\/roveyayinevi.com.tr\/index.php\/wp-json\/wp\/v2\/types\/product"}],"wp:attachment":[{"href":"https:\/\/roveyayinevi.com.tr\/index.php\/wp-json\/wp\/v2\/media?parent=770779"}],"wp:term":[{"taxonomy":"product_brand","embeddable":true,"href":"https:\/\/roveyayinevi.com.tr\/index.php\/wp-json\/wp\/v2\/product_brand?post=770779"},{"taxonomy":"product_cat","embeddable":true,"href":"https:\/\/roveyayinevi.com.tr\/index.php\/wp-json\/wp\/v2\/product_cat?post=770779"},{"taxonomy":"product_tag","embeddable":true,"href":"https:\/\/roveyayinevi.com.tr\/index.php\/wp-json\/wp\/v2\/product_tag?post=770779"}],"curies":[{"name":"wp","href":"https:\/\/api.w.org\/{rel}","templated":true}]}}