{"id":770778,"date":"2025-08-28T14:42:58","date_gmt":"2025-08-28T11:42:58","guid":{"rendered":"https:\/\/roveyayinevi.com.tr\/index.php\/urun\/daha-usta-ve-kararli-bir-el-giorgio-vasarinin-lives-of-artistsinde-manzara-resminin-tarihi\/"},"modified":"2026-04-15T03:37:11","modified_gmt":"2026-04-15T00:37:11","slug":"daha-usta-ve-kararli-bir-el-giorgio-vasarinin-lives-of-artistsinde-manzara-resminin-tarihi","status":"publish","type":"product","link":"https:\/\/roveyayinevi.com.tr\/index.php\/urun\/daha-usta-ve-kararli-bir-el-giorgio-vasarinin-lives-of-artistsinde-manzara-resminin-tarihi\/","title":{"rendered":"\u201cDaha Usta ve Kararl\u0131 Bir El\u201d: Giorgio Vasari\u2019nin Lives of Artists\u2019inde Manzara Resminin Tarihi\u201d"},"content":{"rendered":"<p>Giorgio Vasari\u2019nin \u201cLives of Artists\u201d kitab\u0131, manzara resminin, sanat\u0131n ve do\u011fan\u0131n birle\u015fti\u011fi noktalar\u0131n, derinlemesine tahlilidir. Karen Hope Goodchild, manzara tarihini, Vasari\u2019nin metninde sakl\u0131 detaylardan yola \u00e7\u0131karak incelemeye tabi tutar. Bu \u00e7al\u0131\u015fma, manzara resminin sanat tarihindeki konumunu ve zaman i\u00e7inde nas\u0131l \u015fekillendi\u011fini yeniden ke\u015ffeder. Vasari\u2019nin g\u00f6zlemleri, do\u011fa ve sanat aras\u0131ndaki ba\u011flant\u0131y\u0131 incelerken, okuyucuyu sadece d\u0131\u015f d\u00fcnyay\u0131 de\u011fil, ayn\u0131 zamanda bu d\u00fcnyan\u0131n resmedilme bi\u00e7imini de sorgulamaya \u00e7a\u011f\u0131r\u0131r. Her bir manzara, yeni bir anlat\u0131n\u0131n kap\u0131lar\u0131n\u0131 aralar. <\/p>\n","protected":false},"excerpt":{"rendered":"<p>Giorgio Vasari\u2019nin \u201cLives of Artists\u201d kitab\u0131, manzara resminin, sanat\u0131n ve do\u011fan\u0131n birle\u015fti\u011fi noktalar\u0131n, derinlemesine tahlilidir. Karen Hope Goodchild, manzara tarihini, Vasari\u2019nin metninde sakl\u0131 detaylardan yola \u00e7\u0131karak<span class=\"excerpt-hellip\"> [\u2026]<\/span><\/p>\n","protected":false},"featured_media":0,"template":"","meta":{"_monsterinsights_skip_tracking":false,"_monsterinsights_sitenote_active":false,"_monsterinsights_sitenote_note":"","_monsterinsights_sitenote_category":0},"product_brand":[],"product_cat":[12408],"product_tag":[],"class_list":{"0":"post-770778","1":"product","2":"type-product","3":"status-publish","5":"product_cat-sanat","6":"pa_cilt-ciltsiz","7":"pa_tur-kitap","8":"pa_yayinevi-fol-kitap","9":"pa_yazar-karen-hope-goodchild","11":"first","12":"instock","13":"sale","14":"shipping-taxable","15":"purchasable","16":"product-type-simple"},"_links":{"self":[{"href":"https:\/\/roveyayinevi.com.tr\/index.php\/wp-json\/wp\/v2\/product\/770778","targetHints":{"allow":["GET"]}}],"collection":[{"href":"https:\/\/roveyayinevi.com.tr\/index.php\/wp-json\/wp\/v2\/product"}],"about":[{"href":"https:\/\/roveyayinevi.com.tr\/index.php\/wp-json\/wp\/v2\/types\/product"}],"wp:attachment":[{"href":"https:\/\/roveyayinevi.com.tr\/index.php\/wp-json\/wp\/v2\/media?parent=770778"}],"wp:term":[{"taxonomy":"product_brand","embeddable":true,"href":"https:\/\/roveyayinevi.com.tr\/index.php\/wp-json\/wp\/v2\/product_brand?post=770778"},{"taxonomy":"product_cat","embeddable":true,"href":"https:\/\/roveyayinevi.com.tr\/index.php\/wp-json\/wp\/v2\/product_cat?post=770778"},{"taxonomy":"product_tag","embeddable":true,"href":"https:\/\/roveyayinevi.com.tr\/index.php\/wp-json\/wp\/v2\/product_tag?post=770778"}],"curies":[{"name":"wp","href":"https:\/\/api.w.org\/{rel}","templated":true}]}}