{"id":770777,"date":"2025-08-28T14:42:57","date_gmt":"2025-08-28T11:42:57","guid":{"rendered":"https:\/\/roveyayinevi.com.tr\/index.php\/urun\/kirmiziyi-gormek-titian-daha-iyisini-bilemeyecek-kadar-genc-miydi\/"},"modified":"2026-04-15T03:37:11","modified_gmt":"2026-04-15T00:37:11","slug":"kirmiziyi-gormek-titian-daha-iyisini-bilemeyecek-kadar-genc-miydi","status":"publish","type":"product","link":"https:\/\/roveyayinevi.com.tr\/index.php\/urun\/kirmiziyi-gormek-titian-daha-iyisini-bilemeyecek-kadar-genc-miydi\/","title":{"rendered":"K\u0131rm\u0131z\u0131y\u0131 G\u00f6rmek: Titian Daha \u0130yisini Bilemeyecek Kadar Gen\u00e7 miydi?"},"content":{"rendered":"<p>Titian\u2019\u0131n erken d\u00f6nem eserlerinde se\u00e7ti\u011fi k\u0131rm\u0131z\u0131, sadece bir renge de\u011fil, ayn\u0131 zamanda bir ifadeye de kar\u015f\u0131l\u0131k gelir. Beverly Louise Brown \u00e7al\u0131\u015fmas\u0131nda, Titian\u2019\u0131n resimlerindeki k\u0131rm\u0131z\u0131 rengini, sanat\u00e7\u0131n\u0131n ya\u015f\u0131n\u0131n ve deneyiminin \u00f6tesinde nas\u0131l bir anlama sahip oldu\u011funu tart\u0131\u015f\u0131r. Titian\u2019\u0131n erken d\u00f6nem eserlerindeki cesur renk tercihleri arzunun, karars\u0131zl\u0131\u011f\u0131n ya da belki de bir deneyimsizli\u011fin yans\u0131mas\u0131d\u0131r. Bu \u00e7al\u0131\u015fma, okuyucuyu sanat\u00e7\u0131n\u0131n renk se\u00e7imlerinde estetik kayg\u0131lardan \u00e7ok daha fazlas\u0131n\u0131n olup olmad\u0131\u011f\u0131na dair bir sorgulamaya y\u00f6neltir. K\u0131rm\u0131z\u0131 burada yaln\u0131zca bir pigment midir, yoksa gen\u00e7li\u011fin, cesaretin ya da al\u0131nan risklerin simgesi midir? <\/p>\n","protected":false},"excerpt":{"rendered":"<p>Titian\u2019\u0131n erken d\u00f6nem eserlerinde se\u00e7ti\u011fi k\u0131rm\u0131z\u0131, sadece bir renge de\u011fil, ayn\u0131 zamanda bir ifadeye de kar\u015f\u0131l\u0131k gelir. Beverly Louise Brown \u00e7al\u0131\u015fmas\u0131nda, Titian\u2019\u0131n resimlerindeki k\u0131rm\u0131z\u0131 rengini, sanat\u00e7\u0131n\u0131n<span class=\"excerpt-hellip\"> [\u2026]<\/span><\/p>\n","protected":false},"featured_media":0,"template":"","meta":{"_monsterinsights_skip_tracking":false,"_monsterinsights_sitenote_active":false,"_monsterinsights_sitenote_note":"","_monsterinsights_sitenote_category":0},"product_brand":[],"product_cat":[12408],"product_tag":[],"class_list":{"0":"post-770777","1":"product","2":"type-product","3":"status-publish","5":"product_cat-sanat","6":"pa_cilt-ciltsiz","7":"pa_tur-kitap","8":"pa_yayinevi-fol-kitap","9":"pa_yazar-beverly-louise-brown","11":"first","12":"instock","13":"sale","14":"shipping-taxable","15":"purchasable","16":"product-type-simple"},"_links":{"self":[{"href":"https:\/\/roveyayinevi.com.tr\/index.php\/wp-json\/wp\/v2\/product\/770777","targetHints":{"allow":["GET"]}}],"collection":[{"href":"https:\/\/roveyayinevi.com.tr\/index.php\/wp-json\/wp\/v2\/product"}],"about":[{"href":"https:\/\/roveyayinevi.com.tr\/index.php\/wp-json\/wp\/v2\/types\/product"}],"wp:attachment":[{"href":"https:\/\/roveyayinevi.com.tr\/index.php\/wp-json\/wp\/v2\/media?parent=770777"}],"wp:term":[{"taxonomy":"product_brand","embeddable":true,"href":"https:\/\/roveyayinevi.com.tr\/index.php\/wp-json\/wp\/v2\/product_brand?post=770777"},{"taxonomy":"product_cat","embeddable":true,"href":"https:\/\/roveyayinevi.com.tr\/index.php\/wp-json\/wp\/v2\/product_cat?post=770777"},{"taxonomy":"product_tag","embeddable":true,"href":"https:\/\/roveyayinevi.com.tr\/index.php\/wp-json\/wp\/v2\/product_tag?post=770777"}],"curies":[{"name":"wp","href":"https:\/\/api.w.org\/{rel}","templated":true}]}}