{"id":770774,"date":"2025-08-28T14:42:50","date_gmt":"2025-08-28T11:42:50","guid":{"rendered":"https:\/\/roveyayinevi.com.tr\/index.php\/urun\/ben-bir-baskasidir\/"},"modified":"2026-04-12T03:28:09","modified_gmt":"2026-04-12T00:28:09","slug":"ben-bir-baskasidir","status":"publish","type":"product","link":"https:\/\/roveyayinevi.com.tr\/index.php\/urun\/ben-bir-baskasidir\/","title":{"rendered":"Ben Bir Ba\u015fkas\u0131d\u0131r"},"content":{"rendered":"<p>Arthur Rimbaud ya\u015fam\u0131n\u0131n \u00e7ok k\u0131sa bir kesitinde \u015fiirin dilini, yap\u0131s\u0131n\u0131, \u015fiirsel s\u00f6ylemi ve imge d\u00fczenini t\u00fcm\u00fcyle de\u011fi\u015ftirmi\u015ftir. \u015eairi k\u00e2hinle\u015ftirerek \u015fiiri \u00e7a\u011fda\u015fla\u015ft\u0131rm\u0131\u015ft\u0131r. On alt\u0131 bu\u00e7uk ya\u015f\u0131nda \u201cK\u00e2hin\u2019in Mektuplar\u0131\u201d ad\u0131yla bilinen iki mektubunda \u201cBen Bir Ba\u015fkas\u0131d\u0131r\u201d diye yazarken, bununla Tanr\u0131\u2019y\u0131, d\u00fcnyay\u0131 ve insan\u0131 de\u011fi\u015ftirmek istedi\u011fini \u00e7ok iyi biliyordu. On yedi ya\u015f\u0131ndan yirmi bir ya\u015f\u0131na kadar, d\u00f6rt y\u0131lda, \u015fiirin b\u00fct\u00fcn geleneklerini, yap\u0131sal ve zihinsel d\u00fczenini alt\u00fcst etti. \u015eiir onun sayesinde par\u00e7aland\u0131. D\u00fczyaz\u0131 \u015fiirleriyle yaratt\u0131\u011f\u0131 \u015fiirsel s\u00f6ylemin dili g\u00fcn\u00fcm\u00fcz modern \u015fiirinin yaz\u0131nsal temellerini olu\u015fturdu. Arthur Rimbaud\u2019nun \u015fiirde ula\u015ft\u0131\u011f\u0131 y\u00fckseklik \u015fiirin son s\u0131n\u0131rlar\u0131 olarak kabul edilir.   1875 y\u0131l\u0131nda yirmi bir ya\u015f\u0131nda \u015fiir yazmay\u0131 b\u0131rakt\u0131; \u00e7\u00fcnk\u00fc s\u00f6z\u00fcn simyas\u0131n\u0131 ke\u015ffetmi\u015f, \u015fiiri tamamlam\u0131\u015f ve sessizli\u011fe eri\u015fmi\u015fti. Sonra ya\u015famak i\u00e7in, ya\u015fam\u0131n kimyas\u0131n\u0131 ke\u015ffetmek i\u00e7in 1880 y\u0131l\u0131nda Afrika\u2019ya gitti.   \u201cRimbaud\u2019dan sonra ne yaz\u0131labilir?\u201d sorusu \u015fimdiye kadar ak\u0131llardan \u00e7\u0131km\u0131\u015f de\u011fildir.   Cehennemde Bir Mevsim ve Illuminations\u2019dan sonra \u015fiir yaz\u0131labilir miydi? Bu soruyu, bir sonraki y\u00fczy\u0131l\u0131n \u015fairleri yan\u0131tlayamad\u0131.   Rimbaud sessizli\u011fe ula\u015fm\u0131\u015f olan ilk \u015fairdir. <\/p>\n","protected":false},"excerpt":{"rendered":"<p>Arthur Rimbaud ya\u015fam\u0131n\u0131n \u00e7ok k\u0131sa bir kesitinde \u015fiirin dilini, yap\u0131s\u0131n\u0131, \u015fiirsel s\u00f6ylemi ve imge d\u00fczenini t\u00fcm\u00fcyle de\u011fi\u015ftirmi\u015ftir. \u015eairi k\u00e2hinle\u015ftirerek \u015fiiri \u00e7a\u011fda\u015fla\u015ft\u0131rm\u0131\u015ft\u0131r. On alt\u0131 bu\u00e7uk ya\u015f\u0131nda \u201cK\u00e2hin\u2019in<span class=\"excerpt-hellip\"> [\u2026]<\/span><\/p>\n","protected":false},"featured_media":0,"template":"","meta":{"_monsterinsights_skip_tracking":false,"_monsterinsights_sitenote_active":false,"_monsterinsights_sitenote_note":"","_monsterinsights_sitenote_category":0},"product_brand":[],"product_cat":[12291],"product_tag":[],"class_list":{"0":"post-770774","1":"product","2":"type-product","3":"status-publish","5":"product_cat-edebiyat","6":"pa_cilt-ciltsiz","7":"pa_tur-kitap","8":"pa_yayinevi-dogu-bati-yayinlari","9":"pa_yazar-arthur-rimbaud","11":"first","12":"instock","13":"sale","14":"shipping-taxable","15":"purchasable","16":"product-type-simple"},"_links":{"self":[{"href":"https:\/\/roveyayinevi.com.tr\/index.php\/wp-json\/wp\/v2\/product\/770774","targetHints":{"allow":["GET"]}}],"collection":[{"href":"https:\/\/roveyayinevi.com.tr\/index.php\/wp-json\/wp\/v2\/product"}],"about":[{"href":"https:\/\/roveyayinevi.com.tr\/index.php\/wp-json\/wp\/v2\/types\/product"}],"wp:attachment":[{"href":"https:\/\/roveyayinevi.com.tr\/index.php\/wp-json\/wp\/v2\/media?parent=770774"}],"wp:term":[{"taxonomy":"product_brand","embeddable":true,"href":"https:\/\/roveyayinevi.com.tr\/index.php\/wp-json\/wp\/v2\/product_brand?post=770774"},{"taxonomy":"product_cat","embeddable":true,"href":"https:\/\/roveyayinevi.com.tr\/index.php\/wp-json\/wp\/v2\/product_cat?post=770774"},{"taxonomy":"product_tag","embeddable":true,"href":"https:\/\/roveyayinevi.com.tr\/index.php\/wp-json\/wp\/v2\/product_tag?post=770774"}],"curies":[{"name":"wp","href":"https:\/\/api.w.org\/{rel}","templated":true}]}}