{"id":770772,"date":"2025-08-28T14:42:47","date_gmt":"2025-08-28T11:42:47","guid":{"rendered":"https:\/\/roveyayinevi.com.tr\/index.php\/urun\/kendini-degistirmek-dunyayi-degistirmek\/"},"modified":"2026-04-12T03:28:09","modified_gmt":"2026-04-12T00:28:09","slug":"kendini-degistirmek-dunyayi-degistirmek","status":"publish","type":"product","link":"https:\/\/roveyayinevi.com.tr\/index.php\/urun\/kendini-degistirmek-dunyayi-degistirmek\/","title":{"rendered":"Kendini De\u011fi\u015ftirmek, D\u00fcnyay\u0131 De\u011fi\u015ftirmek"},"content":{"rendered":"<p>D\u00fcnyay\u0131 de\u011fi\u015ftirmek! \u015eu b\u00fcy\u00fck \u00fclk\u00fc. Farkl\u0131 ama\u00e7lar, g\u00fcd\u00fcler ama hep ayn\u0131 son, ayn\u0131 h\u00fcsran. Peki ya de\u011fi\u015fime nereden ba\u015flamal\u0131. Krishnamurti\u2019nin yan\u0131t\u0131 belli. Ger\u00e7ek devrim insan\u0131n kendi i\u00e7inde ba\u015flar. D\u00fcnyay\u0131 de\u011fi\u015ftirmek istiyorsa \u00f6nce kendisini de\u011fi\u015ftirmeli insan. Zihinsel ve duygusal ko\u015fullanmalar\u0131ndan kurtulmal\u0131. Korkular\u0131n\u0131n, yaln\u0131zl\u0131\u011f\u0131n\u0131n ve ba\u011f\u0131ml\u0131l\u0131klar\u0131n\u0131n d\u00fcnyay\u0131 alg\u0131lama bi\u00e7imini nas\u0131l \u015fekillendirdi\u011fini anlamal\u0131. Sevginin ve \u00f6zg\u00fcrl\u00fc\u011f\u00fcn \u00f6z\u00fcn\u00fc ke\u015ffetmeli. Krishnamurti\u2019nin 1950\u2019li y\u0131llarda d\u00fcnyan\u0131n d\u00f6rt bir yan\u0131ndaki konu\u015fmalar\u0131n\u0131n yer ald\u0131\u011f\u0131 Kendini De\u011fi\u015ftirmek, D\u00fcnyay\u0131 De\u011fi\u015ftirmek okuru derin bir \u00f6z fark\u0131ndal\u0131k yolculu\u011funa, ko\u015fullanmam\u0131\u015f bir zihinle ya\u015faman\u0131n yollar\u0131n\u0131 ke\u015ffetmeye davet ediyor. \u201cGer\u00e7ek devrim i\u00e7seldir ve bu devrim ancak zihin onun pe\u015finde olmad\u0131\u011f\u0131 zaman ger\u00e7ekle\u015febilir.\u201d   \u0130\u015fte ger\u00e7ekli\u011fin ustas\u0131 diyebilece\u011fimiz ki\u015filerden biri.\u2013Henry Miller \u00c7ok az \u00e7a\u011fda\u015f d\u00fc\u015f\u00fcn\u00fcr psikoloji, felsefe ve dini Krishnamurti kadar kusursuz birle\u015ftirebilmi\u015ftir.\u2013Publishers Weekly<\/p>\n","protected":false},"excerpt":{"rendered":"<p>D\u00fcnyay\u0131 de\u011fi\u015ftirmek! \u015eu b\u00fcy\u00fck \u00fclk\u00fc. Farkl\u0131 ama\u00e7lar, g\u00fcd\u00fcler ama hep ayn\u0131 son, ayn\u0131 h\u00fcsran. Peki ya de\u011fi\u015fime nereden ba\u015flamal\u0131. Krishnamurti\u2019nin yan\u0131t\u0131 belli. Ger\u00e7ek devrim insan\u0131n kendi<span class=\"excerpt-hellip\"> [\u2026]<\/span><\/p>\n","protected":false},"featured_media":0,"template":"","meta":{"_monsterinsights_skip_tracking":false,"_monsterinsights_sitenote_active":false,"_monsterinsights_sitenote_note":"","_monsterinsights_sitenote_category":0},"product_brand":[],"product_cat":[12364,12376],"product_tag":[],"class_list":{"0":"post-770772","1":"product","2":"type-product","3":"status-publish","5":"product_cat-genel-konular","6":"product_cat-kisisel-gelisim","7":"pa_cilt-ciltsiz","8":"pa_tur-kitap","9":"pa_yayinevi-kapi-yayinlari","10":"pa_yazar-jiddu-krishnamurti","12":"first","13":"instock","14":"sale","15":"shipping-taxable","16":"purchasable","17":"product-type-simple"},"_links":{"self":[{"href":"https:\/\/roveyayinevi.com.tr\/index.php\/wp-json\/wp\/v2\/product\/770772","targetHints":{"allow":["GET"]}}],"collection":[{"href":"https:\/\/roveyayinevi.com.tr\/index.php\/wp-json\/wp\/v2\/product"}],"about":[{"href":"https:\/\/roveyayinevi.com.tr\/index.php\/wp-json\/wp\/v2\/types\/product"}],"wp:attachment":[{"href":"https:\/\/roveyayinevi.com.tr\/index.php\/wp-json\/wp\/v2\/media?parent=770772"}],"wp:term":[{"taxonomy":"product_brand","embeddable":true,"href":"https:\/\/roveyayinevi.com.tr\/index.php\/wp-json\/wp\/v2\/product_brand?post=770772"},{"taxonomy":"product_cat","embeddable":true,"href":"https:\/\/roveyayinevi.com.tr\/index.php\/wp-json\/wp\/v2\/product_cat?post=770772"},{"taxonomy":"product_tag","embeddable":true,"href":"https:\/\/roveyayinevi.com.tr\/index.php\/wp-json\/wp\/v2\/product_tag?post=770772"}],"curies":[{"name":"wp","href":"https:\/\/api.w.org\/{rel}","templated":true}]}}