{"id":770770,"date":"2025-08-28T14:42:41","date_gmt":"2025-08-28T11:42:41","guid":{"rendered":"https:\/\/roveyayinevi.com.tr\/index.php\/urun\/duvarlarin-arasinda\/"},"modified":"2026-04-13T03:32:54","modified_gmt":"2026-04-13T00:32:54","slug":"duvarlarin-arasinda","status":"publish","type":"product","link":"https:\/\/roveyayinevi.com.tr\/index.php\/urun\/duvarlarin-arasinda\/","title":{"rendered":"Duvarlar\u0131n Aras\u0131nda"},"content":{"rendered":"<p>\u201cBir ba\u015fkas\u0131n\u0131n ba\u015f\u0131ndan ge\u00e7mi\u015f gibi anlat\u0131nca her \u015fey biraz daha anla\u015f\u0131l\u0131r hale geliyor.\u201d \u0130stanbul\u2019da, sadece duvarlar\u0131 kalm\u0131\u015f y\u0131k\u0131k bir kona\u011f\u0131n restorasyon \u00e7al\u0131\u015fmalar\u0131 i\u00e7in, yap\u0131n\u0131n orijinal planlar\u0131 ve hik\u00e2yesi ara\u015ft\u0131r\u0131lmaktad\u0131r. Mimar Murat i\u00e7in ise o g\u00fcnlerde her \u015fey bo\u015fluktur; i\u015fiyle e\u015fzamanl\u0131 olarak hayat onu ge\u00e7mi\u015fle hesapla\u015f\u0131p gelecekle y\u00fczle\u015fmeye zorlar. Fakat hik\u00e2yeler duvarlar\u0131n deliklerine, Ayasofya\u2019n\u0131n kubbelerine, kahvelerin k\u00f6p\u00fcklerine kadar girip bo\u015fluklar\u0131 doldurur. Bedenleri bozarak ruhlar\u0131 tedavi eden bir hekim, hayatlar\u0131na birlikte son vermeyi kararla\u015ft\u0131rd\u0131klar\u0131 kar\u0131s\u0131n\u0131n \u201cyolda\u015f\u201d olmad\u0131\u011f\u0131n\u0131 \u00f6\u011frenen bir devrimci, k\u00fc\u00e7\u00fck eylemlerin hukukuyla u\u011fra\u015fan bir avukat, konakla ilgili farkl\u0131 zamanlara ait bir hik\u00e2yenin par\u00e7alar\u0131 haline gelir. \u201cKal\u0131plar\u0131n d\u0131\u015f\u0131ndaki\u201d \u00f6yk\u00fcleriyle tan\u0131d\u0131\u011f\u0131m\u0131z Ferhat \u00d6zkan bu ilk roman\u0131nda duvarlar\u0131n aras\u0131ndaki insan\u0131 anlat\u0131yor: \u0130lk evi olan anne karn\u0131ndan ruhunu \u00e7evreleyen bedenine, ko\u011fu\u015flardan h\u00fccrelere, kurtar\u0131lm\u0131\u015f b\u00f6lgelerinden mezar\u0131na, hep duvarlar\u0131n aras\u0131ndaki insan\u0131\u2026 Hayat\u0131n bu sakin taraflar\u0131n\u0131 daha \u00f6nce \u00f6\u011frenemedi\u011fim i\u00e7in \u00fcz\u00fcl\u00fcyorum. \u00c7ok sonralar\u0131, \u201cDolayl\u0131 evlerde dolayl\u0131 hayatlar ya\u015fam\u0131\u015f\u0131m me\u011fer,\u201d diye \u00f6zetleyerek anlat\u0131yorum Metin\u2019e. \u201cKonforlu h\u00fccreler, \u00e7at\u0131l\u0131 mezarlar, \u00e7ok odal\u0131 ko\u011fu\u015flar.\u201d<\/p>\n","protected":false},"excerpt":{"rendered":"<p>\u201cBir ba\u015fkas\u0131n\u0131n ba\u015f\u0131ndan ge\u00e7mi\u015f gibi anlat\u0131nca her \u015fey biraz daha anla\u015f\u0131l\u0131r hale geliyor.\u201d \u0130stanbul\u2019da, sadece duvarlar\u0131 kalm\u0131\u015f y\u0131k\u0131k bir kona\u011f\u0131n restorasyon \u00e7al\u0131\u015fmalar\u0131 i\u00e7in, yap\u0131n\u0131n orijinal planlar\u0131<span class=\"excerpt-hellip\"> [\u2026]<\/span><\/p>\n","protected":false},"featured_media":0,"template":"","meta":{"_monsterinsights_skip_tracking":false,"_monsterinsights_sitenote_active":false,"_monsterinsights_sitenote_note":"","_monsterinsights_sitenote_category":0},"product_brand":[],"product_cat":[12291,12711],"product_tag":[],"class_list":{"0":"post-770770","1":"product","2":"type-product","3":"status-publish","5":"product_cat-edebiyat","6":"product_cat-roman-oyku","7":"pa_cilt-ciltsiz","8":"pa_tur-kitap","9":"pa_yayinevi-everest-yayinlari","10":"pa_yazar-ferhat-ozkan","12":"first","13":"instock","14":"sale","15":"shipping-taxable","16":"purchasable","17":"product-type-simple"},"_links":{"self":[{"href":"https:\/\/roveyayinevi.com.tr\/index.php\/wp-json\/wp\/v2\/product\/770770","targetHints":{"allow":["GET"]}}],"collection":[{"href":"https:\/\/roveyayinevi.com.tr\/index.php\/wp-json\/wp\/v2\/product"}],"about":[{"href":"https:\/\/roveyayinevi.com.tr\/index.php\/wp-json\/wp\/v2\/types\/product"}],"wp:attachment":[{"href":"https:\/\/roveyayinevi.com.tr\/index.php\/wp-json\/wp\/v2\/media?parent=770770"}],"wp:term":[{"taxonomy":"product_brand","embeddable":true,"href":"https:\/\/roveyayinevi.com.tr\/index.php\/wp-json\/wp\/v2\/product_brand?post=770770"},{"taxonomy":"product_cat","embeddable":true,"href":"https:\/\/roveyayinevi.com.tr\/index.php\/wp-json\/wp\/v2\/product_cat?post=770770"},{"taxonomy":"product_tag","embeddable":true,"href":"https:\/\/roveyayinevi.com.tr\/index.php\/wp-json\/wp\/v2\/product_tag?post=770770"}],"curies":[{"name":"wp","href":"https:\/\/api.w.org\/{rel}","templated":true}]}}