{"id":770768,"date":"2025-08-28T14:42:37","date_gmt":"2025-08-28T11:42:37","guid":{"rendered":"https:\/\/roveyayinevi.com.tr\/index.php\/urun\/devinimler\/"},"modified":"2026-04-15T03:37:11","modified_gmt":"2026-04-15T00:37:11","slug":"devinimler","status":"publish","type":"product","link":"https:\/\/roveyayinevi.com.tr\/index.php\/urun\/devinimler\/","title":{"rendered":"Devinimler"},"content":{"rendered":"<p>\u015eafak Baba Pala\u2019n\u0131n 2022 y\u0131l\u0131nda Vedat G\u00fcnyol Deneme \u00d6d\u00fclleri\u2019nde J\u00fcri \u00d6zel \u00d6d\u00fcl\u00fc\u2019ne de\u011fer g\u00f6r\u00fclen dosyas\u0131 Devinimler, eklenen yeni denemelerle birlikte kitapla\u015f\u0131yor. Devinimler, yazar\u0131n Nil\u00fcfer Belediyesi K\u00fct\u00fcphaneleri taraf\u0131ndan d\u00fczenlenen \u00e7e\u015fitli sempozyumlardaki a\u00e7\u0131l\u0131\u015f konu\u015fmalar\u0131ndan par\u00e7alar i\u00e7erdi\u011fi gibi, ayn\u0131 zamanda hem yazarlar ve kitaplar hem de insanl\u0131\u011f\u0131n ortak kayg\u0131lar\u0131 ve umutlar\u0131 \u00fczerine metinlerini bir araya getiriyor. Ahmet Hamdi Tanp\u0131nar, Alberto Manguel, Erlend Loe, N\u00e2z\u0131m Hikmet, Nezihe Meri\u00e7; bu sayfalar aras\u0131nda gezinen isimlerden yaln\u0131zca birka\u00e7\u0131&#8230;   Ve yine sormu\u015ftum kendime, peki nas\u0131l yazmal\u0131yd\u0131m? Belki \u00f6yk\u00fc kahramanlar\u0131ndan bahsedebilirdim. \u201cHer memlekette ka\u00e7 tane Konstantin Efendi var kim bilir? Ku\u015flardan sonra \u015fimdi de milletin ye\u015filli\u011fine musallat oldular,\u201d denilen Konstantinlerden s\u00f6z edebilirdim. Ya da insanlar\u0131 ma\u015fa gibi kullanan M\u00fchendis Ahmet Beyleri anlatmal\u0131yd\u0131m. \u015eik\u00e2yet edilse de kendisine i\u015flem yap\u0131lmayan M\u00fchendis Ahmet Bey gibileri. \u201cBulamayan\u201dda hayalinin pe\u015finde ko\u015fan, ad\u0131n\u0131 bilmedi\u011fimiz \u015fapkal\u0131 adamdan s\u00f6z edebilirdim belki. Cazibe kanunundan gemisini kurtarmak i\u00e7in direklerine m\u0131knat\u0131s takmay\u0131 d\u00fc\u015f\u00fcnen adamdan. Ya da \u201cYa\u015fayacak\u201d \u00f6yk\u00fcs\u00fcndeki \u0130mrozlu Rum bal\u0131k\u00e7\u0131y\u0131 anlatmal\u0131yd\u0131m. \u00c7al\u0131\u015ft\u0131k\u00e7a bir kudret heykeli halini alan, yazar\u0131n Tanr\u0131 Zeus\u2019un bal\u0131k\u00e7\u0131 bir k\u0131zla maceras\u0131ndan do\u011fma yar\u0131 tanr\u0131 olabilece\u011finden s\u00f6z etti\u011fi bal\u0131k\u00e7\u0131y\u0131. <\/p>\n","protected":false},"excerpt":{"rendered":"<p>\u015eafak Baba Pala\u2019n\u0131n 2022 y\u0131l\u0131nda Vedat G\u00fcnyol Deneme \u00d6d\u00fclleri\u2019nde J\u00fcri \u00d6zel \u00d6d\u00fcl\u00fc\u2019ne de\u011fer g\u00f6r\u00fclen dosyas\u0131 Devinimler, eklenen yeni denemelerle birlikte kitapla\u015f\u0131yor. Devinimler, yazar\u0131n Nil\u00fcfer Belediyesi K\u00fct\u00fcphaneleri<span class=\"excerpt-hellip\"> [\u2026]<\/span><\/p>\n","protected":false},"featured_media":0,"template":"","meta":{"_monsterinsights_skip_tracking":false,"_monsterinsights_sitenote_active":false,"_monsterinsights_sitenote_note":"","_monsterinsights_sitenote_category":0},"product_brand":[],"product_cat":[12777,12291],"product_tag":[],"class_list":{"0":"post-770768","1":"product","2":"type-product","3":"status-publish","5":"product_cat-deneme","6":"product_cat-edebiyat","7":"pa_cilt-ciltsiz","8":"pa_tur-kitap","9":"pa_yayinevi-everest-yayinlari","10":"pa_yazar-safak-baba-pala","12":"first","13":"instock","14":"sale","15":"shipping-taxable","16":"purchasable","17":"product-type-simple"},"_links":{"self":[{"href":"https:\/\/roveyayinevi.com.tr\/index.php\/wp-json\/wp\/v2\/product\/770768","targetHints":{"allow":["GET"]}}],"collection":[{"href":"https:\/\/roveyayinevi.com.tr\/index.php\/wp-json\/wp\/v2\/product"}],"about":[{"href":"https:\/\/roveyayinevi.com.tr\/index.php\/wp-json\/wp\/v2\/types\/product"}],"wp:attachment":[{"href":"https:\/\/roveyayinevi.com.tr\/index.php\/wp-json\/wp\/v2\/media?parent=770768"}],"wp:term":[{"taxonomy":"product_brand","embeddable":true,"href":"https:\/\/roveyayinevi.com.tr\/index.php\/wp-json\/wp\/v2\/product_brand?post=770768"},{"taxonomy":"product_cat","embeddable":true,"href":"https:\/\/roveyayinevi.com.tr\/index.php\/wp-json\/wp\/v2\/product_cat?post=770768"},{"taxonomy":"product_tag","embeddable":true,"href":"https:\/\/roveyayinevi.com.tr\/index.php\/wp-json\/wp\/v2\/product_tag?post=770768"}],"curies":[{"name":"wp","href":"https:\/\/api.w.org\/{rel}","templated":true}]}}