{"id":770767,"date":"2025-08-28T14:42:34","date_gmt":"2025-08-28T11:42:34","guid":{"rendered":"https:\/\/roveyayinevi.com.tr\/index.php\/urun\/titanikin-sansi\/"},"modified":"2026-04-15T03:37:10","modified_gmt":"2026-04-15T00:37:10","slug":"titanikin-sansi","status":"publish","type":"product","link":"https:\/\/roveyayinevi.com.tr\/index.php\/urun\/titanikin-sansi\/","title":{"rendered":"Titanik\u2019in \u015eans\u0131"},"content":{"rendered":"<p>2022 YALSA En \u0130yi Gen\u00e7 Yeti\u015fkin Kitaplar\u0131 Listesi 2021 California Golden Poppy \u00d6du\u0308lu\u0308   Valora Luck\u2019\u0131n elinde yaln\u0131zca iki \u015fey vard\u0131: du\u0308nyan\u0131n en bu\u0308yu\u0308k, g\u00f6rkemli gemisine bir bilet ve ge\u00e7mi\u015fini geride b\u0131rak\u0131p New York\u2019ta yeni bir hayata ba\u015flama hayali. Ancak tam gemiye ad\u0131m atmak u\u0308zereyken hayalleri parampar\u00e7a olacakt\u0131; g\u00f6ru\u0308nu\u0308\u015fe g\u00f6re \u00c7inlilerin Amerika\u2019ya girmesine izin verilmiyordu. Her \u015feye ra\u011fmen Val\u2019in o gemiye binmesi \u015fartt\u0131. Denizlerde iki uzun y\u0131l ge\u00e7iren ikiz karde\u015fi Jamie de o gemideydi; kaderlerini de\u011fi\u015ftirebilecek kadar nu\u0308fuzlu sirk sahibi de. Bir akrobat olan Val, s\u0131n\u0131r tan\u0131mamaya al\u0131\u015fk\u0131nd\u0131. Ka\u00e7ak olarak bindi\u011fi bu gemide ba\u015f\u0131n\u0131 \u00f6nu\u0308ne e\u011fip g\u00f6zlerden uzak kalmas\u0131 gerekiyordu. Ama zaman daral\u0131yordu ve gemi Atlantik Okyanusu\u2019nu ge\u00e7erken Jamie\u2019yi bulmak, sirk sahibine kendini kan\u0131tlamak ve ikisini de onu Amerika\u2019ya sokmaya ikna etmek i\u00e7in yaln\u0131zca yedi gu\u0308nu\u0308 vard\u0131. Ancak bir gece, Atlantik\u2019in ortas\u0131nda her \u015fey de\u011fi\u015fecek ve Val\u2019in yeni bir hayat kurma hayali, art\u0131k \u00f6nemli olan tek \u015feyin a\u011f\u0131rl\u0131\u011f\u0131 alt\u0131nda ezilecekti: Hayatta kalmak. \u201cStacey Lee bir kez daha yapaca\u011f\u0131n\u0131 yapt\u0131; tarihin bu\u0308yu\u0308leyici bir kesitini al\u0131p onu kederle ve umutla dolu zengin bir hik\u00e2yeye d\u00f6nu\u0308\u015ftu\u0308rdu\u0308. \u0130htiyac\u0131n\u0131z olan Titanik hik\u00e2yesi bu.\u201d \u2014MARIE LU \u201cKimlik, s\u0131n\u0131f ve aile temalar\u0131n\u0131 yank\u0131 uyand\u0131racak \u015fekilde i\u015fleyen, ustaca kurgulanm\u0131\u015f bir tarihi anlat\u0131.\u201d \u2014PUBLISHERS WEEKLY \u201cTitanik\u2019in \u015eans\u0131 ayr\u0131cal\u0131\u011f\u0131n, \u00f6nyarg\u0131n\u0131n ve birini kurtarman\u0131n ne anlama geldi\u011fi gibi temalar\u0131 ustal\u0131kla i\u015fliyor. Bu kitap sizi \u00f6nce \u00e2\u015f\u0131k, sonra da parampar\u00e7a edecek.\u201d \u2014STEPHANIE GARBER \u201cIrk\u00e7\u0131l\u0131k ve s\u0131n\u0131f ayr\u0131mc\u0131l\u0131\u011f\u0131 temalar\u0131 hik\u00e2yede kusursuz bir \u015fekilde i\u015flenmi\u015f. Valora\u2019n\u0131n zek\u00e2s\u0131 ve cesareti hik\u00e2yeye bu\u0308yu\u0308k bir canl\u0131l\u0131k katarken ka\u00e7\u0131n\u0131lmaz olan\u0131n beklentisi anlat\u0131ya gergin bir hava veriyor. Tam anlam\u0131yla bir mu\u0308cevher.\u201d \u2014KIRKUS REVIEWS \u201c\u015eefkatli, gu\u0308\u00e7lu\u0308 kad\u0131n ba\u015fkarakteri ve geni\u015f kadrosuyla bu eser, Titanik felaketinin heyecan verici ve \u00f6nemli bir yeniden anlat\u0131m\u0131.\u201d \u2014SCHOOL LIBRARY JOURNAL \u201cLee\u2019nin samimi anlat\u0131m tarz\u0131, tarihi kurguya bir tazelik kat\u0131yor. Yakla\u015fan trajediye ra\u011fmen filizlenen a\u015fklar ve mizah sayesinde, umutla keder aras\u0131nda heyecan verici bir denge kuruyor.\u201d \u2014BOOKLIST \u201cLee\u2019nin anlat\u0131m\u0131, okuru bu \u2018unutulmaz geceye\u2019 \u00e7ekiyor&#8230; Tek kelimeyle y\u0131k\u0131c\u0131.\u201d \u2014SCHOOL LIBRARY CONNECTION <\/p>\n","protected":false},"excerpt":{"rendered":"<p>2022 YALSA En \u0130yi Gen\u00e7 Yeti\u015fkin Kitaplar\u0131 Listesi 2021 California Golden Poppy \u00d6du\u0308lu\u0308 Valora Luck\u2019\u0131n elinde yaln\u0131zca iki \u015fey vard\u0131: du\u0308nyan\u0131n en bu\u0308yu\u0308k, g\u00f6rkemli gemisine bir<span class=\"excerpt-hellip\"> [\u2026]<\/span><\/p>\n","protected":false},"featured_media":0,"template":"","meta":{"_monsterinsights_skip_tracking":false,"_monsterinsights_sitenote_active":false,"_monsterinsights_sitenote_note":"","_monsterinsights_sitenote_category":0},"product_brand":[],"product_cat":[12291,50487],"product_tag":[],"class_list":{"0":"post-770767","1":"product","2":"type-product","3":"status-publish","5":"product_cat-edebiyat","6":"product_cat-kurgu","7":"pa_cilt-ciltsiz","8":"pa_tur-kitap","9":"pa_yayinevi-yabanci-yayinevi","10":"pa_yazar-stacey-lee","12":"first","13":"instock","14":"sale","15":"shipping-taxable","16":"purchasable","17":"product-type-simple"},"_links":{"self":[{"href":"https:\/\/roveyayinevi.com.tr\/index.php\/wp-json\/wp\/v2\/product\/770767","targetHints":{"allow":["GET"]}}],"collection":[{"href":"https:\/\/roveyayinevi.com.tr\/index.php\/wp-json\/wp\/v2\/product"}],"about":[{"href":"https:\/\/roveyayinevi.com.tr\/index.php\/wp-json\/wp\/v2\/types\/product"}],"wp:attachment":[{"href":"https:\/\/roveyayinevi.com.tr\/index.php\/wp-json\/wp\/v2\/media?parent=770767"}],"wp:term":[{"taxonomy":"product_brand","embeddable":true,"href":"https:\/\/roveyayinevi.com.tr\/index.php\/wp-json\/wp\/v2\/product_brand?post=770767"},{"taxonomy":"product_cat","embeddable":true,"href":"https:\/\/roveyayinevi.com.tr\/index.php\/wp-json\/wp\/v2\/product_cat?post=770767"},{"taxonomy":"product_tag","embeddable":true,"href":"https:\/\/roveyayinevi.com.tr\/index.php\/wp-json\/wp\/v2\/product_tag?post=770767"}],"curies":[{"name":"wp","href":"https:\/\/api.w.org\/{rel}","templated":true}]}}