{"id":770766,"date":"2025-08-28T14:42:33","date_gmt":"2025-08-28T11:42:33","guid":{"rendered":"https:\/\/roveyayinevi.com.tr\/index.php\/urun\/hayir-deme-cesareti\/"},"modified":"2026-04-08T03:33:29","modified_gmt":"2026-04-08T00:33:29","slug":"hayir-deme-cesareti","status":"publish","type":"product","link":"https:\/\/roveyayinevi.com.tr\/index.php\/urun\/hayir-deme-cesareti\/","title":{"rendered":"Hay\u0131r Deme Cesareti"},"content":{"rendered":"<p>Do\u011fdu\u011fumuz andan itibaren \u201cevet\u201d demenin makul oldu\u011fu bize \u00f6\u011fretildi. \u00d6yle ya, \u201chay\u0131r\u201d dersek tu\u0308m olumlu f\u0131rsatlar\u0131 ka\u00e7\u0131racak, tu\u0308m \u00f6nemli ili\u015fkileri berbat edecektik. Oyunbozanl\u0131k eden, sorun \u00e7\u0131karan \u015fey \u201chay\u0131r\u201d demek de\u011fil miydi?   Muhtemelen partnerinize, ailenize, arkada\u015flar\u0131n\u0131za, patronlar\u0131n\u0131za ve hatta yabanc\u0131lara bile asl\u0131nda \u201chay\u0131r\u201d demek isterken \u201cevet\u201d dedi\u011finiz anlar ya\u015fad\u0131n\u0131z. Belki daha s\u0131k \u201chay\u0131r\u201d diyebilmeyi diliyor ama bunun mu\u0308mku\u0308n olup olmayaca\u011f\u0131n\u0131 bile bilmiyorsunuz. Yaln\u0131z de\u011filsiniz!   Hay\u0131r Deme Cesareti adl\u0131 kitab\u0131nda Vanessa Patrick, \u201chay\u0131r\u201d demek u\u0308zerine yap\u0131lan yeni bilimsel ara\u015ft\u0131rmalar\u0131 inceliyor. Hayat\u0131n\u0131z\u0131n kontrolu\u0308nu\u0308 elinize alman\u0131z\u0131 sa\u011flayan ve kan\u0131tlanm\u0131\u015f bir y\u00f6ntem olan \u201cgu\u0308\u00e7lendirilmi\u015f ret\u201d kavram\u0131n\u0131 tan\u0131t\u0131yor ve \u201chay\u0131r\u201d kelimesinin gu\u0308cu\u0308yle ilgili \u015fa\u015f\u0131rt\u0131c\u0131 s\u0131rlar\u0131 ortaya koyuyor. Bu ilham verici \u00e7al\u0131\u015fma \u00e7at\u0131\u015fmalar\u0131 \u00e7\u00f6zme, s\u0131n\u0131rlar \u00e7izme, etkili ileti\u015fim kurma ve zor konu\u015fmalar\u0131 y\u00f6netme konusunda en bu\u0308yu\u0308k yard\u0131mc\u0131n\u0131z olacak.   \u201cHay\u0131r demek bir su\u0308per gu\u0308\u00e7tu\u0308r ve Vanessa Patrick\u2019in bak\u0131\u015f a\u00e7\u0131n\u0131z\u0131 de\u011fi\u015ftirecek kitab\u0131n\u0131 okudu\u011funuzda bu gu\u0308\u00e7 sizin de olabilir. Kendi hayat\u0131n\u0131za \u2018evet\u2019 diyebilmek i\u00e7in nas\u0131l \u2018hay\u0131r\u2019 diyece\u011finizi \u00f6\u011frenmek istiyorsan\u0131z, bu kitab\u0131 al\u0131n ve okuyun.\u201d \u2013Whitney Johnson <\/p>\n","protected":false},"excerpt":{"rendered":"<p>Do\u011fdu\u011fumuz andan itibaren \u201cevet\u201d demenin makul oldu\u011fu bize \u00f6\u011fretildi. \u00d6yle ya, \u201chay\u0131r\u201d dersek tu\u0308m olumlu f\u0131rsatlar\u0131 ka\u00e7\u0131racak, tu\u0308m \u00f6nemli ili\u015fkileri berbat edecektik. Oyunbozanl\u0131k eden, sorun \u00e7\u0131karan<span class=\"excerpt-hellip\"> [\u2026]<\/span><\/p>\n","protected":false},"featured_media":0,"template":"","meta":{"_monsterinsights_skip_tracking":false,"_monsterinsights_sitenote_active":false,"_monsterinsights_sitenote_note":"","_monsterinsights_sitenote_category":0},"product_brand":[],"product_cat":[12364,12376],"product_tag":[],"class_list":{"0":"post-770766","1":"product","2":"type-product","3":"status-publish","5":"product_cat-genel-konular","6":"product_cat-kisisel-gelisim","7":"pa_cilt-ciltsiz","8":"pa_tur-kitap","9":"pa_yayinevi-nova-kitap","10":"pa_yazar-vanessa-patrick","12":"first","13":"instock","14":"sale","15":"shipping-taxable","16":"purchasable","17":"product-type-simple"},"_links":{"self":[{"href":"https:\/\/roveyayinevi.com.tr\/index.php\/wp-json\/wp\/v2\/product\/770766","targetHints":{"allow":["GET"]}}],"collection":[{"href":"https:\/\/roveyayinevi.com.tr\/index.php\/wp-json\/wp\/v2\/product"}],"about":[{"href":"https:\/\/roveyayinevi.com.tr\/index.php\/wp-json\/wp\/v2\/types\/product"}],"wp:attachment":[{"href":"https:\/\/roveyayinevi.com.tr\/index.php\/wp-json\/wp\/v2\/media?parent=770766"}],"wp:term":[{"taxonomy":"product_brand","embeddable":true,"href":"https:\/\/roveyayinevi.com.tr\/index.php\/wp-json\/wp\/v2\/product_brand?post=770766"},{"taxonomy":"product_cat","embeddable":true,"href":"https:\/\/roveyayinevi.com.tr\/index.php\/wp-json\/wp\/v2\/product_cat?post=770766"},{"taxonomy":"product_tag","embeddable":true,"href":"https:\/\/roveyayinevi.com.tr\/index.php\/wp-json\/wp\/v2\/product_tag?post=770766"}],"curies":[{"name":"wp","href":"https:\/\/api.w.org\/{rel}","templated":true}]}}