{"id":770765,"date":"2025-08-28T14:42:31","date_gmt":"2025-08-28T11:42:31","guid":{"rendered":"https:\/\/roveyayinevi.com.tr\/index.php\/urun\/anna-freudu-okumak\/"},"modified":"2026-04-15T03:37:10","modified_gmt":"2026-04-15T00:37:10","slug":"anna-freudu-okumak","status":"publish","type":"product","link":"https:\/\/roveyayinevi.com.tr\/index.php\/urun\/anna-freudu-okumak\/","title":{"rendered":"Anna Freud\u2019u Okumak"},"content":{"rendered":"<p>Anna Freud&#8217;u Okumak, psikanaliz tarihinin en \u00f6nemli fig\u00fcrlerinden birinin \u00e7al\u0131\u015fmalar\u0131n\u0131 kapsaml\u0131 \u015fekilde ele al\u0131yor.  Bu benzersiz k\u0131lavuz, Sigmund Freud\u2019un \u201cAntigonem\u201d diye and\u0131\u011f\u0131 ve psikanalizle i\u00e7 i\u00e7e ge\u00e7en \u00f6mr\u00fc boyunca klinisyen, kuramc\u0131, e\u011fitimci ve ara\u015ft\u0131rmac\u0131 olarak \u00f6zg\u00fcn \u00e7al\u0131\u015fmalara imza atan Anna Freud\u2019un d\u00fc\u015f\u00fcnce ve prati\u011fine odaklan\u0131yor. Ayn\u0131 zamanda, psikanaliz tarihinin bu kritik fig\u00fcr\u00fcn\u00fcn \u00e7al\u0131\u015fmalar\u0131n\u0131n geli\u015fimini ve yans\u0131malar\u0131n\u0131 tematik bir d\u00fczen i\u00e7inde sunuyor.  Anna Freud Merkezi\u2019nde klinisyen ve e\u011fitimci olarak g\u00f6rev yapan Nick Midgley, temel tart\u0131\u015fmalar ile \u00f6nemli uygulamalar\u0131 bir araya getirerek, Anna Freud\u2019un kuramsal ve klinik katk\u0131lar\u0131n\u0131 sistematik bir \u015fekilde g\u00f6z \u00f6n\u00fcne seriyor. \u00c7ocuk analizi ve \u00e7ocuk psikoterapisi alanlar\u0131n\u0131n \u00f6nc\u00fclerinden biri olarak tan\u0131nan Anna Freud\u2019un yap\u0131tlar\u0131n\u0131n nispeten geri planda kalm\u0131\u015f y\u00f6nlerine de dikkat \u00e7eken Midgley, \u00e7ocuklar\u0131n ya\u015famlar\u0131n\u0131n iyile\u015ftirilebilmesi ad\u0131na e\u011fitim ve bak\u0131m kurumlar\u0131nda, hastanelerde ve hukuki ba\u011flamlarda ger\u00e7ekle\u015ftirilen \u00e7al\u0131\u015fmalar\u0131 da ayr\u0131nt\u0131l\u0131 bir bi\u00e7imde ele al\u0131yor. Anna Freud&#8217;u Okumak, \u00e7ocuk ve ergen ruh sa\u011fl\u0131\u011f\u0131 alan\u0131nda faaliyet g\u00f6steren uzmanlar\u0131n yan\u0131 s\u0131ra \u00e7ocuklarla \u00e7al\u0131\u015fan e\u011fitimciler ve ara\u015ft\u0131rmac\u0131lar i\u00e7in de bir k\u0131lavuz eser niteli\u011fi ta\u015f\u0131yor. <\/p>\n","protected":false},"excerpt":{"rendered":"<p>Anna Freud&#8217;u Okumak, psikanaliz tarihinin en \u00f6nemli fig\u00fcrlerinden birinin \u00e7al\u0131\u015fmalar\u0131n\u0131 kapsaml\u0131 \u015fekilde ele al\u0131yor. Bu benzersiz k\u0131lavuz, Sigmund Freud\u2019un \u201cAntigonem\u201d diye and\u0131\u011f\u0131 ve psikanalizle i\u00e7 i\u00e7e<span class=\"excerpt-hellip\"> [\u2026]<\/span><\/p>\n","protected":false},"featured_media":0,"template":"","meta":{"_monsterinsights_skip_tracking":false,"_monsterinsights_sitenote_active":false,"_monsterinsights_sitenote_note":"","_monsterinsights_sitenote_category":0},"product_brand":[],"product_cat":[12358,12357],"product_tag":[],"class_list":{"0":"post-770765","1":"product","2":"type-product","3":"status-publish","5":"product_cat-genel-psikoloji","6":"product_cat-psikoloji","7":"pa_cilt-ciltsiz","8":"pa_tur-kitap","9":"pa_yayinevi-minotor-kitap","10":"pa_yazar-nick-midgley","12":"first","13":"instock","14":"sale","15":"shipping-taxable","16":"purchasable","17":"product-type-simple"},"_links":{"self":[{"href":"https:\/\/roveyayinevi.com.tr\/index.php\/wp-json\/wp\/v2\/product\/770765","targetHints":{"allow":["GET"]}}],"collection":[{"href":"https:\/\/roveyayinevi.com.tr\/index.php\/wp-json\/wp\/v2\/product"}],"about":[{"href":"https:\/\/roveyayinevi.com.tr\/index.php\/wp-json\/wp\/v2\/types\/product"}],"wp:attachment":[{"href":"https:\/\/roveyayinevi.com.tr\/index.php\/wp-json\/wp\/v2\/media?parent=770765"}],"wp:term":[{"taxonomy":"product_brand","embeddable":true,"href":"https:\/\/roveyayinevi.com.tr\/index.php\/wp-json\/wp\/v2\/product_brand?post=770765"},{"taxonomy":"product_cat","embeddable":true,"href":"https:\/\/roveyayinevi.com.tr\/index.php\/wp-json\/wp\/v2\/product_cat?post=770765"},{"taxonomy":"product_tag","embeddable":true,"href":"https:\/\/roveyayinevi.com.tr\/index.php\/wp-json\/wp\/v2\/product_tag?post=770765"}],"curies":[{"name":"wp","href":"https:\/\/api.w.org\/{rel}","templated":true}]}}