{"id":770763,"date":"2025-08-28T14:42:26","date_gmt":"2025-08-28T11:42:26","guid":{"rendered":"https:\/\/roveyayinevi.com.tr\/index.php\/urun\/kalbin-sifalari\/"},"modified":"2026-04-15T03:37:10","modified_gmt":"2026-04-15T00:37:10","slug":"kalbin-sifalari","status":"publish","type":"product","link":"https:\/\/roveyayinevi.com.tr\/index.php\/urun\/kalbin-sifalari\/","title":{"rendered":"Kalbin \u015eifalar\u0131"},"content":{"rendered":"<p>Kalp&#8230; \u0130man\u0131, merhameti, sevgiyi ve hikmeti bar\u0131nd\u0131ran, hakikate a\u00e7\u0131lan manevi s\u0131\u011f\u0131na\u011f\u0131m\u0131z. Ama bazen, mal sevgisi, cimrilik, itibar tutkusu, korku, tembellik, yeis ve suizan gibi hastal\u0131klarla kirlenir, a\u011f\u0131rla\u015f\u0131r, hakikati g\u00f6rmekten uzakla\u015f\u0131r. Oysa her hastal\u0131\u011f\u0131n bir \u015fifas\u0131 vard\u0131r. Kanaat, c\u00f6mertlik, r\u0131za, \u00fcmit, \u00e7al\u0131\u015fkanl\u0131k, iman ve h\u00fcsn\u00fc zan; kalbi ar\u0131nd\u0131ran, onu yeniden \u00f6z\u00fcne d\u00f6nd\u00fcren ila\u00e7lard\u0131r. Peki, nefsimizin oyunlar\u0131n\u0131 nas\u0131l a\u015fabiliriz? Kibir yerine tevazuyu, h\u0131rs yerine kanaati, korku yerine tevekk\u00fcl\u00fc nas\u0131l koyabiliriz? \u0130mam Gazali, Kalbin Hastal\u0131klar\u0131 kitab\u0131nda oldu\u011fu gibi, kalbin maruz kald\u0131\u011f\u0131 hastal\u0131klar\u0131 ve bunlara kar\u015f\u0131 geli\u015ftirilen \u00e7areleri ele almaya Kalbin \u015eifalar\u0131 kitab\u0131nda devam ediyor. Kalbin \u015fifas\u0131n\u0131 bulman\u0131n, \u00f6nce hastal\u0131\u011f\u0131n\u0131 tan\u0131maktan ge\u00e7ti\u011fini vurgularken, derin hikmeti ve bilgeli\u011fiyle kalbi ar\u0131nd\u0131rma yolculu\u011fumuza rehberlik ediyor. Hakikatin izini s\u00fcrmeye haz\u0131r m\u0131s\u0131n? Her imtihan bir ar\u0131nma f\u0131rsat\u0131d\u0131r. \u00d6yleyse, \u015fimdi kalbine d\u00f6nme vakti!<\/p>\n","protected":false},"excerpt":{"rendered":"<p>Kalp&#8230; \u0130man\u0131, merhameti, sevgiyi ve hikmeti bar\u0131nd\u0131ran, hakikate a\u00e7\u0131lan manevi s\u0131\u011f\u0131na\u011f\u0131m\u0131z. Ama bazen, mal sevgisi, cimrilik, itibar tutkusu, korku, tembellik, yeis ve suizan gibi hastal\u0131klarla kirlenir,<span class=\"excerpt-hellip\"> [\u2026]<\/span><\/p>\n","protected":false},"featured_media":0,"template":"","meta":{"_monsterinsights_skip_tracking":false,"_monsterinsights_sitenote_active":false,"_monsterinsights_sitenote_note":"","_monsterinsights_sitenote_category":0},"product_brand":[],"product_cat":[12718,12719,15238],"product_tag":[],"class_list":{"0":"post-770763","1":"product","2":"type-product","3":"status-publish","5":"product_cat-din","6":"product_cat-islam","7":"product_cat-tasavvuf","8":"pa_cilt-ciltsiz","9":"pa_tur-kitap","10":"pa_yayinevi-hayykitap","11":"pa_yazar-imam-gazali","13":"first","14":"instock","15":"sale","16":"shipping-taxable","17":"purchasable","18":"product-type-simple"},"_links":{"self":[{"href":"https:\/\/roveyayinevi.com.tr\/index.php\/wp-json\/wp\/v2\/product\/770763","targetHints":{"allow":["GET"]}}],"collection":[{"href":"https:\/\/roveyayinevi.com.tr\/index.php\/wp-json\/wp\/v2\/product"}],"about":[{"href":"https:\/\/roveyayinevi.com.tr\/index.php\/wp-json\/wp\/v2\/types\/product"}],"wp:attachment":[{"href":"https:\/\/roveyayinevi.com.tr\/index.php\/wp-json\/wp\/v2\/media?parent=770763"}],"wp:term":[{"taxonomy":"product_brand","embeddable":true,"href":"https:\/\/roveyayinevi.com.tr\/index.php\/wp-json\/wp\/v2\/product_brand?post=770763"},{"taxonomy":"product_cat","embeddable":true,"href":"https:\/\/roveyayinevi.com.tr\/index.php\/wp-json\/wp\/v2\/product_cat?post=770763"},{"taxonomy":"product_tag","embeddable":true,"href":"https:\/\/roveyayinevi.com.tr\/index.php\/wp-json\/wp\/v2\/product_tag?post=770763"}],"curies":[{"name":"wp","href":"https:\/\/api.w.org\/{rel}","templated":true}]}}