{"id":770762,"date":"2025-08-28T14:42:23","date_gmt":"2025-08-28T11:42:23","guid":{"rendered":"https:\/\/roveyayinevi.com.tr\/index.php\/urun\/lord-jim-3\/"},"modified":"2026-04-15T03:37:10","modified_gmt":"2026-04-15T00:37:10","slug":"lord-jim-3","status":"publish","type":"product","link":"https:\/\/roveyayinevi.com.tr\/index.php\/urun\/lord-jim-3\/","title":{"rendered":"Lord Jim"},"content":{"rendered":"<p>\u201cLord Jim gibi nadir bulunan kaliteye sahip bir kitab\u0131 \u015fu\u0308kran ve sevin\u00e7le, ayn\u0131 zamanda macera okurlar\u0131na sunulmu\u015f ayr\u0131cal\u0131\u011f\u0131n bilinciyle kar\u015f\u0131lamak gerekir.\u201d \u2013NEW YORK TIMES BOOK REVIEW   Modern edebiyat\u0131n ustalar\u0131ndan Joseph Conrad, insan ruhunun derinliklerini ve ahlaki \u00e7at\u0131\u015fmalar\u0131n\u0131 bu\u0308yu\u0308leyici bir ger\u00e7ek\u00e7ilikle ele alan eserleriyle tan\u0131n\u0131r. Denizcilikten edebiyata uzanan ya\u015fam\u0131, yap\u0131tlar\u0131na hem teknik bir do\u011fruluk hem de varolu\u015fsal bir derinlik kazand\u0131rm\u0131\u015ft\u0131r. Conrad\u2019\u0131n en etkileyici romanlar\u0131ndan biri olan Lord Jim, onun karma\u015f\u0131k anlat\u0131m tarz\u0131n\u0131n ve derin psikolojik \u00e7\u00f6zu\u0308mlemelerinin zirve noktalar\u0131ndan biridir.   Lord Jim, yay\u0131mland\u0131\u011f\u0131 d\u00f6nemde bu\u0308yu\u0308k yank\u0131 uyand\u0131rarak 20. yu\u0308zy\u0131l edebiyat\u0131n\u0131n temel ta\u015flar\u0131ndan biri h\u00e2line geldi. \u0130nsan\u0131n vicdan\u0131yla, onuruyla ve kendi kimli\u011fiyle olan mu\u0308cadelesini evrensel bir temada i\u015fleyen romanda Jim\u2019in hik\u00e2yesi, yaln\u0131zca bireysel bir trajedi de\u011fil, ayn\u0131 zamanda insan olman\u0131n ve hatalarla yu\u0308zle\u015fmenin ka\u00e7\u0131n\u0131lmaz yolculu\u011fudur.   Roman, gen\u00e7 bir denizci olan Jim\u2019in, Patna adl\u0131 gemide ya\u015fanan bir kazan\u0131n ard\u0131ndan yapt\u0131\u011f\u0131 hatayla ba\u015flar. Onurunu kaybetmi\u015f bir adam olarak Uzak Do\u011fu\u2019nun egzotik topraklar\u0131na ka\u00e7\u0131p kendini yeniden bulmaya \u00e7al\u0131\u015f\u0131r. Ancak hi\u00e7bir ka\u00e7\u0131\u015f, vicdan azab\u0131ndan daha gu\u0308\u00e7lu\u0308 olamaz. Patusan adl\u0131 uzak bir diyarda halk taraf\u0131ndan bir lider olarak benimsenen Jim, ge\u00e7mi\u015finin a\u011f\u0131rl\u0131\u011f\u0131 ve gelecekteki kaderiyle yu\u0308zle\u015fmek zorunda kalacakt\u0131r. Joseph Conrad\u2019\u0131n edebi ustal\u0131\u011f\u0131yla \u015fekillenen Lord Jim, insan\u0131n kendi hatalar\u0131ndan ders \u00e7\u0131karma ve yeniden do\u011fma \u00e7abas\u0131n\u0131 epik bir anlat\u0131mla sunuyor. <\/p>\n","protected":false},"excerpt":{"rendered":"<p>\u201cLord Jim gibi nadir bulunan kaliteye sahip bir kitab\u0131 \u015fu\u0308kran ve sevin\u00e7le, ayn\u0131 zamanda macera okurlar\u0131na sunulmu\u015f ayr\u0131cal\u0131\u011f\u0131n bilinciyle kar\u015f\u0131lamak gerekir.\u201d \u2013NEW YORK TIMES BOOK REVIEW<span class=\"excerpt-hellip\"> [\u2026]<\/span><\/p>\n","protected":false},"featured_media":0,"template":"","meta":{"_monsterinsights_skip_tracking":false,"_monsterinsights_sitenote_active":false,"_monsterinsights_sitenote_note":"","_monsterinsights_sitenote_category":0},"product_brand":[],"product_cat":[12291,12711],"product_tag":[],"class_list":{"0":"post-770762","1":"product","2":"type-product","3":"status-publish","5":"product_cat-edebiyat","6":"product_cat-roman-oyku","7":"pa_cilt-ciltsiz","8":"pa_tur-kitap","9":"pa_yayinevi-ithaki-yayinlari","10":"pa_yazar-joseph-conrad","12":"first","13":"instock","14":"sale","15":"shipping-taxable","16":"purchasable","17":"product-type-simple"},"_links":{"self":[{"href":"https:\/\/roveyayinevi.com.tr\/index.php\/wp-json\/wp\/v2\/product\/770762","targetHints":{"allow":["GET"]}}],"collection":[{"href":"https:\/\/roveyayinevi.com.tr\/index.php\/wp-json\/wp\/v2\/product"}],"about":[{"href":"https:\/\/roveyayinevi.com.tr\/index.php\/wp-json\/wp\/v2\/types\/product"}],"wp:attachment":[{"href":"https:\/\/roveyayinevi.com.tr\/index.php\/wp-json\/wp\/v2\/media?parent=770762"}],"wp:term":[{"taxonomy":"product_brand","embeddable":true,"href":"https:\/\/roveyayinevi.com.tr\/index.php\/wp-json\/wp\/v2\/product_brand?post=770762"},{"taxonomy":"product_cat","embeddable":true,"href":"https:\/\/roveyayinevi.com.tr\/index.php\/wp-json\/wp\/v2\/product_cat?post=770762"},{"taxonomy":"product_tag","embeddable":true,"href":"https:\/\/roveyayinevi.com.tr\/index.php\/wp-json\/wp\/v2\/product_tag?post=770762"}],"curies":[{"name":"wp","href":"https:\/\/api.w.org\/{rel}","templated":true}]}}