{"id":770760,"date":"2025-08-28T14:42:17","date_gmt":"2025-08-28T11:42:17","guid":{"rendered":"https:\/\/roveyayinevi.com.tr\/index.php\/urun\/dava-17\/"},"modified":"2026-04-07T03:31:07","modified_gmt":"2026-04-07T00:31:07","slug":"dava-17","status":"publish","type":"product","link":"https:\/\/roveyayinevi.com.tr\/index.php\/urun\/dava-17\/","title":{"rendered":"Dava"},"content":{"rendered":"<p>\u201cKarde\u015fimmi\u015f gibi hissetti\u011fim tek sanat\u00e7\u0131 Franz Kafka\u2019d\u0131r.\u201d \u2013DAVID LYNCH   Franz Kafka, modern edebiyat\u0131n en etkileyici yazar\u0131 ve yazar olmayan\u0131d\u0131r, birka\u00e7 \u00f6yku\u0308su\u0308 hari\u00e7 yap\u0131tlar\u0131 \u00f6lu\u0308mu\u0308nden sonra tamamlanmam\u0131\u015f h\u00e2lleriyle yay\u0131mlanm\u0131\u015ft\u0131r. Buna ra\u011fmen ortaya koyduklar\u0131yla insan bilincinin ve hissettiklerinin dile getirilmesinde \u00e7\u0131\u011f\u0131r a\u00e7m\u0131\u015ft\u0131r. Yerle\u015fik du\u0308zenlerin a\u00e7mazlar\u0131n\u0131 g\u00f6stermek i\u00e7in ru\u0308yalar\u0131 and\u0131ran kopukluklarla anlatt\u0131klar\u0131 hakikatin alg\u0131lar\u0131n\u0131 da bozup du\u0308nyay\u0131 tersinden netle\u015ftirmektedir.   Bir sabah kald\u0131\u011f\u0131 dairesine gelen memurlar sayesinde bir soru\u015fturma kapsam\u0131nda arand\u0131\u011f\u0131n\u0131 \u00f6\u011frenen Joseph K, su\u00e7suz oldu\u011funu gayet iyi bilmektedir. Bir hukuk labirentine g\u00f6tu\u0308ru\u0308lmesine itiraz etse de adalet idaresinin benli\u011fini s\u0131k\u0131\u015ft\u0131ran mekanizmalar\u0131ndan pa\u00e7as\u0131n\u0131 kurtaramaz. Joseph K\u2019n\u0131n ya\u015fad\u0131klar\u0131 bir fantazyadan ibaret olsayd\u0131, Franz Kafka\u2019n\u0131n yapt\u0131\u011f\u0131n\u0131n edebiyat oldu\u011funu s\u00f6yleyebilirdik; ama her tarafta hayata ge\u00e7ebilecek hukuk labirentlerini gayet iyi tecru\u0308be etti\u011fimizden, yaz\u0131lanlara ancak kehanet diyebiliriz.   Burada yaz\u0131lanlar belki kimsenin ba\u015f\u0131na gelmemi\u015fti, belki de bir gu\u0308n herkesin ba\u015f\u0131na gelecekti. <\/p>\n","protected":false},"excerpt":{"rendered":"<p>\u201cKarde\u015fimmi\u015f gibi hissetti\u011fim tek sanat\u00e7\u0131 Franz Kafka\u2019d\u0131r.\u201d \u2013DAVID LYNCH Franz Kafka, modern edebiyat\u0131n en etkileyici yazar\u0131 ve yazar olmayan\u0131d\u0131r, birka\u00e7 \u00f6yku\u0308su\u0308 hari\u00e7 yap\u0131tlar\u0131 \u00f6lu\u0308mu\u0308nden sonra tamamlanmam\u0131\u015f<span class=\"excerpt-hellip\"> [\u2026]<\/span><\/p>\n","protected":false},"featured_media":0,"template":"","meta":{"_monsterinsights_skip_tracking":false,"_monsterinsights_sitenote_active":false,"_monsterinsights_sitenote_note":"","_monsterinsights_sitenote_category":0},"product_brand":[],"product_cat":[12291,12711],"product_tag":[],"class_list":{"0":"post-770760","1":"product","2":"type-product","3":"status-publish","5":"product_cat-edebiyat","6":"product_cat-roman-oyku","7":"pa_cilt-ciltsiz","8":"pa_tur-kitap","9":"pa_yayinevi-ithaki-yayinlari","10":"pa_yazar-franz-kafka","12":"first","13":"instock","14":"sale","15":"shipping-taxable","16":"purchasable","17":"product-type-simple"},"_links":{"self":[{"href":"https:\/\/roveyayinevi.com.tr\/index.php\/wp-json\/wp\/v2\/product\/770760","targetHints":{"allow":["GET"]}}],"collection":[{"href":"https:\/\/roveyayinevi.com.tr\/index.php\/wp-json\/wp\/v2\/product"}],"about":[{"href":"https:\/\/roveyayinevi.com.tr\/index.php\/wp-json\/wp\/v2\/types\/product"}],"wp:attachment":[{"href":"https:\/\/roveyayinevi.com.tr\/index.php\/wp-json\/wp\/v2\/media?parent=770760"}],"wp:term":[{"taxonomy":"product_brand","embeddable":true,"href":"https:\/\/roveyayinevi.com.tr\/index.php\/wp-json\/wp\/v2\/product_brand?post=770760"},{"taxonomy":"product_cat","embeddable":true,"href":"https:\/\/roveyayinevi.com.tr\/index.php\/wp-json\/wp\/v2\/product_cat?post=770760"},{"taxonomy":"product_tag","embeddable":true,"href":"https:\/\/roveyayinevi.com.tr\/index.php\/wp-json\/wp\/v2\/product_tag?post=770760"}],"curies":[{"name":"wp","href":"https:\/\/api.w.org\/{rel}","templated":true}]}}