{"id":770749,"date":"2025-08-28T14:41:50","date_gmt":"2025-08-28T11:41:50","guid":{"rendered":"https:\/\/roveyayinevi.com.tr\/index.php\/urun\/kalpsiz-3\/"},"modified":"2026-04-15T03:37:10","modified_gmt":"2026-04-15T00:37:10","slug":"kalpsiz-3","status":"publish","type":"product","link":"https:\/\/roveyayinevi.com.tr\/index.php\/urun\/kalpsiz-3\/","title":{"rendered":"Kalpsiz"},"content":{"rendered":"<p>Bitme \u00e7a\u011f\u0131yd\u0131, yeniden ba\u015flama \u00e7a\u011f\u0131yd\u0131; \u00fcmit \u00e7a\u011f\u0131yd\u0131, \u00fcmitsizlik \u00e7a\u011f\u0131yd\u0131; susma \u00e7a\u011f\u0131yd\u0131,konu\u015fma \u00e7a\u011f\u0131yd\u0131; yalan \u00e7a\u011f\u0131yd\u0131, ger\u00e7ek \u00e7a\u011f\u0131yd\u0131; unutma \u00e7a\u011f\u0131yd\u0131, hat\u0131rlama \u00e7a\u011f\u0131yd\u0131; var olu\u015f\u00e7a\u011f\u0131yd\u0131, yok olu\u015f \u00e7a\u011f\u0131yd\u0131&#8230; Belli belirsiz bir \u00e7a\u011fd\u0131 bu. \u00d6l\u00fcm ile ya\u015fam aras\u0131ndaki \u00e7izgininad\u0131yd\u0131. Att\u0131\u011f\u0131n her ad\u0131mda dikkatli olacakt\u0131n. Ya d\u00fc\u015fecektin ya da d\u00fc\u015fmemek i\u00e7in \u00e7abag\u00f6sterecektin. Ya vazge\u00e7ecektin ya da devam edecektin. Ya cenneti se\u00e7ecektin ya dacehennemi. Hep bir se\u00e7im yapmak zorunda olacakt\u0131n. Ya zoru se\u00e7ecektin ya da kolay\u0131. Senzor olan\u0131 se\u00e7sen bile ayaklar\u0131n seni hep kolay olana gitmen i\u00e7in zorlayacakt\u0131. Ama sen as\u0131lger\u00e7e\u011fi zor olanda bulacakt\u0131n. Bunun i\u00e7in \u00e7abalayacakt\u0131n, yorulacakt\u0131n, ruhun yorulacakt\u0131ve sen yorulmaktan yorulacakt\u0131n.<\/p>\n","protected":false},"excerpt":{"rendered":"<p>Bitme \u00e7a\u011f\u0131yd\u0131, yeniden ba\u015flama \u00e7a\u011f\u0131yd\u0131; \u00fcmit \u00e7a\u011f\u0131yd\u0131, \u00fcmitsizlik \u00e7a\u011f\u0131yd\u0131; susma \u00e7a\u011f\u0131yd\u0131,konu\u015fma \u00e7a\u011f\u0131yd\u0131; yalan \u00e7a\u011f\u0131yd\u0131, ger\u00e7ek \u00e7a\u011f\u0131yd\u0131; unutma \u00e7a\u011f\u0131yd\u0131, hat\u0131rlama \u00e7a\u011f\u0131yd\u0131; var olu\u015f\u00e7a\u011f\u0131yd\u0131, yok olu\u015f \u00e7a\u011f\u0131yd\u0131&#8230; Belli<span class=\"excerpt-hellip\"> [\u2026]<\/span><\/p>\n","protected":false},"featured_media":0,"template":"","meta":{"_monsterinsights_skip_tracking":false,"_monsterinsights_sitenote_active":false,"_monsterinsights_sitenote_note":"","_monsterinsights_sitenote_category":0},"product_brand":[],"product_cat":[12291,12711],"product_tag":[],"class_list":{"0":"post-770749","1":"product","2":"type-product","3":"status-publish","5":"product_cat-edebiyat","6":"product_cat-roman-oyku","7":"pa_cilt-ciltsiz","8":"pa_tur-kitap","9":"pa_yayinevi-ulysses-yayinlari","10":"pa_yazar-medine-yildirim","12":"first","13":"instock","14":"sale","15":"shipping-taxable","16":"purchasable","17":"product-type-simple"},"_links":{"self":[{"href":"https:\/\/roveyayinevi.com.tr\/index.php\/wp-json\/wp\/v2\/product\/770749","targetHints":{"allow":["GET"]}}],"collection":[{"href":"https:\/\/roveyayinevi.com.tr\/index.php\/wp-json\/wp\/v2\/product"}],"about":[{"href":"https:\/\/roveyayinevi.com.tr\/index.php\/wp-json\/wp\/v2\/types\/product"}],"wp:attachment":[{"href":"https:\/\/roveyayinevi.com.tr\/index.php\/wp-json\/wp\/v2\/media?parent=770749"}],"wp:term":[{"taxonomy":"product_brand","embeddable":true,"href":"https:\/\/roveyayinevi.com.tr\/index.php\/wp-json\/wp\/v2\/product_brand?post=770749"},{"taxonomy":"product_cat","embeddable":true,"href":"https:\/\/roveyayinevi.com.tr\/index.php\/wp-json\/wp\/v2\/product_cat?post=770749"},{"taxonomy":"product_tag","embeddable":true,"href":"https:\/\/roveyayinevi.com.tr\/index.php\/wp-json\/wp\/v2\/product_tag?post=770749"}],"curies":[{"name":"wp","href":"https:\/\/api.w.org\/{rel}","templated":true}]}}