{"id":770745,"date":"2025-08-28T14:41:41","date_gmt":"2025-08-28T11:41:41","guid":{"rendered":"https:\/\/roveyayinevi.com.tr\/index.php\/urun\/gectim-bu-alemden\/"},"modified":"2026-04-15T03:37:10","modified_gmt":"2026-04-15T00:37:10","slug":"gectim-bu-alemden","status":"publish","type":"product","link":"https:\/\/roveyayinevi.com.tr\/index.php\/urun\/gectim-bu-alemden\/","title":{"rendered":"Ge\u00e7tim Bu Alemden"},"content":{"rendered":"<p>\u0130nsanl\u0131\u011fa ferman okundu darda Dald\u0131m ummanlara derya kat\u0131nda Ozan Diren\u00e7 derler benim ad\u0131ma Ge\u00e7tim bu \u00e2lemden pirler a\u015fk\u0131na <\/p>\n","protected":false},"excerpt":{"rendered":"<p>\u0130nsanl\u0131\u011fa ferman okundu darda Dald\u0131m ummanlara derya kat\u0131nda Ozan Diren\u00e7 derler benim ad\u0131ma Ge\u00e7tim bu \u00e2lemden pirler a\u015fk\u0131na<\/p>\n","protected":false},"featured_media":0,"template":"","meta":{"_monsterinsights_skip_tracking":false,"_monsterinsights_sitenote_active":false,"_monsterinsights_sitenote_note":"","_monsterinsights_sitenote_category":0},"product_brand":[],"product_cat":[12291,12509],"product_tag":[],"class_list":{"0":"post-770745","1":"product","2":"type-product","3":"status-publish","5":"product_cat-edebiyat","6":"product_cat-siir","7":"pa_cilt-ciltsiz","8":"pa_tur-kitap","9":"pa_yayinevi-sinirsiz-kitap","10":"pa_yazar-ozan-direnc","12":"first","13":"instock","14":"sale","15":"shipping-taxable","16":"purchasable","17":"product-type-simple"},"_links":{"self":[{"href":"https:\/\/roveyayinevi.com.tr\/index.php\/wp-json\/wp\/v2\/product\/770745","targetHints":{"allow":["GET"]}}],"collection":[{"href":"https:\/\/roveyayinevi.com.tr\/index.php\/wp-json\/wp\/v2\/product"}],"about":[{"href":"https:\/\/roveyayinevi.com.tr\/index.php\/wp-json\/wp\/v2\/types\/product"}],"wp:attachment":[{"href":"https:\/\/roveyayinevi.com.tr\/index.php\/wp-json\/wp\/v2\/media?parent=770745"}],"wp:term":[{"taxonomy":"product_brand","embeddable":true,"href":"https:\/\/roveyayinevi.com.tr\/index.php\/wp-json\/wp\/v2\/product_brand?post=770745"},{"taxonomy":"product_cat","embeddable":true,"href":"https:\/\/roveyayinevi.com.tr\/index.php\/wp-json\/wp\/v2\/product_cat?post=770745"},{"taxonomy":"product_tag","embeddable":true,"href":"https:\/\/roveyayinevi.com.tr\/index.php\/wp-json\/wp\/v2\/product_tag?post=770745"}],"curies":[{"name":"wp","href":"https:\/\/api.w.org\/{rel}","templated":true}]}}