{"id":770744,"date":"2025-08-28T14:41:40","date_gmt":"2025-08-28T11:41:40","guid":{"rendered":"https:\/\/roveyayinevi.com.tr\/index.php\/urun\/cumhuriyet-ve-komunistler\/"},"modified":"2026-04-15T03:37:10","modified_gmt":"2026-04-15T00:37:10","slug":"cumhuriyet-ve-komunistler","status":"publish","type":"product","link":"https:\/\/roveyayinevi.com.tr\/index.php\/urun\/cumhuriyet-ve-komunistler\/","title":{"rendered":"Cumhuriyet ve Kom\u00fcnistler"},"content":{"rendered":"<p>Tarih boyunca devrimci hareketler, genellikle yerle\u015fik kabullerin sars\u0131lmas\u0131 ve yeni bir d\u00fc\u015f\u00fcnsel zeminin ortaya \u00e7\u0131kmas\u0131yla geli\u015fmi\u015ftir. Bu kitab\u0131n haz\u0131rlan\u0131\u015f\u0131ndaki temel ama\u00e7, g\u00fcn\u00fcm\u00fczde sol ile cumhuriyet\u00e7i kesimler aras\u0131nda kar\u015f\u0131l\u0131kl\u0131 olarak sorgulanmaya ve k\u0131r\u0131lmaya ba\u015flayan ezberlere yan\u0131t verme aray\u0131\u015f\u0131d\u0131r. T\u00fcrkiye Kom\u00fcnist Partisi\u2019nin son kongresindeki, \u201cCHP ve K\u00fcrt siyasetinden uzakla\u015famam\u0131\u015f T\u00fcrkiye soluyla ili\u015fkimizi kesiyoruz\u201d \u00e7\u0131k\u0131\u015f\u0131 ilgiyle izleniyor. B\u00f6ylesi bir k\u0131r\u0131lma an\u0131nda cumhuriyet\u00e7i kesimler de daha \u00f6nceden kendilerine dayat\u0131lan ezberlerin d\u0131\u015f\u0131na \u00e7\u0131karak solu tan\u0131maya, anlamaya \u00e7al\u0131\u015f\u0131yorlar. TKP Genel Sekreteri Kemal Okuyan ile yap\u0131lan bu s\u00f6yle\u015fi solun ve cumhuriyet\u00e7i kesimlerin birbirlerini tan\u0131mas\u0131na ve bir araya gelmesine katk\u0131da bulunmay\u0131 ama\u00e7l\u0131yor. <\/p>\n","protected":false},"excerpt":{"rendered":"<p>Tarih boyunca devrimci hareketler, genellikle yerle\u015fik kabullerin sars\u0131lmas\u0131 ve yeni bir d\u00fc\u015f\u00fcnsel zeminin ortaya \u00e7\u0131kmas\u0131yla geli\u015fmi\u015ftir. Bu kitab\u0131n haz\u0131rlan\u0131\u015f\u0131ndaki temel ama\u00e7, g\u00fcn\u00fcm\u00fczde sol ile cumhuriyet\u00e7i kesimler<span class=\"excerpt-hellip\"> [\u2026]<\/span><\/p>\n","protected":false},"featured_media":0,"template":"","meta":{"_monsterinsights_skip_tracking":false,"_monsterinsights_sitenote_active":false,"_monsterinsights_sitenote_note":"","_monsterinsights_sitenote_category":0},"product_brand":[],"product_cat":[12337,14543],"product_tag":[],"class_list":{"0":"post-770744","1":"product","2":"type-product","3":"status-publish","5":"product_cat-politika-siyaset","6":"product_cat-turkiye-siyaseti-ve-politikasi","7":"pa_cilt-ciltsiz","8":"pa_tur-kitap","9":"pa_yayinevi-kirmizi-kedi-yayinevi","10":"pa_yazar-haluk-hepkon","12":"first","13":"instock","14":"sale","15":"shipping-taxable","16":"purchasable","17":"product-type-simple"},"_links":{"self":[{"href":"https:\/\/roveyayinevi.com.tr\/index.php\/wp-json\/wp\/v2\/product\/770744","targetHints":{"allow":["GET"]}}],"collection":[{"href":"https:\/\/roveyayinevi.com.tr\/index.php\/wp-json\/wp\/v2\/product"}],"about":[{"href":"https:\/\/roveyayinevi.com.tr\/index.php\/wp-json\/wp\/v2\/types\/product"}],"wp:attachment":[{"href":"https:\/\/roveyayinevi.com.tr\/index.php\/wp-json\/wp\/v2\/media?parent=770744"}],"wp:term":[{"taxonomy":"product_brand","embeddable":true,"href":"https:\/\/roveyayinevi.com.tr\/index.php\/wp-json\/wp\/v2\/product_brand?post=770744"},{"taxonomy":"product_cat","embeddable":true,"href":"https:\/\/roveyayinevi.com.tr\/index.php\/wp-json\/wp\/v2\/product_cat?post=770744"},{"taxonomy":"product_tag","embeddable":true,"href":"https:\/\/roveyayinevi.com.tr\/index.php\/wp-json\/wp\/v2\/product_tag?post=770744"}],"curies":[{"name":"wp","href":"https:\/\/api.w.org\/{rel}","templated":true}]}}