{"id":770742,"date":"2025-08-28T14:41:36","date_gmt":"2025-08-28T11:41:36","guid":{"rendered":"https:\/\/roveyayinevi.com.tr\/index.php\/urun\/hayal-gucunun-sinirsiz-denizi\/"},"modified":"2026-04-15T03:37:10","modified_gmt":"2026-04-15T00:37:10","slug":"hayal-gucunun-sinirsiz-denizi","status":"publish","type":"product","link":"https:\/\/roveyayinevi.com.tr\/index.php\/urun\/hayal-gucunun-sinirsiz-denizi\/","title":{"rendered":"Hayal G\u00fcc\u00fcn\u00fcn S\u0131n\u0131rs\u0131z Denizi"},"content":{"rendered":"<p>\u00dclku\u0308 Tamer, hayat\u0131 boyunca edebiyat du\u0308nyas\u0131n\u0131n i\u00e7inde hem yazar hem yay\u0131nc\u0131 hem de okur olarak yer alm\u0131\u015f ve o y\u0131llarda bin bir fedak\u00e2rl\u0131kla \u00e7\u0131kan edebiyat dergilerinin hemen hemen hepsini \u00f6zel bir titizlikle incelemi\u015ftir. Kendi de hem dergicilik hem yay\u0131nc\u0131l\u0131k heyecan\u0131na kap\u0131lm\u0131\u015f ve bir \u015fair olarak edebiyat\u0131n -kendi deyimiyle- \u201calt\u0131n \u00e7a\u011f\u0131\u201dn\u0131 doya doya ya\u015fam\u0131\u015ft\u0131r. Bu durum, do\u011fal olarak \u015fairin yazma seru\u0308veninin son derece renkli ve ilgin\u00e7 hale gelmesine vesile olmu\u015ftur.   Hayal Gu\u0308cu\u0308nu\u0308n S\u0131n\u0131rs\u0131z Denizi, \u00dclku\u0308 Tamer\u2019in sanata ve \u00f6zellikle edebiyata olan bak\u0131\u015f a\u00e7\u0131s\u0131n\u0131 anlama a\u00e7\u0131s\u0131ndan \u00f6nemli bir hazine. O gu\u0308nu\u0308n edebiyat\u0131n\u0131 bazen ironik bazen de i\u00e7li bir bi\u00e7imde de\u011ferlendiren \u015fair, anlamlar\u0131n s\u0131n\u0131rs\u0131zl\u0131\u011f\u0131n\u0131 ve bu s\u0131n\u0131rs\u0131zl\u0131\u011f\u0131 in\u015fa eden bu\u0308tu\u0308n patikalar\u0131 g\u00f6zler \u00f6nu\u0308ne seriyor. \u00dclku\u0308 Tamer\u2019in edebiyat du\u0308nyas\u0131n\u0131n izlerini daha da ayd\u0131nlatan bu yaz\u0131lar\u0131; edebiyat\u0131n de\u011ferini, haysiyetini ve anlamlar\u0131n\u0131 du\u0308\u015fu\u0308nmek isteyenler i\u00e7in \u00f6nemli bir merkez nokta olarak da kabul edilebilir. <\/p>\n","protected":false},"excerpt":{"rendered":"<p>\u00dclku\u0308 Tamer, hayat\u0131 boyunca edebiyat du\u0308nyas\u0131n\u0131n i\u00e7inde hem yazar hem yay\u0131nc\u0131 hem de okur olarak yer alm\u0131\u015f ve o y\u0131llarda bin bir fedak\u00e2rl\u0131kla \u00e7\u0131kan edebiyat dergilerinin<span class=\"excerpt-hellip\"> [\u2026]<\/span><\/p>\n","protected":false},"featured_media":0,"template":"","meta":{"_monsterinsights_skip_tracking":false,"_monsterinsights_sitenote_active":false,"_monsterinsights_sitenote_note":"","_monsterinsights_sitenote_category":0},"product_brand":[],"product_cat":[12777,12291],"product_tag":[],"class_list":{"0":"post-770742","1":"product","2":"type-product","3":"status-publish","5":"product_cat-deneme","6":"product_cat-edebiyat","7":"pa_cilt-ciltsiz","8":"pa_tur-kitap","9":"pa_yayinevi-ketebe-yayinlari","10":"pa_yazar-ulku-tamer","12":"first","13":"instock","14":"sale","15":"shipping-taxable","16":"purchasable","17":"product-type-simple"},"_links":{"self":[{"href":"https:\/\/roveyayinevi.com.tr\/index.php\/wp-json\/wp\/v2\/product\/770742","targetHints":{"allow":["GET"]}}],"collection":[{"href":"https:\/\/roveyayinevi.com.tr\/index.php\/wp-json\/wp\/v2\/product"}],"about":[{"href":"https:\/\/roveyayinevi.com.tr\/index.php\/wp-json\/wp\/v2\/types\/product"}],"wp:attachment":[{"href":"https:\/\/roveyayinevi.com.tr\/index.php\/wp-json\/wp\/v2\/media?parent=770742"}],"wp:term":[{"taxonomy":"product_brand","embeddable":true,"href":"https:\/\/roveyayinevi.com.tr\/index.php\/wp-json\/wp\/v2\/product_brand?post=770742"},{"taxonomy":"product_cat","embeddable":true,"href":"https:\/\/roveyayinevi.com.tr\/index.php\/wp-json\/wp\/v2\/product_cat?post=770742"},{"taxonomy":"product_tag","embeddable":true,"href":"https:\/\/roveyayinevi.com.tr\/index.php\/wp-json\/wp\/v2\/product_tag?post=770742"}],"curies":[{"name":"wp","href":"https:\/\/api.w.org\/{rel}","templated":true}]}}