{"id":770741,"date":"2025-08-28T14:41:34","date_gmt":"2025-08-28T11:41:34","guid":{"rendered":"https:\/\/roveyayinevi.com.tr\/index.php\/urun\/vadinin-perileri-kirik-kanatlar\/"},"modified":"2026-04-15T03:37:10","modified_gmt":"2026-04-15T00:37:10","slug":"vadinin-perileri-kirik-kanatlar","status":"publish","type":"product","link":"https:\/\/roveyayinevi.com.tr\/index.php\/urun\/vadinin-perileri-kirik-kanatlar\/","title":{"rendered":"Vadinin Perileri &amp; K\u0131r\u0131k Kanatlar"},"content":{"rendered":"<p>Zaman, bir nehrin sonsuzlu\u011fa uzanan ak\u0131\u015f\u0131 gibidir; biz, onun k\u0131y\u0131s\u0131nda duran, bir su damlas\u0131n\u0131n i\u00e7inde evreni g\u00f6rmeye \u00e7al\u0131\u015fan yolcular\u0131z. Cibran\u2019\u0131n du\u0308nyas\u0131nda her \u015fey devinir, her \u015fey d\u00f6nu\u0308\u015fu\u0308r. \u0130nsan da kendi i\u00e7indeki bo\u015flu\u011fun fark\u0131na vard\u0131\u011f\u0131nda ger\u00e7ek anlamda do\u011far.   Vadinin Perileri, do\u011fan\u0131n bilge sesine dikkat kesildi\u011fimiz, ru\u0308zg\u00e2r\u0131n, \u0131rmaklar\u0131n ve topra\u011f\u0131n insana kendi hik\u00e2yelerini anlatt\u0131\u011f\u0131 bir eser. Cibran Vadinin Perileri\u2019nde, modern insan\u0131n kaybetti\u011fi safl\u0131\u011f\u0131, k\u00f6klerinden kopmu\u015f ruhlar\u0131n vadilerde h\u00e2l\u00e2 duyulan seslerini anlat\u0131r. \u0130nsan, \u00f6zgu\u0308r do\u011far, zincirlenir ve sonunda do\u011faya geri d\u00f6ner. K\u0131r\u0131k Kanatlar ise, a\u015fk\u0131n ve toplumsal k\u0131s\u0131tlamalar\u0131n yaratt\u0131\u011f\u0131 hu\u0308zu\u0308nlu\u0308 trajediyi g\u00f6zler \u00f6nu\u0308ne serer. Kavu\u015fman\u0131n imk\u00e2ns\u0131zla\u015ft\u0131\u011f\u0131 yerde, a\u015fk en saf halini al\u0131r. \u00c7u\u0308nku\u0308 bazen iki insan\u0131n en bu\u0308yu\u0308k kaderi, birbirine \u00e7ok yakla\u015fm\u0131\u015fken sonsuza dek ayr\u0131lmakt\u0131r. Cibran, bu eserleriyle g\u00f6steriyor ki insan, sevdi\u011fi \u015feyleri kaybetmeye yazg\u0131l\u0131d\u0131r; insan zaten kaybettikleriyle var olur.   Bu \u00f6zel edisyon, Cibran\u2019\u0131n metafizik gerilimi en yu\u0308ksek iki eserini bir araya getiriyor. Vadinin Perileri ve K\u0131r\u0131k Kanatlar, yeni bir edisyonla ve Cahit Koytak \u00e7evirisiyle Ketebe\u2019de. <\/p>\n","protected":false},"excerpt":{"rendered":"<p>Zaman, bir nehrin sonsuzlu\u011fa uzanan ak\u0131\u015f\u0131 gibidir; biz, onun k\u0131y\u0131s\u0131nda duran, bir su damlas\u0131n\u0131n i\u00e7inde evreni g\u00f6rmeye \u00e7al\u0131\u015fan yolcular\u0131z. Cibran\u2019\u0131n du\u0308nyas\u0131nda her \u015fey devinir, her \u015fey<span class=\"excerpt-hellip\"> [\u2026]<\/span><\/p>\n","protected":false},"featured_media":0,"template":"","meta":{"_monsterinsights_skip_tracking":false,"_monsterinsights_sitenote_active":false,"_monsterinsights_sitenote_note":"","_monsterinsights_sitenote_category":0},"product_brand":[],"product_cat":[12777,12291],"product_tag":[],"class_list":{"0":"post-770741","1":"product","2":"type-product","3":"status-publish","5":"product_cat-deneme","6":"product_cat-edebiyat","7":"pa_cilt-ciltsiz","8":"pa_tur-kitap","9":"pa_yayinevi-ketebe-yayinlari","10":"pa_yazar-halil-cibran","12":"first","13":"instock","14":"sale","15":"shipping-taxable","16":"purchasable","17":"product-type-simple"},"_links":{"self":[{"href":"https:\/\/roveyayinevi.com.tr\/index.php\/wp-json\/wp\/v2\/product\/770741","targetHints":{"allow":["GET"]}}],"collection":[{"href":"https:\/\/roveyayinevi.com.tr\/index.php\/wp-json\/wp\/v2\/product"}],"about":[{"href":"https:\/\/roveyayinevi.com.tr\/index.php\/wp-json\/wp\/v2\/types\/product"}],"wp:attachment":[{"href":"https:\/\/roveyayinevi.com.tr\/index.php\/wp-json\/wp\/v2\/media?parent=770741"}],"wp:term":[{"taxonomy":"product_brand","embeddable":true,"href":"https:\/\/roveyayinevi.com.tr\/index.php\/wp-json\/wp\/v2\/product_brand?post=770741"},{"taxonomy":"product_cat","embeddable":true,"href":"https:\/\/roveyayinevi.com.tr\/index.php\/wp-json\/wp\/v2\/product_cat?post=770741"},{"taxonomy":"product_tag","embeddable":true,"href":"https:\/\/roveyayinevi.com.tr\/index.php\/wp-json\/wp\/v2\/product_tag?post=770741"}],"curies":[{"name":"wp","href":"https:\/\/api.w.org\/{rel}","templated":true}]}}