{"id":770739,"date":"2025-08-28T14:41:29","date_gmt":"2025-08-28T11:41:29","guid":{"rendered":"https:\/\/roveyayinevi.com.tr\/index.php\/urun\/oncu-gonlun-sirlari\/"},"modified":"2026-04-15T03:37:10","modified_gmt":"2026-04-15T00:37:10","slug":"oncu-gonlun-sirlari","status":"publish","type":"product","link":"https:\/\/roveyayinevi.com.tr\/index.php\/urun\/oncu-gonlun-sirlari\/","title":{"rendered":"\u00d6nc\u00fc &amp; G\u00f6nl\u00fcn S\u0131rlar\u0131"},"content":{"rendered":"<p>Cibran\u2019\u0131n s\u00f6zcu\u0308kleri, bir k\u00e2hin gibi gelece\u011fi haber veren, bir mu\u0308nzevi gibi hakikati arayan, bir \u00e2\u015f\u0131k gibi du\u0308nyaya tutkuyla sar\u0131lan bir t\u0131n\u0131 ta\u015f\u0131r. O, modern du\u0308nyan\u0131n yaln\u0131z kalm\u0131\u015f ruhlar\u0131na seslenir. Ona g\u00f6re her insan, kendi i\u00e7inde bir \u00f6ncu\u0308du\u0308r ve her \u00f6ncu\u0308, kendi g\u00f6nlu\u0308nu\u0308n s\u0131rlar\u0131n\u0131 ta\u015f\u0131makla yu\u0308ku\u0308mlu\u0308du\u0308r.   \u00d6ncu\u0308, insan\u0131n kendi yol aray\u0131\u015f\u0131n\u0131 anlatan bir bildiri, bir \u00f6znelik manifestosudur. Kendi varl\u0131\u011f\u0131n\u0131n \u00f6ncu\u0308su\u0308 olmak, her yeni gu\u0308nu\u0308n ilk \u0131\u015f\u0131\u011f\u0131nda kaybolan bir g\u00f6lgeye d\u00f6nu\u0308\u015fmek ve tekrar yeniden do\u011fmakt\u0131r. Cibran burada insan\u0131, kendi kaderinin hem yolcusu hem de yarat\u0131c\u0131s\u0131 olarak resmeder. Bizi, kendi i\u00e7imizde bir devrim ba\u015flatmaya davet eder. G\u00f6nlu\u0308n S\u0131rlar\u0131 ise kalbin en gizli dehlizlerinden yu\u0308kselen bir \u00e7\u0131\u011fl\u0131k gibidir. \u0130nsan varolu\u015funun a\u011f\u0131rl\u0131\u011f\u0131n\u0131, sevdan\u0131n ve kaybedi\u015fin izlerini, ruhun anlatmayacesaret edemedi\u011fi s\u0131rlar\u0131 f\u0131s\u0131ldar. A\u015fk, bir esaret oldu\u011fu kadar bir \u00f6zgu\u0308rlu\u0308ktu\u0308r de; ayr\u0131l\u0131k bir son de\u011fil, d\u00f6nu\u0308\u015fu\u0308mu\u0308n ba\u015flang\u0131c\u0131d\u0131r.   Bireyin i\u00e7 du\u0308nyas\u0131na yapt\u0131\u011f\u0131 metafizik yolculu\u011fun iki farkl\u0131 dura\u011f\u0131n\u0131 and\u0131ran \u00d6ncu\u0308 ve G\u00f6nlu\u0308n S\u0131rlar\u0131, \u00f6zel bir edisyonla ve Cahit Koytak\u2019\u0131n mu\u0308thi\u015f \u00e7evirisiyle\u2026 <\/p>\n","protected":false},"excerpt":{"rendered":"<p>Cibran\u2019\u0131n s\u00f6zcu\u0308kleri, bir k\u00e2hin gibi gelece\u011fi haber veren, bir mu\u0308nzevi gibi hakikati arayan, bir \u00e2\u015f\u0131k gibi du\u0308nyaya tutkuyla sar\u0131lan bir t\u0131n\u0131 ta\u015f\u0131r. O, modern du\u0308nyan\u0131n yaln\u0131z<span class=\"excerpt-hellip\"> [\u2026]<\/span><\/p>\n","protected":false},"featured_media":0,"template":"","meta":{"_monsterinsights_skip_tracking":false,"_monsterinsights_sitenote_active":false,"_monsterinsights_sitenote_note":"","_monsterinsights_sitenote_category":0},"product_brand":[],"product_cat":[12777,12291],"product_tag":[],"class_list":{"0":"post-770739","1":"product","2":"type-product","3":"status-publish","5":"product_cat-deneme","6":"product_cat-edebiyat","7":"pa_cilt-ciltsiz","8":"pa_tur-kitap","9":"pa_yayinevi-ketebe-yayinlari","10":"pa_yazar-halil-cibran","12":"first","13":"instock","14":"sale","15":"shipping-taxable","16":"purchasable","17":"product-type-simple"},"_links":{"self":[{"href":"https:\/\/roveyayinevi.com.tr\/index.php\/wp-json\/wp\/v2\/product\/770739","targetHints":{"allow":["GET"]}}],"collection":[{"href":"https:\/\/roveyayinevi.com.tr\/index.php\/wp-json\/wp\/v2\/product"}],"about":[{"href":"https:\/\/roveyayinevi.com.tr\/index.php\/wp-json\/wp\/v2\/types\/product"}],"wp:attachment":[{"href":"https:\/\/roveyayinevi.com.tr\/index.php\/wp-json\/wp\/v2\/media?parent=770739"}],"wp:term":[{"taxonomy":"product_brand","embeddable":true,"href":"https:\/\/roveyayinevi.com.tr\/index.php\/wp-json\/wp\/v2\/product_brand?post=770739"},{"taxonomy":"product_cat","embeddable":true,"href":"https:\/\/roveyayinevi.com.tr\/index.php\/wp-json\/wp\/v2\/product_cat?post=770739"},{"taxonomy":"product_tag","embeddable":true,"href":"https:\/\/roveyayinevi.com.tr\/index.php\/wp-json\/wp\/v2\/product_tag?post=770739"}],"curies":[{"name":"wp","href":"https:\/\/api.w.org\/{rel}","templated":true}]}}