{"id":770738,"date":"2025-08-28T14:41:28","date_gmt":"2025-08-28T11:41:28","guid":{"rendered":"https:\/\/roveyayinevi.com.tr\/index.php\/urun\/kim-korkar-toplumsal-cinsiyetten\/"},"modified":"2026-04-15T03:37:10","modified_gmt":"2026-04-15T00:37:10","slug":"kim-korkar-toplumsal-cinsiyetten","status":"publish","type":"product","link":"https:\/\/roveyayinevi.com.tr\/index.php\/urun\/kim-korkar-toplumsal-cinsiyetten\/","title":{"rendered":"Kim Korkar Toplumsal Cinsiyetten?"},"content":{"rendered":"<p>G\u00fcn\u00fcm\u00fczde \u201ctoplumsal cinsiyet\u201d akademik bir tabir olmaktan \u00e7\u0131kt\u0131; politik m\u00fccadelelerin, toplumsal korkular\u0131n ve k\u00fcresel ideolojik sava\u015flar\u0131n merkezine yerle\u015fti. Peki, nas\u0131l oldu da bir zamanlar sosyal bilimlere ait olan bir kavram, d\u00fcnyan\u0131n pek \u00e7ok yerinde korku ve tela\u015f\u0131n kayna\u011f\u0131 haline geldi? Judith Butler, toplumsal cinsiyet kavram\u0131n\u0131n nas\u0131l yanl\u0131\u015f anla\u015f\u0131ld\u0131\u011f\u0131n\u0131, muhafazak\u00e2r \u00e7evreler taraf\u0131ndan nas\u0131l bir \u201ctehdit\u201d olarak kurguland\u0131\u011f\u0131n\u0131 ve bu korkular\u0131n iktidarlar taraf\u0131ndan nas\u0131l kullan\u0131ld\u0131\u011f\u0131n\u0131 derinlemesine inceliyor. ABD\u2019den Brezilya\u2019ya, T\u00fcrkiye\u2019den Rusya\u2019ya kadar \u00e7e\u015fitli \u00fclkelerde toplumsal cinsiyetin \u015feytanla\u015ft\u0131r\u0131lmas\u0131n\u0131n ard\u0131nda yatan politik ve ideolojik dinamikleri a\u00e7\u0131\u011fa \u00e7\u0131kar\u0131yor. Toplumsal cinsiyetin ulusal g\u00fcvenli\u011fi tehdit etti\u011fi, aile kurumunu yok edece\u011fi ya da insan do\u011fas\u0131na, yani f\u0131trata ayk\u0131r\u0131 oldu\u011fu iddialar\u0131n\u0131n bir \u201cfantazma\u201d olu\u015fturdu\u011funu vurguluyor. Bu fantazman\u0131n otoriter rejimlerce nas\u0131l in\u015fa edildi\u011fini, nas\u0131l yay\u0131ld\u0131\u011f\u0131n\u0131 ve asl\u0131nda kimi koruyup kime zarar verdi\u011fini sorguluyor. Umuyoruz ki kitap, daha adil bir d\u00fcnya u\u011fruna verilen m\u00fccadelede toplumsal cinsiyetin yerini hat\u0131rlatacak.   <\/p>\n","protected":false},"excerpt":{"rendered":"<p>G\u00fcn\u00fcm\u00fczde \u201ctoplumsal cinsiyet\u201d akademik bir tabir olmaktan \u00e7\u0131kt\u0131; politik m\u00fccadelelerin, toplumsal korkular\u0131n ve k\u00fcresel ideolojik sava\u015flar\u0131n merkezine yerle\u015fti. Peki, nas\u0131l oldu da bir zamanlar sosyal bilimlere<span class=\"excerpt-hellip\"> [\u2026]<\/span><\/p>\n","protected":false},"featured_media":0,"template":"","meta":{"_monsterinsights_skip_tracking":false,"_monsterinsights_sitenote_active":false,"_monsterinsights_sitenote_note":"","_monsterinsights_sitenote_category":0},"product_brand":[],"product_cat":[12835,12324],"product_tag":[],"class_list":{"0":"post-770738","1":"product","2":"type-product","3":"status-publish","5":"product_cat-genel-sosyoloji","6":"product_cat-sosyoloji","7":"pa_cilt-ciltsiz","8":"pa_tur-kitap","9":"pa_yayinevi-metis-yayinlari","10":"pa_yazar-judith-butler","12":"first","13":"instock","14":"sale","15":"shipping-taxable","16":"purchasable","17":"product-type-simple"},"_links":{"self":[{"href":"https:\/\/roveyayinevi.com.tr\/index.php\/wp-json\/wp\/v2\/product\/770738","targetHints":{"allow":["GET"]}}],"collection":[{"href":"https:\/\/roveyayinevi.com.tr\/index.php\/wp-json\/wp\/v2\/product"}],"about":[{"href":"https:\/\/roveyayinevi.com.tr\/index.php\/wp-json\/wp\/v2\/types\/product"}],"wp:attachment":[{"href":"https:\/\/roveyayinevi.com.tr\/index.php\/wp-json\/wp\/v2\/media?parent=770738"}],"wp:term":[{"taxonomy":"product_brand","embeddable":true,"href":"https:\/\/roveyayinevi.com.tr\/index.php\/wp-json\/wp\/v2\/product_brand?post=770738"},{"taxonomy":"product_cat","embeddable":true,"href":"https:\/\/roveyayinevi.com.tr\/index.php\/wp-json\/wp\/v2\/product_cat?post=770738"},{"taxonomy":"product_tag","embeddable":true,"href":"https:\/\/roveyayinevi.com.tr\/index.php\/wp-json\/wp\/v2\/product_tag?post=770738"}],"curies":[{"name":"wp","href":"https:\/\/api.w.org\/{rel}","templated":true}]}}