{"id":770737,"date":"2025-08-28T14:41:27","date_gmt":"2025-08-28T11:41:27","guid":{"rendered":"https:\/\/roveyayinevi.com.tr\/index.php\/urun\/kentin-ve-mimarligin-anahtari-olarak-saydamlik\/"},"modified":"2026-04-15T03:37:10","modified_gmt":"2026-04-15T00:37:10","slug":"kentin-ve-mimarligin-anahtari-olarak-saydamlik","status":"publish","type":"product","link":"https:\/\/roveyayinevi.com.tr\/index.php\/urun\/kentin-ve-mimarligin-anahtari-olarak-saydamlik\/","title":{"rendered":"Kentin ve Mimarl\u0131\u011f\u0131n Anahtar\u0131 Olarak Saydaml\u0131k"},"content":{"rendered":"<p>Mimar Vedat Tokyay, bu kitapta, bir taraftan kentsel ya\u015fam ve mimarl\u0131kta \u00e7ok \u00f6nemsenen \u201cG\u00f6r\u00fcl\u00fcr ve Olgusal Saydaml\u0131k\u201d kuram\u0131n\u0131 \u00e7a\u011fda\u015f, geleneksel yap\u0131 \u00f6rnekleri \u00fczerinden ele al\u0131rken, bir taraftan da kent-ya\u015fam ve insan \u00fczerinden meseleye odaklan\u0131yor. Arka plan bilincini mimar\u0131n, s\u00f6zc\u00fckleri kullanmadan, ya\u015fama dair \u00f6nerilerini mek\u00e2nsal \u00f6rg\u00fctlenme sayesinde olu\u015fturarak yap\u0131s\u0131na arma\u011fan etti\u011fi anlamlar b\u00fct\u00fcn\u00fc olarak betimliyor. Arka plan\u0131 \u201cmimar\u0131n, saydaml\u0131k sayesinde yazd\u0131\u011f\u0131 \u015fiiridir\u201d s\u00f6z\u00fcyle \u00f6zetliyor. Mek\u00e2nsal \u00f6rg\u00fctlenme ilkesini ise k\u00fcbist resim yakla\u015f\u0131m\u0131 \u00fczerinden ele al\u0131rken, \u201cger\u00e7ek ya\u015famdaki yerlerinden, boyutlar\u0131ndan, ili\u015fkilerinden kopar\u0131lm\u0131\u015f ve yeni kompozisyon ile resmin anlam\u0131n\u0131 iletmeye odaklanm\u0131\u015flard\u0131\u201d s\u00f6zleriyle, klasik resimden fark\u0131n\u0131 dile getiriyor, t\u0131pk\u0131 mimarl\u0131\u011f\u0131n da art\u0131k klasik mek\u00e2nsal \u00f6rg\u00fctlenme y\u00f6ntemiyle yap\u0131lamayaca\u011f\u0131 vurgusu gibi\u2026 Tokyay, \u201czaman ve devinim\u201d arac\u0131yla mimarl\u0131k ve sinema aras\u0131ndaki benze\u015fli\u011fe dikkat \u00e7ekiyor; sinemada ya\u015famlar\u0131n ge\u00e7mi\u015f ve gelecek ba\u011flant\u0131lar\u0131, birine veya \u00f6tekine \u00f6yk\u00fcnme halini, mimaride \u015fimdiki zaman mek\u00e2nlar\u0131n\u0131n ge\u00e7mi\u015fle olan ba\u011flant\u0131lar\u0131 ile ili\u015fkilendiriyor. Katmanl\u0131l\u0131k arac\u0131yla da bir y\u00f6netmenin filmi \u00e7ekerken, derdini anlatabilme kayg\u0131s\u0131n\u0131, mimar\u0131n mek\u00e2nda geometrisi, kabu\u011fu, ge\u00e7irgenlik d\u00fczeyleri ve g\u00fcn \u0131\u015f\u0131\u011f\u0131n\u0131n konumu gibi katmanlar ile yaratt\u0131\u011f\u0131 kompozisyona benzetiyor. \u201cKentsel Saydaml\u0131k\u201d ile konunun sadece mimarlar\u0131 de\u011fil kent planc\u0131lar\u0131n\u0131 da yak\u0131ndan ilgilendirdi\u011fine de\u011finirken Tokyay, kentsel demokrasinin gereklili\u011fine vurgu yap\u0131yor. Ona g\u00f6re bu kavram; kent hakk\u0131n\u0131n kentliye geri verilmesidir. Yani kentsel saydaml\u0131kt\u0131r. Ona g\u00f6re; \u00f6zellikle, tarihi-k\u00fclt\u00fcrel miras niteli\u011findeki yap\u0131lar\u0131n kent i\u00e7indeki g\u00f6r\u00fclebilirli\u011fi sa\u011flanmas\u0131 bir gerekliliktir ve bu da ancak, saydaml\u0131k ilkelerini g\u00f6zeten bir kentsel planlamayla olanakl\u0131d\u0131r. Vedat Tokyay, insan-demokrasi, aidiyet, kent, tarih kavramlar\u0131n\u0131n b\u00fct\u00fcnle\u015fik olmas\u0131 \u00fczerinden \u201c\u00d6nce \u0130nsan\u201d kavram\u0131n\u0131n \u00f6nemine de\u011finiyor ve asl\u0131nda kitab\u0131n ana s\u00fcjesine dikkati \u00e7ekerek noktalam\u0131\u015f oluyor. T\u00fcm bunlar \u0131\u015f\u0131\u011f\u0131nda ele ald\u0131\u011f\u0131m\u0131zda elinizdeki bu kitap, mimar, kent planc\u0131lar\u0131, mimarl\u0131k \u00f6\u011frencileri ve asl\u0131nda kentte ya\u015fayan her insan\u0131n alg\u0131s\u0131n\u0131 a\u00e7makla kalm\u0131yor, yeni ufuklar ve fark\u0131ndal\u0131klar yaratarak insan\u0131n nas\u0131l bir d\u00fczlemde ya\u015fan\u0131las\u0131 bir d\u00fcnyaya ait olmas\u0131 gerekti\u011fini bir kez daha hat\u0131rlat\u0131yor.Kitab\u0131n \u00f6ns\u00f6z\u00fcn\u00fc kaleme alan Mimar Nevzat Say\u0131n ile s\u00f6zlerimizi bitirelim: \u201c\u2026 Bu kitap bu ba\u011flant\u0131lar\u0131 ortaya koyarak ge\u00e7irgenlikten ge\u00e7ip, \u00f6zellikle saydaml\u0131k \u00fczerine yo\u011funla\u015f\u0131p, \u00e7ok say\u0131da tekil yap\u0131 ve kent \u00f6l\u00e7e\u011findeki yerle\u015fkeler \u00fczerinden spesifik \/ yo\u011funla\u015ft\u0131r\u0131lm\u0131\u015f bir mimarl\u0131k ele\u015ftirisiyle saydaml\u0131k fikrini iyice saydamla\u015ft\u0131rarak bildiklerimizi g\u00f6zden ge\u00e7irmemizi sa\u011fl\u0131yor\u2026\u201d \u0130\u00e7indekiler; \u00b7 Saydaml\u0131kla \u0130lgili Kavramlar \u00b7 G\u00f6r\u00fcl\u00fcr Saydaml\u0131k ve G\u00fcn I\u015f\u0131\u011f\u0131n\u0131n Rol\u00fc \u00b7 Olgusal Saydaml\u0131k<\/p>\n","protected":false},"excerpt":{"rendered":"<p>Mimar Vedat Tokyay, bu kitapta, bir taraftan kentsel ya\u015fam ve mimarl\u0131kta \u00e7ok \u00f6nemsenen \u201cG\u00f6r\u00fcl\u00fcr ve Olgusal Saydaml\u0131k\u201d kuram\u0131n\u0131 \u00e7a\u011fda\u015f, geleneksel yap\u0131 \u00f6rnekleri \u00fczerinden ele al\u0131rken, bir<span class=\"excerpt-hellip\"> [\u2026]<\/span><\/p>\n","protected":false},"featured_media":0,"template":"","meta":{"_monsterinsights_skip_tracking":false,"_monsterinsights_sitenote_active":false,"_monsterinsights_sitenote_note":"","_monsterinsights_sitenote_category":0},"product_brand":[],"product_cat":[13512,12408],"product_tag":[],"class_list":{"0":"post-770737","1":"product","2":"type-product","3":"status-publish","5":"product_cat-mimarlik","6":"product_cat-sanat","7":"pa_cilt-ciltsiz","8":"pa_tur-kitap","9":"pa_yayinevi-literatur-yayinevi","10":"pa_yazar-vedat-tokyay","12":"first","13":"instock","14":"sale","15":"shipping-taxable","16":"purchasable","17":"product-type-simple"},"_links":{"self":[{"href":"https:\/\/roveyayinevi.com.tr\/index.php\/wp-json\/wp\/v2\/product\/770737","targetHints":{"allow":["GET"]}}],"collection":[{"href":"https:\/\/roveyayinevi.com.tr\/index.php\/wp-json\/wp\/v2\/product"}],"about":[{"href":"https:\/\/roveyayinevi.com.tr\/index.php\/wp-json\/wp\/v2\/types\/product"}],"wp:attachment":[{"href":"https:\/\/roveyayinevi.com.tr\/index.php\/wp-json\/wp\/v2\/media?parent=770737"}],"wp:term":[{"taxonomy":"product_brand","embeddable":true,"href":"https:\/\/roveyayinevi.com.tr\/index.php\/wp-json\/wp\/v2\/product_brand?post=770737"},{"taxonomy":"product_cat","embeddable":true,"href":"https:\/\/roveyayinevi.com.tr\/index.php\/wp-json\/wp\/v2\/product_cat?post=770737"},{"taxonomy":"product_tag","embeddable":true,"href":"https:\/\/roveyayinevi.com.tr\/index.php\/wp-json\/wp\/v2\/product_tag?post=770737"}],"curies":[{"name":"wp","href":"https:\/\/api.w.org\/{rel}","templated":true}]}}