{"id":770736,"date":"2025-08-28T14:41:25","date_gmt":"2025-08-28T11:41:25","guid":{"rendered":"https:\/\/roveyayinevi.com.tr\/index.php\/urun\/can-mikroplara-karsi\/"},"modified":"2026-04-12T03:28:08","modified_gmt":"2026-04-12T00:28:08","slug":"can-mikroplara-karsi","status":"publish","type":"product","link":"https:\/\/roveyayinevi.com.tr\/index.php\/urun\/can-mikroplara-karsi\/","title":{"rendered":"Can Mikroplara Kar\u015f\u0131"},"content":{"rendered":"<p>Can \u015fekerleri \u00e7ok ama \u00e7ok seviyor. Fakat ne zaman di\u015flerini f\u0131r\u00e7alamas\u0131 gerekse hep bir bahane buluyor. Bu y\u00fczden de di\u015flerini saran mikroplarla kar\u015f\u0131la\u015f\u0131yor. Aydan Tuncayengin, bu sevimli ve \u00f6\u011fretici hik\u00e2yeyle \u00e7ocuklara di\u015f sa\u011fl\u0131\u011f\u0131n\u0131n \u00f6nemini anlat\u0131yor. <\/p>\n","protected":false},"excerpt":{"rendered":"<p>Can \u015fekerleri \u00e7ok ama \u00e7ok seviyor. Fakat ne zaman di\u015flerini f\u0131r\u00e7alamas\u0131 gerekse hep bir bahane buluyor. Bu y\u00fczden de di\u015flerini saran mikroplarla kar\u015f\u0131la\u015f\u0131yor. Aydan Tuncayengin, bu<span class=\"excerpt-hellip\"> [\u2026]<\/span><\/p>\n","protected":false},"featured_media":0,"template":"","meta":{"_monsterinsights_skip_tracking":false,"_monsterinsights_sitenote_active":false,"_monsterinsights_sitenote_note":"","_monsterinsights_sitenote_category":0},"product_brand":[],"product_cat":[12274,12284],"product_tag":[],"class_list":{"0":"post-770736","1":"product","2":"type-product","3":"status-publish","5":"product_cat-cocuk-ve-genclik-kitaplari","6":"product_cat-hikayeler","7":"pa_cilt-ciltsiz","8":"pa_tur-kitap","9":"pa_yayinevi-zizi-cocuk","10":"pa_yazar-aydan-tuncayengin","12":"first","13":"instock","14":"sale","15":"shipping-taxable","16":"purchasable","17":"product-type-simple"},"_links":{"self":[{"href":"https:\/\/roveyayinevi.com.tr\/index.php\/wp-json\/wp\/v2\/product\/770736","targetHints":{"allow":["GET"]}}],"collection":[{"href":"https:\/\/roveyayinevi.com.tr\/index.php\/wp-json\/wp\/v2\/product"}],"about":[{"href":"https:\/\/roveyayinevi.com.tr\/index.php\/wp-json\/wp\/v2\/types\/product"}],"wp:attachment":[{"href":"https:\/\/roveyayinevi.com.tr\/index.php\/wp-json\/wp\/v2\/media?parent=770736"}],"wp:term":[{"taxonomy":"product_brand","embeddable":true,"href":"https:\/\/roveyayinevi.com.tr\/index.php\/wp-json\/wp\/v2\/product_brand?post=770736"},{"taxonomy":"product_cat","embeddable":true,"href":"https:\/\/roveyayinevi.com.tr\/index.php\/wp-json\/wp\/v2\/product_cat?post=770736"},{"taxonomy":"product_tag","embeddable":true,"href":"https:\/\/roveyayinevi.com.tr\/index.php\/wp-json\/wp\/v2\/product_tag?post=770736"}],"curies":[{"name":"wp","href":"https:\/\/api.w.org\/{rel}","templated":true}]}}