{"id":770733,"date":"2025-08-28T14:41:19","date_gmt":"2025-08-28T11:41:19","guid":{"rendered":"https:\/\/roveyayinevi.com.tr\/index.php\/urun\/zamanin-kiyisinda-2\/"},"modified":"2026-04-15T03:37:10","modified_gmt":"2026-04-15T00:37:10","slug":"zamanin-kiyisinda-2","status":"publish","type":"product","link":"https:\/\/roveyayinevi.com.tr\/index.php\/urun\/zamanin-kiyisinda-2\/","title":{"rendered":"Zaman\u0131n K\u0131y\u0131s\u0131nda"},"content":{"rendered":"<p>Hayat, de\u011fi\u015fmeyen de\u011ferlerimizle anlam kazan\u0131r. Bizi biz yapan hatalar\u0131m\u0131z, hayat\u0131 daha derin kavramam\u0131za yard\u0131mc\u0131 olur. Kimi zaman s\u0131k\u0131nt\u0131lar i\u00e7inde kayboldu\u011fumuzu san\u0131r\u0131z, ama asl\u0131nda her zorluk, bizi daha g\u00fc\u00e7l\u00fc k\u0131lan bir basamakt\u0131r. Hazlar da s\u0131k\u0131nt\u0131lar da gelip ge\u00e7icidir; ancak as\u0131l \u00f6nemli olan, bu dalgalanmalar i\u00e7inde kendi de\u011ferlerimize sad\u0131k kalmakt\u0131r. \u00d6nemli olan, varl\u0131\u011f\u0131m\u0131z\u0131n anlam\u0131n\u0131 ke\u015ffetmek, sevdiklerimizle birlikte zor g\u00fcnleri a\u015fmak, sabr\u0131n g\u00fcc\u00fcn\u00fc ve \u015f\u00fckr\u00fcn k\u0131ymetini bilmektir. Hayat\u0131n karma\u015fas\u0131nda kaybolmadan, do\u011fruya tutunarak ilerlemek ve mutlu olman\u0131n yollar\u0131n\u0131 bulmakt\u0131r. <\/p>\n","protected":false},"excerpt":{"rendered":"<p>Hayat, de\u011fi\u015fmeyen de\u011ferlerimizle anlam kazan\u0131r. Bizi biz yapan hatalar\u0131m\u0131z, hayat\u0131 daha derin kavramam\u0131za yard\u0131mc\u0131 olur. Kimi zaman s\u0131k\u0131nt\u0131lar i\u00e7inde kayboldu\u011fumuzu san\u0131r\u0131z, ama asl\u0131nda her zorluk, bizi<span class=\"excerpt-hellip\"> [\u2026]<\/span><\/p>\n","protected":false},"featured_media":0,"template":"","meta":{"_monsterinsights_skip_tracking":false,"_monsterinsights_sitenote_active":false,"_monsterinsights_sitenote_note":"","_monsterinsights_sitenote_category":0},"product_brand":[],"product_cat":[12777,12291],"product_tag":[],"class_list":{"0":"post-770733","1":"product","2":"type-product","3":"status-publish","5":"product_cat-deneme","6":"product_cat-edebiyat","7":"pa_cilt-ciltsiz","8":"pa_tur-kitap","9":"pa_yayinevi-sinirsiz-kitap","10":"pa_yazar-elif-yahsi","12":"first","13":"instock","14":"sale","15":"shipping-taxable","16":"purchasable","17":"product-type-simple"},"_links":{"self":[{"href":"https:\/\/roveyayinevi.com.tr\/index.php\/wp-json\/wp\/v2\/product\/770733","targetHints":{"allow":["GET"]}}],"collection":[{"href":"https:\/\/roveyayinevi.com.tr\/index.php\/wp-json\/wp\/v2\/product"}],"about":[{"href":"https:\/\/roveyayinevi.com.tr\/index.php\/wp-json\/wp\/v2\/types\/product"}],"wp:attachment":[{"href":"https:\/\/roveyayinevi.com.tr\/index.php\/wp-json\/wp\/v2\/media?parent=770733"}],"wp:term":[{"taxonomy":"product_brand","embeddable":true,"href":"https:\/\/roveyayinevi.com.tr\/index.php\/wp-json\/wp\/v2\/product_brand?post=770733"},{"taxonomy":"product_cat","embeddable":true,"href":"https:\/\/roveyayinevi.com.tr\/index.php\/wp-json\/wp\/v2\/product_cat?post=770733"},{"taxonomy":"product_tag","embeddable":true,"href":"https:\/\/roveyayinevi.com.tr\/index.php\/wp-json\/wp\/v2\/product_tag?post=770733"}],"curies":[{"name":"wp","href":"https:\/\/api.w.org\/{rel}","templated":true}]}}