{"id":770731,"date":"2025-08-28T14:41:16","date_gmt":"2025-08-28T11:41:16","guid":{"rendered":"https:\/\/roveyayinevi.com.tr\/index.php\/urun\/1977-bugunun-bir-kisa-tarihi\/"},"modified":"2026-04-15T03:37:10","modified_gmt":"2026-04-15T00:37:10","slug":"1977-bugunun-bir-kisa-tarihi","status":"publish","type":"product","link":"https:\/\/roveyayinevi.com.tr\/index.php\/urun\/1977-bugunun-bir-kisa-tarihi\/","title":{"rendered":"1977 Bug\u00fcn\u00fcn Bir K\u0131sa Tarihi"},"content":{"rendered":"<p>Marksist filozof Ernst Bloch, siyah kad\u0131n insan haklar\u0131 savunucusu Fannie Lou Hammer, \u201ccinsellik devrimcisi\u201d Ana\u00efs Nin, ger\u00e7ek\u00fcst\u00fcc\u00fc \u015fair Jacques Pr\u00e9vert, neoliberal iktisad\u0131n \u00f6nc\u00fc uygulay\u0131c\u0131lar\u0131ndan Ludwig Erhard. Be\u015fi de 1977 y\u0131l\u0131nda hayat\u0131n\u0131 kaybeden bu \u015fahsiyetlerin d\u00fc\u015f\u00fcnce d\u00fcnyalar\u0131ndan ilhamla Philipp Sarasin, \u201chakikatin kurallar\u0131n\u0131n\u201d de\u011fi\u015fti\u011fi bir b\u00fcy\u00fck d\u00f6n\u00fc\u015f\u00fcm\u00fc inceliyor. K\u0131z\u0131l Ordu Fraksiyonu\u2019ndan feminizmin ilk kavgalar\u0131na, disko ve rap m\u00fczi\u011finin y\u00fckseli\u015finden yeni ruhan\u00ee tarikatlara, insan haklar\u0131 kavram\u0131n\u0131n d\u00f6n\u00fc\u015f\u00fcm\u00fcnden jogging delili\u011fine, hayat\u0131n her alan\u0131ndan hik\u00e2yelerle, 2000\u2019lerin d\u00fcnyas\u0131n\u0131n 1970\u2019lerdeki milad\u0131 Bir \u00e7a\u011f d\u00f6n\u00fcm\u00fc analizi\u2026 \u201cKitab\u0131 bir tarih\u00e7i olarak yazd\u0131m, zaman\u0131n tan\u0131\u011f\u0131 olarak de\u011fil. Bu, bu kitapta dile getirilen de\u011fi\u015fimlerin baz\u0131lar\u0131ndan sonras\u0131nda etkilenmedi\u011fim anlam\u0131na gelmiyor; devrimci umutlar\u0131n a\u015f\u0131nmas\u0131ndan, feminist ele\u015ftiriden, ruhani aray\u0131\u015ftan, ilk ki\u015fisel bilgisayardan, Foucault\u2019dan ve modernli\u011fin entelekt\u00fcel ele\u015ftirisinden, postmodern mimariden&#8230; B\u00fct\u00fcn bunlar ve ba\u015fka birtak\u0131m \u015feyler, beni yazarken h\u00e2l\u00e2 \u015fa\u015fk\u0131nl\u0131\u011fa sevk edecek \u015fekilde, sadece 1977 y\u0131l\u0131nda kavranabilir halde de\u011fildiler (\u2026), ayn\u0131 zamanda hayret verici bir e\u015fzamanl\u0131l\u0131kla vuku buluyorlard\u0131.\u201d PHILIPP SARASIN<\/p>\n","protected":false},"excerpt":{"rendered":"<p>Marksist filozof Ernst Bloch, siyah kad\u0131n insan haklar\u0131 savunucusu Fannie Lou Hammer, \u201ccinsellik devrimcisi\u201d Ana\u00efs Nin, ger\u00e7ek\u00fcst\u00fcc\u00fc \u015fair Jacques Pr\u00e9vert, neoliberal iktisad\u0131n \u00f6nc\u00fc uygulay\u0131c\u0131lar\u0131ndan Ludwig Erhard.<span class=\"excerpt-hellip\"> [\u2026]<\/span><\/p>\n","protected":false},"featured_media":0,"template":"","meta":{"_monsterinsights_skip_tracking":false,"_monsterinsights_sitenote_active":false,"_monsterinsights_sitenote_note":"","_monsterinsights_sitenote_category":0},"product_brand":[],"product_cat":[12370,12304],"product_tag":[],"class_list":{"0":"post-770731","1":"product","2":"type-product","3":"status-publish","5":"product_cat-arastirma-inceleme","6":"product_cat-tarih","7":"pa_cilt-ciltsiz","8":"pa_tur-kitap","9":"pa_yayinevi-iletisim-yayinlari","10":"pa_yazar-philipp-sarasin","12":"first","13":"instock","14":"sale","15":"shipping-taxable","16":"purchasable","17":"product-type-simple"},"_links":{"self":[{"href":"https:\/\/roveyayinevi.com.tr\/index.php\/wp-json\/wp\/v2\/product\/770731","targetHints":{"allow":["GET"]}}],"collection":[{"href":"https:\/\/roveyayinevi.com.tr\/index.php\/wp-json\/wp\/v2\/product"}],"about":[{"href":"https:\/\/roveyayinevi.com.tr\/index.php\/wp-json\/wp\/v2\/types\/product"}],"wp:attachment":[{"href":"https:\/\/roveyayinevi.com.tr\/index.php\/wp-json\/wp\/v2\/media?parent=770731"}],"wp:term":[{"taxonomy":"product_brand","embeddable":true,"href":"https:\/\/roveyayinevi.com.tr\/index.php\/wp-json\/wp\/v2\/product_brand?post=770731"},{"taxonomy":"product_cat","embeddable":true,"href":"https:\/\/roveyayinevi.com.tr\/index.php\/wp-json\/wp\/v2\/product_cat?post=770731"},{"taxonomy":"product_tag","embeddable":true,"href":"https:\/\/roveyayinevi.com.tr\/index.php\/wp-json\/wp\/v2\/product_tag?post=770731"}],"curies":[{"name":"wp","href":"https:\/\/api.w.org\/{rel}","templated":true}]}}