{"id":770726,"date":"2025-08-28T14:41:04","date_gmt":"2025-08-28T11:41:04","guid":{"rendered":"https:\/\/roveyayinevi.com.tr\/index.php\/urun\/carikli\/"},"modified":"2026-04-15T03:37:09","modified_gmt":"2026-04-15T00:37:09","slug":"carikli","status":"publish","type":"product","link":"https:\/\/roveyayinevi.com.tr\/index.php\/urun\/carikli\/","title":{"rendered":"\u00c7ar\u0131kl\u0131"},"content":{"rendered":"<p>Sizi biraz uzaklara g\u00f6t\u00fcrmek istiyorum. Gen\u00e7ler i\u00e7in masal gibi, ya\u015fl\u0131lar i\u00e7in birer an\u0131, birer hat\u0131ra gibi. Ge\u00e7mi\u015f zaman i\u00e7inde ya\u015fanm\u0131\u015f, i\u00e7inde bir hayat hik\u00e2yesi ile birlikte dalgalanan bir d\u00fcnyan\u0131n g\u00fcn\u00fcm\u00fcze uzanan de\u011fi\u015fim r\u00fczg\u00e2rlar\u0131yla savrulup gelen bir ak\u0131m\u0131 izlemek \u00fczere bazen \u00fcz\u00fcnt\u00fc, bazen sevin\u00e7 le kar\u015f\u0131layaca\u011f\u0131n\u0131z duygu d\u00fcnyas\u0131na g\u00f6t\u00fcrmek istiyorum. Bu d\u00fcnyada kendinizden bir \u015feyler bulaca\u011f\u0131n\u0131z\u0131, ak\u0131p giden hayat yolunun duraklar\u0131nda d\u00fc\u015f\u00fcnece\u011finiz bir kervan\u0131 izlemeye g\u00f6t\u00fcrmek istiyorum. Beraber gidece\u011fimiz bu yolun sonunda \u00e7aresizliklerin nas\u0131l \u00e7areye d\u00f6n\u00fc\u015f\u00fcp model oldu\u011funu g\u00f6r\u00fcp ta\u015f\u0131n alt\u0131na elimizi koyabildi\u011fimiz s\u00fcrece her \u015feyin daha g\u00fczel daha da iyi olabilece\u011fi bir d\u00fcnya anlay\u0131\u015f\u0131na sahip olabildi\u011fimiz bir anlay\u0131\u015f\u0131n hakim k\u0131l\u0131nmas\u0131 dileklerimle. Sayg\u0131lar\u0131mla.<\/p>\n","protected":false},"excerpt":{"rendered":"<p>Sizi biraz uzaklara g\u00f6t\u00fcrmek istiyorum. Gen\u00e7ler i\u00e7in masal gibi, ya\u015fl\u0131lar i\u00e7in birer an\u0131, birer hat\u0131ra gibi. Ge\u00e7mi\u015f zaman i\u00e7inde ya\u015fanm\u0131\u015f, i\u00e7inde bir hayat hik\u00e2yesi ile birlikte<span class=\"excerpt-hellip\"> [\u2026]<\/span><\/p>\n","protected":false},"featured_media":0,"template":"","meta":{"_monsterinsights_skip_tracking":false,"_monsterinsights_sitenote_active":false,"_monsterinsights_sitenote_note":"","_monsterinsights_sitenote_category":0},"product_brand":[],"product_cat":[12291,18202],"product_tag":[],"class_list":{"0":"post-770726","1":"product","2":"type-product","3":"status-publish","5":"product_cat-edebiyat","6":"product_cat-hikaye","7":"pa_cilt-ciltsiz","8":"pa_tur-kitap","9":"pa_yayinevi-vaveyla-yayincilik","10":"pa_yazar-omer-celik","12":"first","13":"instock","14":"sale","15":"shipping-taxable","16":"purchasable","17":"product-type-simple"},"_links":{"self":[{"href":"https:\/\/roveyayinevi.com.tr\/index.php\/wp-json\/wp\/v2\/product\/770726","targetHints":{"allow":["GET"]}}],"collection":[{"href":"https:\/\/roveyayinevi.com.tr\/index.php\/wp-json\/wp\/v2\/product"}],"about":[{"href":"https:\/\/roveyayinevi.com.tr\/index.php\/wp-json\/wp\/v2\/types\/product"}],"wp:attachment":[{"href":"https:\/\/roveyayinevi.com.tr\/index.php\/wp-json\/wp\/v2\/media?parent=770726"}],"wp:term":[{"taxonomy":"product_brand","embeddable":true,"href":"https:\/\/roveyayinevi.com.tr\/index.php\/wp-json\/wp\/v2\/product_brand?post=770726"},{"taxonomy":"product_cat","embeddable":true,"href":"https:\/\/roveyayinevi.com.tr\/index.php\/wp-json\/wp\/v2\/product_cat?post=770726"},{"taxonomy":"product_tag","embeddable":true,"href":"https:\/\/roveyayinevi.com.tr\/index.php\/wp-json\/wp\/v2\/product_tag?post=770726"}],"curies":[{"name":"wp","href":"https:\/\/api.w.org\/{rel}","templated":true}]}}