{"id":770725,"date":"2025-08-28T14:41:02","date_gmt":"2025-08-28T11:41:02","guid":{"rendered":"https:\/\/roveyayinevi.com.tr\/index.php\/urun\/kalbin-dili\/"},"modified":"2026-04-15T03:37:09","modified_gmt":"2026-04-15T00:37:09","slug":"kalbin-dili","status":"publish","type":"product","link":"https:\/\/roveyayinevi.com.tr\/index.php\/urun\/kalbin-dili\/","title":{"rendered":"Kalbin Dili"},"content":{"rendered":"<p>\u00c7al\u0131\u015f\u0131yor \u0130nsan\u2026 Ebedi olmayan, ge\u00e7ici D\u00fcnya i\u00e7in. K\u0131ymet bilmiyor, \u0130nsan\u2026 Sevmeyi \u00f6\u011frenemedi\u011fi i\u00e7in. Zulme sessiz kal\u0131yor, \u0130nsan\u2026 Kalbinde merhamet kalmad\u0131\u011f\u0131 i\u00e7in. Her yan\u0131 Cennet kokan, \u00dclkemde\u2026 Bir tebess\u00fcm\u00fc\u2026 Eksik \u0130NSAN. <\/p>\n","protected":false},"excerpt":{"rendered":"<p>\u00c7al\u0131\u015f\u0131yor \u0130nsan\u2026 Ebedi olmayan, ge\u00e7ici D\u00fcnya i\u00e7in. K\u0131ymet bilmiyor, \u0130nsan\u2026 Sevmeyi \u00f6\u011frenemedi\u011fi i\u00e7in. Zulme sessiz kal\u0131yor, \u0130nsan\u2026 Kalbinde merhamet kalmad\u0131\u011f\u0131 i\u00e7in. Her yan\u0131 Cennet kokan, \u00dclkemde\u2026<span class=\"excerpt-hellip\"> [\u2026]<\/span><\/p>\n","protected":false},"featured_media":0,"template":"","meta":{"_monsterinsights_skip_tracking":false,"_monsterinsights_sitenote_active":false,"_monsterinsights_sitenote_note":"","_monsterinsights_sitenote_category":0},"product_brand":[],"product_cat":[12291,12509],"product_tag":[],"class_list":{"0":"post-770725","1":"product","2":"type-product","3":"status-publish","5":"product_cat-edebiyat","6":"product_cat-siir","7":"pa_cilt-ciltsiz","8":"pa_tur-kitap","9":"pa_yayinevi-vaveyla-yayincilik","10":"pa_yazar-bayram-gozler","12":"first","13":"instock","14":"sale","15":"shipping-taxable","16":"purchasable","17":"product-type-simple"},"_links":{"self":[{"href":"https:\/\/roveyayinevi.com.tr\/index.php\/wp-json\/wp\/v2\/product\/770725","targetHints":{"allow":["GET"]}}],"collection":[{"href":"https:\/\/roveyayinevi.com.tr\/index.php\/wp-json\/wp\/v2\/product"}],"about":[{"href":"https:\/\/roveyayinevi.com.tr\/index.php\/wp-json\/wp\/v2\/types\/product"}],"wp:attachment":[{"href":"https:\/\/roveyayinevi.com.tr\/index.php\/wp-json\/wp\/v2\/media?parent=770725"}],"wp:term":[{"taxonomy":"product_brand","embeddable":true,"href":"https:\/\/roveyayinevi.com.tr\/index.php\/wp-json\/wp\/v2\/product_brand?post=770725"},{"taxonomy":"product_cat","embeddable":true,"href":"https:\/\/roveyayinevi.com.tr\/index.php\/wp-json\/wp\/v2\/product_cat?post=770725"},{"taxonomy":"product_tag","embeddable":true,"href":"https:\/\/roveyayinevi.com.tr\/index.php\/wp-json\/wp\/v2\/product_tag?post=770725"}],"curies":[{"name":"wp","href":"https:\/\/api.w.org\/{rel}","templated":true}]}}